{"id":511,"date":"2018-03-26T15:38:28","date_gmt":"2018-03-26T18:38:28","guid":{"rendered":"http:\/\/www.nldiagnostica.com.br\/n\/?page_id=511"},"modified":"2019-07-16T15:12:32","modified_gmt":"2019-07-16T18:12:32","slug":"illumigene-sistema-automatizado-de-diagnostico-molecular","status":"publish","type":"page","link":"https:\/\/www.nldiagnostica.com.br\/n\/illumigene-sistema-automatizado-de-diagnostico-molecular\/","title":{"rendered":"illumigene"},"content":{"rendered":"<p>[vc_row css_animation=&#8221;&#8221; row_type=&#8221;row&#8221; use_row_as_full_screen_section=&#8221;no&#8221; type=&#8221;grid&#8221; angled_section=&#8221;no&#8221; text_align=&#8221;left&#8221; background_image_as_pattern=&#8221;without_pattern&#8221; css=&#8221;.vc_custom_1521830765720{padding-top: 100px !important;}&#8221; z_index=&#8221;&#8221;][vc_column][qode_elements_holder number_of_columns=&#8221;two_columns&#8221; switch_to_one_column=&#8221;1000&#8243;][qode_elements_holder_item item_padding=&#8221;4% 4% 0 0&#8243; vertical_alignment=&#8221;top&#8221; advanced_animations=&#8221;no&#8221; item_padding_1024_1280=&#8221;7.5% 0 0 0&#8243; item_padding_768_1024=&#8221;0 3% 0 0&#8243; item_padding_600_768=&#8221;0 0 0 0&#8243; item_padding_480_600=&#8221;0 0 0 0&#8243; item_padding_480=&#8221;0 0 0 0&#8243;][vc_column_text]<\/p>\n<h2><em><strong>illumi<\/strong>gene<\/em> &#8211; Sistema Automatizado<br \/>\nde Diagn\u00f3stico Molecular<\/h2>\n<p>[\/vc_column_text][vc_separator type=&#8221;transparent&#8221; thickness=&#8221;0&#8243; up=&#8221;32&#8243; down=&#8221;0&#8243;][vc_column_text]O Sistema Automatizado de Diagn\u00f3stico Molecular<em>\u00a0<\/em><strong><em>illumi<\/em><\/strong><em>gene<\/em><em><sup>\u00ae<\/sup><\/em>\u00a0da marca Meridian Bioscience, oferece o poder da tecnologia molecular em um formato simples e acess\u00edvel.<\/p>\n<p>&nbsp;<\/p>\n<p>O equipamento\u00a0<strong><em>illumi<\/em><\/strong><em>pro-10<\/em>\u00a0emprega a tecnologia de\u00a0<strong>Amplifica\u00e7\u00e3o Isot\u00e9rmica mediada por Al\u00e7a (LAMP \u2013 Loop-Mediated Isothermal Amplification)<\/strong>, um sistema exclusivo, compacto e autom\u00e1tico de detec\u00e7\u00e3o, com um menu de ensaios moleculares executados de uma forma simplificada.[\/vc_column_text][vc_separator type=&#8221;transparent&#8221; thickness=&#8221;0&#8243; up=&#8221;61&#8243; down=&#8221;0&#8243;][\/qode_elements_holder_item][qode_elements_holder_item item_padding=&#8221;0 0 0 12%&#8221; vertical_alignment=&#8221;middle&#8221; advanced_animations=&#8221;no&#8221; item_padding_1024_1280=&#8221;0 0 0 9%&#8221; item_padding_768_1024=&#8221;0 0 0 0&#8243; item_padding_600_768=&#8221;0 0 0 0&#8243; item_padding_480_600=&#8221;0 0 0 0&#8243; item_padding_480=&#8221;0 0 0 0&#8243;][vc_single_image image=&#8221;512&#8243; img_size=&#8221;full&#8221; qode_css_animation=&#8221;&#8221;][vc_separator type=&#8221;transparent&#8221; thickness=&#8221;0&#8243; up=&#8221;61&#8243; down=&#8221;0&#8243;][\/qode_elements_holder_item][\/qode_elements_holder][\/vc_column][\/vc_row][vc_row css_animation=&#8221;&#8221; row_type=&#8221;row&#8221; use_row_as_full_screen_section=&#8221;no&#8221; type=&#8221;grid&#8221; angled_section=&#8221;no&#8221; text_align=&#8221;left&#8221; background_image_as_pattern=&#8221;without_pattern&#8221; css=&#8221;.vc_custom_1456240178362{padding-top: 62px !important;background-color: #f5f5f5 !important;}&#8221;][vc_column][qode_elements_holder number_of_columns=&#8221;two_columns&#8221; switch_to_one_column=&#8221;1000&#8243;][qode_elements_holder_item item_padding=&#8221;0% 11% 0 0%&#8221; vertical_alignment=&#8221;middle&#8221; advanced_animations=&#8221;no&#8221; item_padding_1024_1280=&#8221;0% 11% 0 0%&#8221; item_padding_768_1024=&#8221;0 0 0 0&#8243; item_padding_600_768=&#8221;0 0 0 0&#8243; item_padding_480_600=&#8221;0 0 0 0&#8243; item_padding_480=&#8221;0 0 0 0&#8243;][vc_single_image image=&#8221;516&#8243; img_size=&#8221;full&#8221; qode_css_animation=&#8221;&#8221;][vc_separator type=&#8221;transparent&#8221; thickness=&#8221;0&#8243; up=&#8221;61&#8243; down=&#8221;0&#8243;][\/qode_elements_holder_item][qode_elements_holder_item item_padding=&#8221;4% 4% 0 0&#8243; vertical_alignment=&#8221;top&#8221; advanced_animations=&#8221;no&#8221; item_padding_1024_1280=&#8221;6.5% 0 0 0&#8243; item_padding_768_1024=&#8221;0 0 0 3%&#8221; item_padding_600_768=&#8221;0 0 0 0&#8243; item_padding_480_600=&#8221;0 0 0 0&#8243; item_padding_480=&#8221;0 0 0 0&#8243;][vc_column_text]<\/p>\n<h2>Simples, Flex\u00edvel e Econ\u00f4mico!<\/h2>\n<p>[\/vc_column_text][vc_separator type=&#8221;transparent&#8221; thickness=&#8221;0&#8243; up=&#8221;32&#8243; down=&#8221;0&#8243;][vc_column_text]\u2022\u00a0Resultados r\u00e1pidos e precisos;<br \/>\n\u2022 Tecnologia acess\u00edvel para todas as demandas laboratoriais;<br \/>\n\u2022 Preparo da amostra simples e r\u00e1pido;<br \/>\n\u2022 Executa at\u00e9 10 amostras de uma vez;<br \/>\n\u2022 N\u00e3o necessita de equipamentos auxiliares (termociclador);<br \/>\n\u2022 Kits com todos os insumos necess\u00e1rios para a realiza\u00e7\u00e3o dos testes.[\/vc_column_text][vc_separator type=&#8221;transparent&#8221; thickness=&#8221;0&#8243; up=&#8221;32&#8243; down=&#8221;0&#8243;][\/qode_elements_holder_item][\/qode_elements_holder][\/vc_column][\/vc_row][vc_row css_animation=&#8221;&#8221; row_type=&#8221;row&#8221; use_row_as_full_screen_section=&#8221;no&#8221; type=&#8221;grid&#8221; angled_section=&#8221;no&#8221; text_align=&#8221;left&#8221; background_image_as_pattern=&#8221;without_pattern&#8221; css=&#8221;.vc_custom_1521831097154{padding-top: 52px !important;padding-bottom: 70px !important;}&#8221; z_index=&#8221;&#8221;][vc_column][qode_elements_holder number_of_columns=&#8221;two_columns&#8221; switch_to_one_column=&#8221;1000&#8243;][qode_elements_holder_item item_padding=&#8221;4% 4% 0 0&#8243; vertical_alignment=&#8221;top&#8221; advanced_animations=&#8221;no&#8221; item_padding_1024_1280=&#8221;7.5% 0 0 0&#8243; item_padding_768_1024=&#8221;0 3% 0 0&#8243; item_padding_600_768=&#8221;0 0 0 0&#8243; item_padding_480_600=&#8221;0 0 0 0&#8243; item_padding_480=&#8221;0 0 0 0&#8243;][vc_separator type=&#8221;transparent&#8221; thickness=&#8221;0&#8243; up=&#8221;32&#8243; down=&#8221;0&#8243;][vc_column_text]<\/p>\n<h2>A Evolu\u00e7\u00e3o<br \/>\nInteligente no<br \/>\nDiagn\u00f3stico Molecular<\/h2>\n<p>[\/vc_column_text][vc_separator type=&#8221;transparent&#8221; thickness=&#8221;0&#8243; up=&#8221;32&#8243; down=&#8221;0&#8243;][\/qode_elements_holder_item][qode_elements_holder_item item_padding=&#8221;0 0 0 12%&#8221; vertical_alignment=&#8221;top&#8221; advanced_animations=&#8221;no&#8221; item_padding_1024_1280=&#8221;0 0 0 9%&#8221; item_padding_768_1024=&#8221;0 0 0 0&#8243; item_padding_600_768=&#8221;0 0 0 0&#8243; item_padding_480_600=&#8221;0 0 0 0&#8243; item_padding_480=&#8221;0 0 0 0&#8243;][vc_separator type=&#8221;transparent&#8221; thickness=&#8221;0&#8243; up=&#8221;32&#8243; down=&#8221;0&#8243;][vc_video link=&#8221;https:\/\/youtu.be\/Yn1VT7tg-DI&#8221;][vc_separator type=&#8221;transparent&#8221; thickness=&#8221;0&#8243; up=&#8221;32&#8243; down=&#8221;0&#8243;][\/qode_elements_holder_item][\/qode_elements_holder][\/vc_column][\/vc_row][vc_row css_animation=&#8221;&#8221; row_type=&#8221;row&#8221; use_row_as_full_screen_section=&#8221;no&#8221; type=&#8221;grid&#8221; angled_section=&#8221;no&#8221; text_align=&#8221;left&#8221; background_image_as_pattern=&#8221;without_pattern&#8221; css=&#8221;.vc_custom_1521832907166{padding-top: 62px !important;padding-bottom: 30px !important;background-color: #f5f5f5 !important;}&#8221; z_index=&#8221;&#8221;][vc_column][qode_elements_holder number_of_columns=&#8221;two_columns&#8221; switch_to_one_column=&#8221;1000&#8243;][qode_elements_holder_item item_padding=&#8221;0% 11% 0 0%&#8221; vertical_alignment=&#8221;middle&#8221; advanced_animations=&#8221;no&#8221; item_padding_1024_1280=&#8221;0% 11% 0 0%&#8221; item_padding_768_1024=&#8221;0 0 0 0&#8243; item_padding_600_768=&#8221;0 0 0 0&#8243; item_padding_480_600=&#8221;0 0 0 0&#8243; item_padding_480=&#8221;0 0 0 0&#8243;][vc_column_text]<\/p>\n<h2><strong>Kits <em>Illumi<\/em><\/strong><em>gene<\/em><\/h2>\n<p>[\/vc_column_text][vc_separator type=&#8221;transparent&#8221; thickness=&#8221;0&#8243; up=&#8221;32&#8243; down=&#8221;0&#8243;][vc_column_text]<em><strong>illumi<\/strong>gene<strong><sup>\u00ae<\/sup><\/strong><\/em> C. difficile\u00a0|\u00a0<strong>C\u00d3D.<\/strong>\u00a0280050<br \/>\n<em><strong>illumi<\/strong>gene<strong><sup>\u00ae<\/sup><\/strong><\/em> C. difficile &#8211; Control Kit |\u00a0<strong>C\u00d3D.<\/strong>\u00a0279920<br \/>\n<em><strong>illumi<\/strong>gene<strong><sup>\u00ae<\/sup><\/strong><\/em> Group A Streptococcus\u00a0|\u00a0<strong>C\u00d3D.<\/strong>\u00a0280150<br \/>\n<em><strong>illumi<\/strong>gene<strong><sup>\u00ae<\/sup><\/strong><\/em> Group A Streptococcus &#8211; Control Kit\u00a0|\u00a0<strong>C\u00d3D.<\/strong>\u00a0279910<br \/>\n<em><strong>illumi<\/strong>gene<strong><sup>\u00ae<\/sup><\/strong><\/em> Group B Streptococcus\u00a0|\u00a0<strong>C\u00d3D.<\/strong>\u00a0280350<br \/>\n<em><strong>illumi<\/strong>gene<strong><sup>\u00ae<\/sup><\/strong><\/em> Group B Streptococcus &#8211; Control Kit\u00a0|\u00a0<strong>C\u00d3D.<\/strong>\u00a0279900<br \/>\n<em><strong>illumi<\/strong>gene<strong><sup>\u00ae<\/sup><\/strong><\/em> HSV 1&amp;2\u00a0|\u00a0<strong>C\u00d3D.<\/strong>\u00a0280650<br \/>\n<em><strong>illumi<\/strong>gene<strong><sup>\u00ae<\/sup><\/strong><\/em> HSV 1&amp;2\u00a0&#8211; Control Kit\u00a0|\u00a0<strong>C\u00d3D.<\/strong>\u00a0279960<br \/>\n<em><strong>illumi<\/strong>gene<strong><sup>\u00ae<\/sup><\/strong><\/em> Mycoplasma\u00a0|\u00a0<strong>C\u00d3D.<\/strong>\u00a0280550<br \/>\n<em><strong>illumi<\/strong>gene<strong><sup>\u00ae<\/sup><\/strong><\/em> Mycoplasma\u00a0&#8211; Control Kit\u00a0|\u00a0<strong>C\u00d3D.<\/strong>\u00a0279890<br \/>\n<em><strong>illumi<\/strong>gene<strong><sup>\u00ae<\/sup><\/strong><\/em> Mycoplasma Direct\u00a0|\u00a0<strong>C\u00d3D.<\/strong>\u00a0280250<br \/>\n<em><strong>illumi<\/strong>gene<strong><sup>\u00ae<\/sup><\/strong><\/em> Mycoplasma Direct\u00a0&#8211; Control Kit\u00a0|\u00a0<strong>C\u00d3D.<\/strong>\u00a0279940<br \/>\n<em><strong>illumi<\/strong>gene<strong><sup>\u00ae<\/sup><\/strong><\/em> Pertussis\u00a0|\u00a0<strong>C\u00d3D.<\/strong>\u00a0280750<br \/>\n<em><strong>illumi<\/strong>gene<strong><sup>\u00ae<\/sup><\/strong><\/em> Pertussis &#8211; Control Kit\u00a0|\u00a0<strong>C\u00d3D.<\/strong>\u00a0279930[\/vc_column_text][vc_separator type=&#8221;transparent&#8221; thickness=&#8221;0&#8243; up=&#8221;32&#8243; down=&#8221;0&#8243;][\/qode_elements_holder_item][qode_elements_holder_item item_padding=&#8221;4% 4% 0 0&#8243; vertical_alignment=&#8221;middle&#8221; advanced_animations=&#8221;no&#8221; item_padding_1024_1280=&#8221;6.5% 0 0 0&#8243; item_padding_768_1024=&#8221;0 0 0 3%&#8221; item_padding_600_768=&#8221;0 0 0 0&#8243; item_padding_480_600=&#8221;0 0 0 0&#8243; item_padding_480=&#8221;0 0 0 0&#8243;][vc_single_image image=&#8221;1082&#8243; img_size=&#8221;full&#8221; alignment=&#8221;center&#8221; qode_css_animation=&#8221;&#8221;][vc_separator type=&#8221;transparent&#8221; thickness=&#8221;0&#8243; up=&#8221;32&#8243; down=&#8221;0&#8243;][vc_column_text][\/vc_column_text][vc_separator type=&#8221;transparent&#8221; thickness=&#8221;0&#8243; up=&#8221;32&#8243; down=&#8221;0&#8243;][\/qode_elements_holder_item][\/qode_elements_holder][\/vc_column][\/vc_row][vc_row css_animation=&#8221;&#8221; row_type=&#8221;row&#8221; use_row_as_full_screen_section=&#8221;no&#8221; type=&#8221;grid&#8221; angled_section=&#8221;no&#8221; text_align=&#8221;left&#8221; background_image_as_pattern=&#8221;without_pattern&#8221; css=&#8221;.vc_custom_1563299606730{padding-top: 51px !important;padding-bottom: 51px !important;}&#8221; z_index=&#8221;&#8221;][vc_column]<div class=\"call_to_action normal\" style=\"background-color: #ffffff;\"><div class=\"container_inner\"><div class=\"two_columns_75_25 clearfix\"><div class=\"text_wrapper column1\"><div class=\"call_to_action_text \" style=\"\">\n<h2>Gostaria de maiores\u00a0<strong>informa\u00e7\u00f5es<\/strong><\/h2>\n<\/div><\/div><div class=\"button_wrapper column2\"><a itemprop=\"url\" href=\"https:\/\/api.whatsapp.com\/send?phone=5511942036150\" class=\"qbutton white large\" target=\"_blank\" style=\"color: #ffffff;background-color: #7bce40;\"data-hover-background-color=#56a800 >Falar com Representante<\/a><\/div><\/div><\/div><\/div>[\/vc_column][\/vc_row][vc_row css_animation=&#8221;&#8221; row_type=&#8221;row&#8221; use_row_as_full_screen_section=&#8221;no&#8221; type=&#8221;grid&#8221; angled_section=&#8221;no&#8221; text_align=&#8221;left&#8221; background_image_as_pattern=&#8221;without_pattern&#8221; css=&#8221;.vc_custom_1520555987211{padding-top: 51px !important;padding-bottom: 51px !important;background-color: #939598 !important;}&#8221; z_index=&#8221;&#8221;][vc_column]<div class='qode_carousels_holder clearfix'><div class='qode_carousels' data-number-of-visible-items=''><ul class='slides'><li class='item'><div class=\"carousel_item_holder\"><a itemprop='url' href='#' target='_self'><span class='first_image_holder has_hover_image'><img itemprop=\"image\" src=\"http:\/\/www.nldiagnostica.com.br\/n\/wp-content\/uploads\/2018\/02\/Helena_1claro.png\" alt=\"carousel image\" \/><\/span><span class='second_image_holder has_hover_image'><img itemprop=\"image\" src=\"http:\/\/www.nldiagnostica.com.br\/n\/wp-content\/uploads\/2018\/02\/Helena_1normal.png\" alt=\"carousel image\" \/><\/span><\/a><\/div><\/li><li class='item'><div class=\"carousel_item_holder\"><a itemprop='url' href='#' target='_self'><span class='first_image_holder has_hover_image'><img itemprop=\"image\" src=\"http:\/\/www.nldiagnostica.com.br\/n\/wp-content\/uploads\/2018\/02\/Helena_2claro.png\" alt=\"carousel image\" \/><\/span><span class='second_image_holder has_hover_image'><img itemprop=\"image\" src=\"http:\/\/www.nldiagnostica.com.br\/n\/wp-content\/uploads\/2018\/02\/Helena_2normal.png\" alt=\"carousel image\" \/><\/span><\/a><\/div><\/li><li class='item'><div class=\"carousel_item_holder\"><a itemprop='url' href='#' target='_self'><span class='first_image_holder has_hover_image'><img itemprop=\"image\" src=\"http:\/\/www.nldiagnostica.com.br\/n\/wp-content\/uploads\/2018\/02\/Meridian_3claro.png\" alt=\"carousel image\" \/><\/span><span class='second_image_holder has_hover_image'><img itemprop=\"image\" src=\"http:\/\/www.nldiagnostica.com.br\/n\/wp-content\/uploads\/2018\/02\/Meridian_3normal.png\" alt=\"carousel image\" \/><\/span><\/a><\/div><\/li><li class='item'><div class=\"carousel_item_holder\"><a itemprop='url' href='#' target='_self'><span class='first_image_holder has_hover_image'><img itemprop=\"image\" src=\"http:\/\/www.nldiagnostica.com.br\/n\/wp-content\/uploads\/2018\/02\/Corgenix_4claro.png\" alt=\"carousel image\" \/><\/span><span class='second_image_holder has_hover_image'><img itemprop=\"image\" src=\"http:\/\/www.nldiagnostica.com.br\/n\/wp-content\/uploads\/2018\/02\/Corgenix_4normal.png\" alt=\"carousel image\" \/><\/span><\/a><\/div><\/li><li class='item'><div class=\"carousel_item_holder\"><a itemprop='url' href='#' target='_self'><span class='first_image_holder has_hover_image'><img itemprop=\"image\" src=\"http:\/\/www.nldiagnostica.com.br\/n\/wp-content\/uploads\/2018\/02\/Coproplus_5claro.png\" alt=\"carousel image\" \/><\/span><span class='second_image_holder has_hover_image'><img itemprop=\"image\" src=\"http:\/\/www.nldiagnostica.com.br\/n\/wp-content\/uploads\/2018\/02\/Coproplus_5normal.png\" alt=\"carousel image\" \/><\/span><\/a><\/div><\/li><li class='item'><div class=\"carousel_item_holder\"><a itemprop='url' href='#' target='_self'><span class='first_image_holder has_hover_image'><img itemprop=\"image\" src=\"http:\/\/www.nldiagnostica.com.br\/n\/wp-content\/uploads\/2020\/04\/Cellex_1claro.png\" alt=\"carousel image\" \/><\/span><span class='second_image_holder has_hover_image'><img itemprop=\"image\" src=\"http:\/\/www.nldiagnostica.com.br\/n\/wp-content\/uploads\/2020\/04\/Cellex_1normal.png\" alt=\"carousel image\" \/><\/span><\/a><\/div><\/li><li class='item'><div class=\"carousel_item_holder\"><a itemprop='url' href='#' target='_self'><span class='first_image_holder has_hover_image'><img itemprop=\"image\" src=\"https:\/\/www.nldiagnostica.com.br\/n\/wp-content\/uploads\/2021\/03\/Genscript_bco_Claro.png\" alt=\"carousel image\" \/><\/span><span class='second_image_holder has_hover_image'><img itemprop=\"image\" src=\"https:\/\/www.nldiagnostica.com.br\/n\/wp-content\/uploads\/2021\/03\/Genscript_bco.png\" alt=\"carousel image\" \/><\/span><\/a><\/div><\/li><\/ul><\/div><\/div>[\/vc_column][\/vc_row]<\/p>\n","protected":false},"excerpt":{"rendered":"<p>[vc_row css_animation=&#8221;&#8221; row_type=&#8221;row&#8221; use_row_as_full_screen_section=&#8221;no&#8221; type=&#8221;grid&#8221; angled_section=&#8221;no&#8221; text_align=&#8221;left&#8221; background_image_as_pattern=&#8221;without_pattern&#8221; css=&#8221;.vc_custom_1521830765720{padding-top: 100px !important;}&#8221; z_index=&#8221;&#8221;][vc_column][qode_elements_holder number_of_columns=&#8221;two_columns&#8221; switch_to_one_column=&#8221;1000&#8243;][qode_elements_holder_item item_padding=&#8221;4% 4% 0 0&#8243; vertical_alignment=&#8221;top&#8221; advanced_animations=&#8221;no&#8221; item_padding_1024_1280=&#8221;7.5% 0 0 0&#8243; item_padding_768_1024=&#8221;0 3% 0 0&#8243; item_padding_600_768=&#8221;0 0 0 0&#8243; item_padding_480_600=&#8221;0 0 0 0&#8243; item_padding_480=&#8221;0 0 0 0&#8243;][vc_column_text] illumigene &#8211; Sistema Automatizado de&#8230;<\/p>\n","protected":false},"author":1,"featured_media":0,"parent":0,"menu_order":0,"comment_status":"closed","ping_status":"closed","template":"full_width.php","meta":[],"yoast_head":"<!-- This site is optimized with the Yoast SEO plugin v18.2 - https:\/\/yoast.com\/wordpress\/plugins\/seo\/ -->\n<meta name=\"description\" content=\"O Sistema Automatizado de Diagn\u00f3stico Molecular illumigene\u00ae da marca Meridian Bioscience, oferece o poder da tecnologia molecular em um formato simples e acess\u00edvel. O equipamento illumipro-10 emprega a tecnologia de Amplifica\u00e7\u00e3o Isot\u00e9rmica mediada por Al\u00e7a (LAMP \u2013 Loop-Mediated Isothermal Amplification), um sistema exclusivo, compacto e autom\u00e1tico de detec\u00e7\u00e3o, com um menu de ensaios moleculares executados de uma forma simplificada.\" \/>\n<meta name=\"robots\" content=\"index, follow, max-snippet:-1, max-image-preview:large, max-video-preview:-1\" \/>\n<link rel=\"canonical\" href=\"https:\/\/www.nldiagnostica.com.br\/n\/illumigene-sistema-automatizado-de-diagnostico-molecular\/\" \/>\n<meta property=\"og:locale\" content=\"pt_BR\" \/>\n<meta property=\"og:type\" content=\"article\" \/>\n<meta property=\"og:title\" content=\"illumigene - NL Diagn\u00f3stica\" \/>\n<meta property=\"og:description\" content=\"O Sistema Automatizado de Diagn\u00f3stico Molecular illumigene\u00ae da marca Meridian Bioscience, oferece o poder da tecnologia molecular em um formato simples e acess\u00edvel. O equipamento illumipro-10 emprega a tecnologia de Amplifica\u00e7\u00e3o Isot\u00e9rmica mediada por Al\u00e7a (LAMP \u2013 Loop-Mediated Isothermal Amplification), um sistema exclusivo, compacto e autom\u00e1tico de detec\u00e7\u00e3o, com um menu de ensaios moleculares executados de uma forma simplificada.\" \/>\n<meta property=\"og:url\" content=\"https:\/\/www.nldiagnostica.com.br\/n\/illumigene-sistema-automatizado-de-diagnostico-molecular\/\" \/>\n<meta property=\"og:site_name\" content=\"NL Diagn\u00f3stica\" \/>\n<meta property=\"article:publisher\" content=\"https:\/\/www.facebook.com\/NLdiagnostica\/\" \/>\n<meta property=\"article:modified_time\" content=\"2019-07-16T18:12:32+00:00\" \/>\n<meta name=\"twitter:card\" content=\"summary_large_image\" \/>\n<meta name=\"twitter:label1\" content=\"Est. tempo de leitura\" \/>\n\t<meta name=\"twitter:data1\" content=\"5 minutos\" \/>\n<script type=\"application\/ld+json\" class=\"yoast-schema-graph\">{\"@context\":\"https:\/\/schema.org\",\"@graph\":[{\"@type\":\"WebSite\",\"@id\":\"https:\/\/www.nldiagnostica.com.br\/n\/#website\",\"url\":\"https:\/\/www.nldiagnostica.com.br\/n\/\",\"name\":\"NL Diagn\u00f3stica\",\"description\":\"IVD Trusted Solutions Science 1985\",\"potentialAction\":[{\"@type\":\"SearchAction\",\"target\":{\"@type\":\"EntryPoint\",\"urlTemplate\":\"https:\/\/www.nldiagnostica.com.br\/n\/?s={search_term_string}\"},\"query-input\":\"required name=search_term_string\"}],\"inLanguage\":\"pt-BR\"},{\"@type\":\"WebPage\",\"@id\":\"https:\/\/www.nldiagnostica.com.br\/n\/illumigene-sistema-automatizado-de-diagnostico-molecular\/#webpage\",\"url\":\"https:\/\/www.nldiagnostica.com.br\/n\/illumigene-sistema-automatizado-de-diagnostico-molecular\/\",\"name\":\"illumigene - NL Diagn\u00f3stica\",\"isPartOf\":{\"@id\":\"https:\/\/www.nldiagnostica.com.br\/n\/#website\"},\"datePublished\":\"2018-03-26T18:38:28+00:00\",\"dateModified\":\"2019-07-16T18:12:32+00:00\",\"description\":\"O Sistema Automatizado de Diagn\u00f3stico Molecular illumigene\u00ae da marca Meridian Bioscience, oferece o poder da tecnologia molecular em um formato simples e acess\u00edvel. O equipamento illumipro-10 emprega a tecnologia de Amplifica\u00e7\u00e3o Isot\u00e9rmica mediada por Al\u00e7a (LAMP \u2013 Loop-Mediated Isothermal Amplification), um sistema exclusivo, compacto e autom\u00e1tico de detec\u00e7\u00e3o, com um menu de ensaios moleculares executados de uma forma simplificada.\",\"breadcrumb\":{\"@id\":\"https:\/\/www.nldiagnostica.com.br\/n\/illumigene-sistema-automatizado-de-diagnostico-molecular\/#breadcrumb\"},\"inLanguage\":\"pt-BR\",\"potentialAction\":[{\"@type\":\"ReadAction\",\"target\":[\"https:\/\/www.nldiagnostica.com.br\/n\/illumigene-sistema-automatizado-de-diagnostico-molecular\/\"]}]},{\"@type\":\"BreadcrumbList\",\"@id\":\"https:\/\/www.nldiagnostica.com.br\/n\/illumigene-sistema-automatizado-de-diagnostico-molecular\/#breadcrumb\",\"itemListElement\":[{\"@type\":\"ListItem\",\"position\":1,\"name\":\"In\u00edcio\",\"item\":\"https:\/\/www.nldiagnostica.com.br\/n\/\"},{\"@type\":\"ListItem\",\"position\":2,\"name\":\"illumigene\"}]}]}<\/script>\n<!-- \/ Yoast SEO plugin. -->","yoast_head_json":{"description":"O Sistema Automatizado de Diagn\u00f3stico Molecular illumigene\u00ae da marca Meridian Bioscience, oferece o poder da tecnologia molecular em um formato simples e acess\u00edvel. O equipamento illumipro-10 emprega a tecnologia de Amplifica\u00e7\u00e3o Isot\u00e9rmica mediada por Al\u00e7a (LAMP \u2013 Loop-Mediated Isothermal Amplification), um sistema exclusivo, compacto e autom\u00e1tico de detec\u00e7\u00e3o, com um menu de ensaios moleculares executados de uma forma simplificada.","robots":{"index":"index","follow":"follow","max-snippet":"max-snippet:-1","max-image-preview":"max-image-preview:large","max-video-preview":"max-video-preview:-1"},"canonical":"https:\/\/www.nldiagnostica.com.br\/n\/illumigene-sistema-automatizado-de-diagnostico-molecular\/","og_locale":"pt_BR","og_type":"article","og_title":"illumigene - NL Diagn\u00f3stica","og_description":"O Sistema Automatizado de Diagn\u00f3stico Molecular illumigene\u00ae da marca Meridian Bioscience, oferece o poder da tecnologia molecular em um formato simples e acess\u00edvel. O equipamento illumipro-10 emprega a tecnologia de Amplifica\u00e7\u00e3o Isot\u00e9rmica mediada por Al\u00e7a (LAMP \u2013 Loop-Mediated Isothermal Amplification), um sistema exclusivo, compacto e autom\u00e1tico de detec\u00e7\u00e3o, com um menu de ensaios moleculares executados de uma forma simplificada.","og_url":"https:\/\/www.nldiagnostica.com.br\/n\/illumigene-sistema-automatizado-de-diagnostico-molecular\/","og_site_name":"NL Diagn\u00f3stica","article_publisher":"https:\/\/www.facebook.com\/NLdiagnostica\/","article_modified_time":"2019-07-16T18:12:32+00:00","twitter_card":"summary_large_image","twitter_misc":{"Est. tempo de leitura":"5 minutos"},"schema":{"@context":"https:\/\/schema.org","@graph":[{"@type":"WebSite","@id":"https:\/\/www.nldiagnostica.com.br\/n\/#website","url":"https:\/\/www.nldiagnostica.com.br\/n\/","name":"NL Diagn\u00f3stica","description":"IVD Trusted Solutions Science 1985","potentialAction":[{"@type":"SearchAction","target":{"@type":"EntryPoint","urlTemplate":"https:\/\/www.nldiagnostica.com.br\/n\/?s={search_term_string}"},"query-input":"required name=search_term_string"}],"inLanguage":"pt-BR"},{"@type":"WebPage","@id":"https:\/\/www.nldiagnostica.com.br\/n\/illumigene-sistema-automatizado-de-diagnostico-molecular\/#webpage","url":"https:\/\/www.nldiagnostica.com.br\/n\/illumigene-sistema-automatizado-de-diagnostico-molecular\/","name":"illumigene - NL Diagn\u00f3stica","isPartOf":{"@id":"https:\/\/www.nldiagnostica.com.br\/n\/#website"},"datePublished":"2018-03-26T18:38:28+00:00","dateModified":"2019-07-16T18:12:32+00:00","description":"O Sistema Automatizado de Diagn\u00f3stico Molecular illumigene\u00ae da marca Meridian Bioscience, oferece o poder da tecnologia molecular em um formato simples e acess\u00edvel. O equipamento illumipro-10 emprega a tecnologia de Amplifica\u00e7\u00e3o Isot\u00e9rmica mediada por Al\u00e7a (LAMP \u2013 Loop-Mediated Isothermal Amplification), um sistema exclusivo, compacto e autom\u00e1tico de detec\u00e7\u00e3o, com um menu de ensaios moleculares executados de uma forma simplificada.","breadcrumb":{"@id":"https:\/\/www.nldiagnostica.com.br\/n\/illumigene-sistema-automatizado-de-diagnostico-molecular\/#breadcrumb"},"inLanguage":"pt-BR","potentialAction":[{"@type":"ReadAction","target":["https:\/\/www.nldiagnostica.com.br\/n\/illumigene-sistema-automatizado-de-diagnostico-molecular\/"]}]},{"@type":"BreadcrumbList","@id":"https:\/\/www.nldiagnostica.com.br\/n\/illumigene-sistema-automatizado-de-diagnostico-molecular\/#breadcrumb","itemListElement":[{"@type":"ListItem","position":1,"name":"In\u00edcio","item":"https:\/\/www.nldiagnostica.com.br\/n\/"},{"@type":"ListItem","position":2,"name":"illumigene"}]}]}},"_links":{"self":[{"href":"https:\/\/www.nldiagnostica.com.br\/n\/wp-json\/wp\/v2\/pages\/511"}],"collection":[{"href":"https:\/\/www.nldiagnostica.com.br\/n\/wp-json\/wp\/v2\/pages"}],"about":[{"href":"https:\/\/www.nldiagnostica.com.br\/n\/wp-json\/wp\/v2\/types\/page"}],"author":[{"embeddable":true,"href":"https:\/\/www.nldiagnostica.com.br\/n\/wp-json\/wp\/v2\/users\/1"}],"replies":[{"embeddable":true,"href":"https:\/\/www.nldiagnostica.com.br\/n\/wp-json\/wp\/v2\/comments?post=511"}],"version-history":[{"count":16,"href":"https:\/\/www.nldiagnostica.com.br\/n\/wp-json\/wp\/v2\/pages\/511\/revisions"}],"predecessor-version":[{"id":1086,"href":"https:\/\/www.nldiagnostica.com.br\/n\/wp-json\/wp\/v2\/pages\/511\/revisions\/1086"}],"wp:attachment":[{"href":"https:\/\/www.nldiagnostica.com.br\/n\/wp-json\/wp\/v2\/media?parent=511"}],"curies":[{"name":"wp","href":"https:\/\/api.w.org\/{rel}","templated":true}]}}