{"id":5,"date":"2016-02-17T14:13:53","date_gmt":"2016-02-17T14:13:53","guid":{"rendered":"http:\/\/bridge9.qodeinteractive.com\/?page_id=5"},"modified":"2023-06-21T17:48:30","modified_gmt":"2023-06-21T20:48:30","slug":"nl-diagnostica","status":"publish","type":"page","link":"https:\/\/www.nldiagnostica.com.br\/n\/","title":{"rendered":"Home"},"content":{"rendered":"<p>[vc_row css_animation=&#8221;&#8221; row_type=&#8221;row&#8221; use_row_as_full_screen_section=&#8221;no&#8221; type=&#8221;grid&#8221; angled_section=&#8221;no&#8221; text_align=&#8221;center&#8221; background_image_as_pattern=&#8221;without_pattern&#8221; css=&#8221;.vc_custom_1467646308963{padding-top: 95px !important;padding-bottom: 64px !important;}&#8221;][vc_column width=&#8221;1\/2&#8243; offset=&#8221;vc_col-lg-3 vc_col-md-3 vc_col-xs-12&#8243;]<span data-type=\"circle\" data-hover-bg-color=\"#4c87ca\" data-hover-icon-color=\"#ffffff\" class=\"qode_icon_shortcode fa-stack q_font_awsome_icon_stack fa-lg  \" style=\"font-size: 35px;font-size: 45px; \"><i class=\"fa fa-circle fa-stack-base fa-stack-2x\" style=\"color: #f5f5f5;\"><\/i><i class=\"qode_icon_font_awesome fa fa-briefcase qode_icon_element fa-stack-1x\" style=\"font-size: 35px;color: #4c87ca;\" ><\/i><\/span>[vc_separator type=&#8221;transparent&#8221; thickness=&#8221;0&#8243; up=&#8221;29&#8243; down=&#8221;0&#8243;][vc_column_text]<\/p>\n<h4><span style=\"font-size: 14pt;\">TRADI\u00c7\u00c3O<\/span><\/h4>\n<p>[\/vc_column_text][vc_separator type=&#8221;transparent&#8221; thickness=&#8221;0&#8243; up=&#8221;21&#8243; down=&#8221;0&#8243;][vc_column_text]Mais de <strong>30 anos<\/strong> de atua\u00e7\u00e3o no segmento diagn\u00f3stico[\/vc_column_text][vc_separator type=&#8221;transparent&#8221; thickness=&#8221;0&#8243; up=&#8221;50&#8243; down=&#8221;0&#8243;][\/vc_column][vc_column width=&#8221;1\/2&#8243; offset=&#8221;vc_col-lg-3 vc_col-md-3 vc_col-xs-12&#8243;]<span data-type=\"circle\" data-hover-bg-color=\"#4c87ca\" data-hover-icon-color=\"#ffffff\" class=\"qode_icon_shortcode fa-stack q_font_awsome_icon_stack fa-lg  \" style=\"font-size: 35px;font-size: 45px; \"><i class=\"fa fa-circle fa-stack-base fa-stack-2x\" style=\"color: #f5f5f5;\"><\/i><i class=\"qode_icon_font_awesome fa fa-industry qode_icon_element fa-stack-1x\" style=\"font-size: 35px;color: #4c87ca;\" ><\/i><\/span>[vc_separator type=&#8221;transparent&#8221; thickness=&#8221;0&#8243; up=&#8221;29&#8243; down=&#8221;0&#8243;][vc_column_text]<\/p>\n<h4><span style=\"font-size: 14pt;\">FABRICANTE<\/span><\/h4>\n<p>[\/vc_column_text][vc_separator type=&#8221;transparent&#8221; thickness=&#8221;0&#8243; up=&#8221;21&#8243; down=&#8221;0&#8243;][vc_column_text]A NL Diagn\u00f3stica \u00e9 fabricante exclusiva do sistema parasitol\u00f3gico <strong>Coproplus<\/strong> e <strong>Coproplus Ultra<\/strong>[\/vc_column_text][vc_separator type=&#8221;transparent&#8221; thickness=&#8221;0&#8243; up=&#8221;50&#8243; down=&#8221;0&#8243;][\/vc_column][vc_column width=&#8221;1\/2&#8243; offset=&#8221;vc_col-lg-3 vc_col-md-3 vc_col-xs-12&#8243;]<span data-type=\"circle\" data-hover-bg-color=\"#4c87ca\" data-hover-icon-color=\"#ffffff\" class=\"qode_icon_shortcode fa-stack q_font_awsome_icon_stack fa-lg  \" style=\"font-size: 35px;font-size: 45px; \"><i class=\"fa fa-circle fa-stack-base fa-stack-2x\" style=\"color: #f5f5f5;\"><\/i><i class=\"qode_icon_font_awesome fa fa-certificate qode_icon_element fa-stack-1x\" style=\"font-size: 35px;color: #4c87ca;\" ><\/i><\/span>[vc_separator type=&#8221;transparent&#8221; thickness=&#8221;0&#8243; up=&#8221;29&#8243; down=&#8221;0&#8243;][vc_column_text]<\/p>\n<h4><span style=\"font-size: 14pt;\">CERTIFICA\u00c7\u00d5ES<\/span><\/h4>\n<p>[\/vc_column_text][vc_separator type=&#8221;transparent&#8221; thickness=&#8221;0&#8243; up=&#8221;21&#8243; down=&#8221;0&#8243;][vc_column_text]- <strong>BSI &#8211; ISO 13485<\/strong> Medical Devices Quality Manegement[\/vc_column_text][vc_separator type=&#8221;transparent&#8221; thickness=&#8221;0&#8243; up=&#8221;50&#8243; down=&#8221;0&#8243;][\/vc_column][vc_column width=&#8221;1\/2&#8243; offset=&#8221;vc_col-lg-3 vc_col-md-3 vc_col-xs-12&#8243;]<span data-type=\"circle\" data-hover-bg-color=\"#4c87ca\" data-hover-icon-color=\"#ffffff\" class=\"qode_icon_shortcode fa-stack q_font_awsome_icon_stack fa-lg  \" style=\"font-size: 35px;font-size: 45px; \"><i class=\"fa fa-circle fa-stack-base fa-stack-2x\" style=\"color: #f5f5f5;\"><\/i><i class=\"qode_icon_font_awesome fa fa-lightbulb-o qode_icon_element fa-stack-1x\" style=\"font-size: 35px;color: #4c87ca;\" ><\/i><\/span>[vc_separator type=&#8221;transparent&#8221; thickness=&#8221;0&#8243; up=&#8221;29&#8243; down=&#8221;0&#8243;][vc_column_text]<\/p>\n<h4><span style=\"font-size: 14pt;\">ESTRUTURA E INOVA\u00c7\u00c3O<\/span><\/h4>\n<p>[\/vc_column_text][vc_separator type=&#8221;transparent&#8221; thickness=&#8221;0&#8243; up=&#8221;21&#8243; down=&#8221;0&#8243;][vc_column_text]Modelo de gest\u00e3o com foco na <strong>satisfa\u00e7\u00e3o do cliente<\/strong>, desde a avalia\u00e7\u00e3o de suas necessidades, at\u00e9 o suporte pleno[\/vc_column_text][vc_separator type=&#8221;transparent&#8221; thickness=&#8221;0&#8243; up=&#8221;50&#8243; down=&#8221;0&#8243;][\/vc_column][\/vc_row][vc_row css_animation=&#8221;&#8221; row_type=&#8221;row&#8221; use_row_as_full_screen_section=&#8221;no&#8221; type=&#8221;grid&#8221; angled_section=&#8221;no&#8221; text_align=&#8221;left&#8221; background_image_as_pattern=&#8221;without_pattern&#8221; css=&#8221;.vc_custom_1457356564603{padding-top: 64px !important;padding-bottom: 2px !important;background-color: #f5f5f5 !important;}&#8221;][vc_column css=&#8221;.vc_custom_1456148217813{padding-right: 5% !important;}&#8221; offset=&#8221;vc_col-lg-6 vc_col-md-6&#8243;][vc_separator type=&#8221;transparent&#8221; thickness=&#8221;0&#8243; up=&#8221;40&#8243; down=&#8221;0&#8243;][vc_column_text]<\/p>\n<h2>V8 \u2013 ELETROFORESE CAPILAR<\/h2>\n<p>[\/vc_column_text][vc_separator type=&#8221;transparent&#8221; thickness=&#8221;0&#8243; up=&#8221;32&#8243; down=&#8221;0&#8243;][vc_column_text]O<strong>\u00a0V8 \u00e9 um sistema de eletroforese capilar automatizado de 8 canais\u00a0<\/strong>para an\u00e1lise de amostras \u00a0de soro, urina e sangue total, podendo ser utilizado para processamento de amostras de soro, urina e l\u00edquor como pipetador autom\u00e1tico para o sistema SPIFE (gel de agarose).[\/vc_column_text][vc_separator type=&#8221;transparent&#8221; thickness=&#8221;0&#8243; up=&#8221;20&#8243; down=&#8221;0&#8243;]<a  itemprop=\"url\" href=\"\/n\/v8\/\" target=\"_self\"  class=\"qbutton  medium default\" style=\"\">VEJA MAIS<\/a>[vc_separator type=&#8221;transparent&#8221; thickness=&#8221;0&#8243; up=&#8221;61&#8243; down=&#8221;0&#8243;][\/vc_column][vc_column offset=&#8221;vc_col-lg-6 vc_col-md-6&#8243;][vc_single_image image=&#8221;1915&#8243; img_size=&#8221;full&#8221; qode_css_animation=&#8221;&#8221;][vc_separator type=&#8221;transparent&#8221; thickness=&#8221;0&#8243; up=&#8221;61&#8243; down=&#8221;0&#8243;][\/vc_column][\/vc_row][vc_row css_animation=&#8221;&#8221; row_type=&#8221;row&#8221; use_row_as_full_screen_section=&#8221;no&#8221; type=&#8221;grid&#8221; angled_section=&#8221;no&#8221; text_align=&#8221;left&#8221; background_image_as_pattern=&#8221;without_pattern&#8221; css=&#8221;.vc_custom_1455721440864{padding-top: 120px !important;padding-bottom: 64px !important;}&#8221;][vc_column offset=&#8221;vc_col-lg-4 vc_col-md-4&#8243;][vc_single_image image=&#8221;318&#8243; img_size=&#8221;full&#8221; qode_css_animation=&#8221;&#8221;][vc_separator type=&#8221;transparent&#8221; thickness=&#8221;0&#8243; up=&#8221;36&#8243; down=&#8221;0&#8243;][vc_column_text]<\/p>\n<h4>ELETROFORESE AUTOMATIZADA<\/h4>\n<p>[\/vc_column_text][vc_separator type=&#8221;transparent&#8221; thickness=&#8221;0&#8243; up=&#8221;23&#8243; down=&#8221;0&#8243;][vc_column_text]O <strong>V8<\/strong> \u00e9 um sistema de eletroforese capilar automatizado de 8 canais para utiliza\u00e7\u00e3o na prepara\u00e7\u00e3o, separa\u00e7\u00e3o e an\u00e1lise de amostras humanas, como soro, urina e l\u00edquor. Utilizando kits especialmente desenvolvidos.[\/vc_column_text][vc_separator type=&#8221;transparent&#8221; thickness=&#8221;0&#8243; up=&#8221;30&#8243; down=&#8221;0&#8243;][vc_column_text]<\/p>\n<h6><a href=\"\/n\/v8\">SAIBA MAIS<\/a><\/h6>\n<p>[\/vc_column_text][vc_separator type=&#8221;transparent&#8221; thickness=&#8221;0&#8243; up=&#8221;53&#8243; down=&#8221;0&#8243;][\/vc_column][vc_column offset=&#8221;vc_col-lg-4 vc_col-md-4&#8243;][vc_single_image image=&#8221;320&#8243; img_size=&#8221;full&#8221; qode_css_animation=&#8221;&#8221;][vc_separator type=&#8221;transparent&#8221; thickness=&#8221;0&#8243; up=&#8221;36&#8243; down=&#8221;0&#8243;][vc_column_text]<\/p>\n<h4>POINT OF CARE &#8211; HEMOSTASIA<\/h4>\n<p>[\/vc_column_text][vc_separator type=&#8221;transparent&#8221; thickness=&#8221;0&#8243; up=&#8221;23&#8243; down=&#8221;0&#8243;][vc_column_text]O <strong>Abrazo<\/strong> \u00e9 um Sistema de Hemostasia <em>Point of Care<\/em> de alta confiabilidade e facilidade de uso baseado na t\u00e9cnica de qu\u00edmica seca.[\/vc_column_text][vc_separator type=&#8221;transparent&#8221; thickness=&#8221;0&#8243; up=&#8221;30&#8243; down=&#8221;0&#8243;][vc_column_text]<\/p>\n<h6><a href=\"\/n\/cascade-abrazo\/\">SAIBA MAIS<\/a><\/h6>\n<p>[\/vc_column_text][vc_separator type=&#8221;transparent&#8221; thickness=&#8221;0&#8243; up=&#8221;53&#8243; down=&#8221;0&#8243;][\/vc_column][vc_column offset=&#8221;vc_col-lg-4 vc_col-md-4&#8243;][vc_single_image image=&#8221;1238&#8243; img_size=&#8221;full&#8221; qode_css_animation=&#8221;&#8221;][vc_separator type=&#8221;transparent&#8221; thickness=&#8221;0&#8243; up=&#8221;36&#8243; down=&#8221;0&#8243;][vc_column_text]<\/p>\n<h4>TESTE R\u00c1PIDO CELLEX QSARS-COV-2 IgG\/IgM<\/h4>\n<p>[\/vc_column_text][vc_separator type=&#8221;transparent&#8221; thickness=&#8221;0&#8243; up=&#8221;23&#8243; down=&#8221;0&#8243;][vc_column_text]O\u00a0<strong>melhor teste r\u00e1pido para COVID-19 do mercado<\/strong>, aprovado pelo FDA e ANVISA.[\/vc_column_text][vc_separator type=&#8221;transparent&#8221; thickness=&#8221;0&#8243; up=&#8221;30&#8243; down=&#8221;0&#8243;][vc_column_text]<\/p>\n<h6><a href=\"\/n\/coronavirus\">SAIBA MAIS<\/a><\/h6>\n<p>[\/vc_column_text][vc_separator type=&#8221;transparent&#8221; thickness=&#8221;0&#8243; up=&#8221;53&#8243; down=&#8221;0&#8243;][\/vc_column][\/vc_row][vc_row css_animation=&#8221;&#8221; row_type=&#8221;row&#8221; use_row_as_full_screen_section=&#8221;no&#8221; type=&#8221;grid&#8221; angled_section=&#8221;no&#8221; text_align=&#8221;left&#8221; background_image_as_pattern=&#8221;without_pattern&#8221; css=&#8221;.vc_custom_1517488728946{padding-top: 51px !important;padding-bottom: 51px !important;background-color: #939598 !important;}&#8221; z_index=&#8221;&#8221;][vc_column]<div class='qode_carousels_holder clearfix'><div class='qode_carousels' data-number-of-visible-items=''><ul class='slides'><li class='item'><div class=\"carousel_item_holder\"><a itemprop='url' href='#' target='_self'><span class='first_image_holder has_hover_image'><img itemprop=\"image\" src=\"http:\/\/www.nldiagnostica.com.br\/n\/wp-content\/uploads\/2018\/02\/Helena_1claro.png\" alt=\"carousel image\" \/><\/span><span class='second_image_holder has_hover_image'><img itemprop=\"image\" src=\"http:\/\/www.nldiagnostica.com.br\/n\/wp-content\/uploads\/2018\/02\/Helena_1normal.png\" alt=\"carousel image\" \/><\/span><\/a><\/div><\/li><li class='item'><div class=\"carousel_item_holder\"><a itemprop='url' href='#' target='_self'><span class='first_image_holder has_hover_image'><img itemprop=\"image\" src=\"http:\/\/www.nldiagnostica.com.br\/n\/wp-content\/uploads\/2018\/02\/Helena_2claro.png\" alt=\"carousel image\" \/><\/span><span class='second_image_holder has_hover_image'><img itemprop=\"image\" src=\"http:\/\/www.nldiagnostica.com.br\/n\/wp-content\/uploads\/2018\/02\/Helena_2normal.png\" alt=\"carousel image\" \/><\/span><\/a><\/div><\/li><li class='item'><div class=\"carousel_item_holder\"><a itemprop='url' href='#' target='_self'><span class='first_image_holder has_hover_image'><img itemprop=\"image\" src=\"http:\/\/www.nldiagnostica.com.br\/n\/wp-content\/uploads\/2018\/02\/Meridian_3claro.png\" alt=\"carousel image\" \/><\/span><span class='second_image_holder has_hover_image'><img itemprop=\"image\" src=\"http:\/\/www.nldiagnostica.com.br\/n\/wp-content\/uploads\/2018\/02\/Meridian_3normal.png\" alt=\"carousel image\" \/><\/span><\/a><\/div><\/li><li class='item'><div class=\"carousel_item_holder\"><a itemprop='url' href='#' target='_self'><span class='first_image_holder has_hover_image'><img itemprop=\"image\" src=\"http:\/\/www.nldiagnostica.com.br\/n\/wp-content\/uploads\/2018\/02\/Corgenix_4claro.png\" alt=\"carousel image\" \/><\/span><span class='second_image_holder has_hover_image'><img itemprop=\"image\" src=\"http:\/\/www.nldiagnostica.com.br\/n\/wp-content\/uploads\/2018\/02\/Corgenix_4normal.png\" alt=\"carousel image\" \/><\/span><\/a><\/div><\/li><li class='item'><div class=\"carousel_item_holder\"><a itemprop='url' href='#' target='_self'><span class='first_image_holder has_hover_image'><img itemprop=\"image\" src=\"http:\/\/www.nldiagnostica.com.br\/n\/wp-content\/uploads\/2018\/02\/Coproplus_5claro.png\" alt=\"carousel image\" \/><\/span><span class='second_image_holder has_hover_image'><img itemprop=\"image\" src=\"http:\/\/www.nldiagnostica.com.br\/n\/wp-content\/uploads\/2018\/02\/Coproplus_5normal.png\" alt=\"carousel image\" \/><\/span><\/a><\/div><\/li><li class='item'><div class=\"carousel_item_holder\"><a itemprop='url' href='#' target='_self'><span class='first_image_holder has_hover_image'><img itemprop=\"image\" src=\"http:\/\/www.nldiagnostica.com.br\/n\/wp-content\/uploads\/2020\/04\/Cellex_1claro.png\" alt=\"carousel image\" \/><\/span><span class='second_image_holder has_hover_image'><img itemprop=\"image\" src=\"http:\/\/www.nldiagnostica.com.br\/n\/wp-content\/uploads\/2020\/04\/Cellex_1normal.png\" alt=\"carousel image\" \/><\/span><\/a><\/div><\/li><li class='item'><div class=\"carousel_item_holder\"><a itemprop='url' href='#' target='_self'><span class='first_image_holder has_hover_image'><img itemprop=\"image\" src=\"https:\/\/www.nldiagnostica.com.br\/n\/wp-content\/uploads\/2021\/03\/Genscript_bco_Claro.png\" alt=\"carousel image\" \/><\/span><span class='second_image_holder has_hover_image'><img itemprop=\"image\" src=\"https:\/\/www.nldiagnostica.com.br\/n\/wp-content\/uploads\/2021\/03\/Genscript_bco.png\" alt=\"carousel image\" \/><\/span><\/a><\/div><\/li><\/ul><\/div><\/div>[\/vc_column][\/vc_row]<\/p>\n","protected":false},"excerpt":{"rendered":"<p>[vc_row css_animation=&#8221;&#8221; row_type=&#8221;row&#8221; use_row_as_full_screen_section=&#8221;no&#8221; type=&#8221;grid&#8221; angled_section=&#8221;no&#8221; text_align=&#8221;center&#8221; background_image_as_pattern=&#8221;without_pattern&#8221; css=&#8221;.vc_custom_1467646308963{padding-top: 95px !important;padding-bottom: 64px !important;}&#8221;][vc_column width=&#8221;1\/2&#8243; offset=&#8221;vc_col-lg-3 vc_col-md-3 vc_col-xs-12&#8243;][vc_separator type=&#8221;transparent&#8221; thickness=&#8221;0&#8243; up=&#8221;29&#8243; down=&#8221;0&#8243;][vc_column_text] TRADI\u00c7\u00c3O [\/vc_column_text][vc_separator type=&#8221;transparent&#8221; thickness=&#8221;0&#8243; up=&#8221;21&#8243; down=&#8221;0&#8243;][vc_column_text]Mais de 30 anos de atua\u00e7\u00e3o no segmento diagn\u00f3stico[\/vc_column_text][vc_separator type=&#8221;transparent&#8221; thickness=&#8221;0&#8243; up=&#8221;50&#8243; down=&#8221;0&#8243;][\/vc_column][vc_column width=&#8221;1\/2&#8243; offset=&#8221;vc_col-lg-3 vc_col-md-3 vc_col-xs-12&#8243;][vc_separator type=&#8221;transparent&#8221; thickness=&#8221;0&#8243;&#8230;<\/p>\n","protected":false},"author":1,"featured_media":0,"parent":0,"menu_order":0,"comment_status":"closed","ping_status":"closed","template":"full_width.php","meta":[],"yoast_head":"<!-- This site is optimized with the Yoast SEO plugin v18.2 - https:\/\/yoast.com\/wordpress\/plugins\/seo\/ -->\n<meta name=\"description\" content=\"Com mais de 30 ANOS DE ATUA\u00c7\u00c3O no segmento diagn\u00f3stico, a NL Diagn\u00f3stica traz em seu portf\u00f3lio marcas consagradas em todo o mundo, como Helena Laboratories, Helena Biosciences, Meridian Bioscience e Corgenix. Tratam-se de importantes equipamentos e reagentes para Eletroforese, Agrega\u00e7\u00e3o Plaquet\u00e1ria, Hemostasia, Microbiologia e Parasitologia. Al\u00e9m dessas importantes parcerias, a NL Diagn\u00f3stica \u00e9 fabricante do sistema parasitol\u00f3gico Coproplus e Coproplus Ultra, alternativas inovadoras com a tradi\u00e7\u00e3o e a qualidade da empresa, onde a busca pela excel\u00eancia explica os investimentos em tecnologia de ponta.\" \/>\n<meta name=\"robots\" content=\"index, follow, max-snippet:-1, max-image-preview:large, max-video-preview:-1\" \/>\n<link rel=\"canonical\" href=\"https:\/\/www.nldiagnostica.com.br\/n\/\" \/>\n<meta property=\"og:locale\" content=\"pt_BR\" \/>\n<meta property=\"og:type\" content=\"article\" \/>\n<meta property=\"og:title\" content=\"Home - NL Diagn\u00f3stica\" \/>\n<meta property=\"og:description\" content=\"Com mais de 30 ANOS DE ATUA\u00c7\u00c3O no segmento diagn\u00f3stico, a NL Diagn\u00f3stica traz em seu portf\u00f3lio marcas consagradas em todo o mundo, como Helena Laboratories, Helena Biosciences, Meridian Bioscience e Corgenix. Tratam-se de importantes equipamentos e reagentes para Eletroforese, Agrega\u00e7\u00e3o Plaquet\u00e1ria, Hemostasia, Microbiologia e Parasitologia. Al\u00e9m dessas importantes parcerias, a NL Diagn\u00f3stica \u00e9 fabricante do sistema parasitol\u00f3gico Coproplus e Coproplus Ultra, alternativas inovadoras com a tradi\u00e7\u00e3o e a qualidade da empresa, onde a busca pela excel\u00eancia explica os investimentos em tecnologia de ponta.\" \/>\n<meta property=\"og:url\" content=\"https:\/\/www.nldiagnostica.com.br\/n\/\" \/>\n<meta property=\"og:site_name\" content=\"NL Diagn\u00f3stica\" \/>\n<meta property=\"article:publisher\" content=\"https:\/\/www.facebook.com\/NLdiagnostica\/\" \/>\n<meta property=\"article:modified_time\" content=\"2023-06-21T20:48:30+00:00\" \/>\n<meta name=\"twitter:card\" content=\"summary_large_image\" \/>\n<meta name=\"twitter:label1\" content=\"Est. tempo de leitura\" \/>\n\t<meta name=\"twitter:data1\" content=\"3 minutos\" \/>\n<script type=\"application\/ld+json\" class=\"yoast-schema-graph\">{\"@context\":\"https:\/\/schema.org\",\"@graph\":[{\"@type\":\"WebSite\",\"@id\":\"https:\/\/www.nldiagnostica.com.br\/n\/#website\",\"url\":\"https:\/\/www.nldiagnostica.com.br\/n\/\",\"name\":\"NL Diagn\u00f3stica\",\"description\":\"IVD Trusted Solutions Science 1985\",\"potentialAction\":[{\"@type\":\"SearchAction\",\"target\":{\"@type\":\"EntryPoint\",\"urlTemplate\":\"https:\/\/www.nldiagnostica.com.br\/n\/?s={search_term_string}\"},\"query-input\":\"required name=search_term_string\"}],\"inLanguage\":\"pt-BR\"},{\"@type\":\"WebPage\",\"@id\":\"https:\/\/www.nldiagnostica.com.br\/n\/#webpage\",\"url\":\"https:\/\/www.nldiagnostica.com.br\/n\/\",\"name\":\"Home - NL Diagn\u00f3stica\",\"isPartOf\":{\"@id\":\"https:\/\/www.nldiagnostica.com.br\/n\/#website\"},\"datePublished\":\"2016-02-17T14:13:53+00:00\",\"dateModified\":\"2023-06-21T20:48:30+00:00\",\"description\":\"Com mais de 30 ANOS DE ATUA\u00c7\u00c3O no segmento diagn\u00f3stico, a NL Diagn\u00f3stica traz em seu portf\u00f3lio marcas consagradas em todo o mundo, como Helena Laboratories, Helena Biosciences, Meridian Bioscience e Corgenix. Tratam-se de importantes equipamentos e reagentes para Eletroforese, Agrega\u00e7\u00e3o Plaquet\u00e1ria, Hemostasia, Microbiologia e Parasitologia. Al\u00e9m dessas importantes parcerias, a NL Diagn\u00f3stica \u00e9 fabricante do sistema parasitol\u00f3gico Coproplus e Coproplus Ultra, alternativas inovadoras com a tradi\u00e7\u00e3o e a qualidade da empresa, onde a busca pela excel\u00eancia explica os investimentos em tecnologia de ponta.\",\"breadcrumb\":{\"@id\":\"https:\/\/www.nldiagnostica.com.br\/n\/#breadcrumb\"},\"inLanguage\":\"pt-BR\",\"potentialAction\":[{\"@type\":\"ReadAction\",\"target\":[\"https:\/\/www.nldiagnostica.com.br\/n\/\"]}]},{\"@type\":\"BreadcrumbList\",\"@id\":\"https:\/\/www.nldiagnostica.com.br\/n\/#breadcrumb\",\"itemListElement\":[{\"@type\":\"ListItem\",\"position\":1,\"name\":\"In\u00edcio\",\"item\":\"https:\/\/www.nldiagnostica.com.br\/n\/\"},{\"@type\":\"ListItem\",\"position\":2,\"name\":\"Home\"}]}]}<\/script>\n<!-- \/ Yoast SEO plugin. -->","yoast_head_json":{"description":"Com mais de 30 ANOS DE ATUA\u00c7\u00c3O no segmento diagn\u00f3stico, a NL Diagn\u00f3stica traz em seu portf\u00f3lio marcas consagradas em todo o mundo, como Helena Laboratories, Helena Biosciences, Meridian Bioscience e Corgenix. Tratam-se de importantes equipamentos e reagentes para Eletroforese, Agrega\u00e7\u00e3o Plaquet\u00e1ria, Hemostasia, Microbiologia e Parasitologia. Al\u00e9m dessas importantes parcerias, a NL Diagn\u00f3stica \u00e9 fabricante do sistema parasitol\u00f3gico Coproplus e Coproplus Ultra, alternativas inovadoras com a tradi\u00e7\u00e3o e a qualidade da empresa, onde a busca pela excel\u00eancia explica os investimentos em tecnologia de ponta.","robots":{"index":"index","follow":"follow","max-snippet":"max-snippet:-1","max-image-preview":"max-image-preview:large","max-video-preview":"max-video-preview:-1"},"canonical":"https:\/\/www.nldiagnostica.com.br\/n\/","og_locale":"pt_BR","og_type":"article","og_title":"Home - NL Diagn\u00f3stica","og_description":"Com mais de 30 ANOS DE ATUA\u00c7\u00c3O no segmento diagn\u00f3stico, a NL Diagn\u00f3stica traz em seu portf\u00f3lio marcas consagradas em todo o mundo, como Helena Laboratories, Helena Biosciences, Meridian Bioscience e Corgenix. Tratam-se de importantes equipamentos e reagentes para Eletroforese, Agrega\u00e7\u00e3o Plaquet\u00e1ria, Hemostasia, Microbiologia e Parasitologia. Al\u00e9m dessas importantes parcerias, a NL Diagn\u00f3stica \u00e9 fabricante do sistema parasitol\u00f3gico Coproplus e Coproplus Ultra, alternativas inovadoras com a tradi\u00e7\u00e3o e a qualidade da empresa, onde a busca pela excel\u00eancia explica os investimentos em tecnologia de ponta.","og_url":"https:\/\/www.nldiagnostica.com.br\/n\/","og_site_name":"NL Diagn\u00f3stica","article_publisher":"https:\/\/www.facebook.com\/NLdiagnostica\/","article_modified_time":"2023-06-21T20:48:30+00:00","twitter_card":"summary_large_image","twitter_misc":{"Est. tempo de leitura":"3 minutos"},"schema":{"@context":"https:\/\/schema.org","@graph":[{"@type":"WebSite","@id":"https:\/\/www.nldiagnostica.com.br\/n\/#website","url":"https:\/\/www.nldiagnostica.com.br\/n\/","name":"NL Diagn\u00f3stica","description":"IVD Trusted Solutions Science 1985","potentialAction":[{"@type":"SearchAction","target":{"@type":"EntryPoint","urlTemplate":"https:\/\/www.nldiagnostica.com.br\/n\/?s={search_term_string}"},"query-input":"required name=search_term_string"}],"inLanguage":"pt-BR"},{"@type":"WebPage","@id":"https:\/\/www.nldiagnostica.com.br\/n\/#webpage","url":"https:\/\/www.nldiagnostica.com.br\/n\/","name":"Home - NL Diagn\u00f3stica","isPartOf":{"@id":"https:\/\/www.nldiagnostica.com.br\/n\/#website"},"datePublished":"2016-02-17T14:13:53+00:00","dateModified":"2023-06-21T20:48:30+00:00","description":"Com mais de 30 ANOS DE ATUA\u00c7\u00c3O no segmento diagn\u00f3stico, a NL Diagn\u00f3stica traz em seu portf\u00f3lio marcas consagradas em todo o mundo, como Helena Laboratories, Helena Biosciences, Meridian Bioscience e Corgenix. Tratam-se de importantes equipamentos e reagentes para Eletroforese, Agrega\u00e7\u00e3o Plaquet\u00e1ria, Hemostasia, Microbiologia e Parasitologia. Al\u00e9m dessas importantes parcerias, a NL Diagn\u00f3stica \u00e9 fabricante do sistema parasitol\u00f3gico Coproplus e Coproplus Ultra, alternativas inovadoras com a tradi\u00e7\u00e3o e a qualidade da empresa, onde a busca pela excel\u00eancia explica os investimentos em tecnologia de ponta.","breadcrumb":{"@id":"https:\/\/www.nldiagnostica.com.br\/n\/#breadcrumb"},"inLanguage":"pt-BR","potentialAction":[{"@type":"ReadAction","target":["https:\/\/www.nldiagnostica.com.br\/n\/"]}]},{"@type":"BreadcrumbList","@id":"https:\/\/www.nldiagnostica.com.br\/n\/#breadcrumb","itemListElement":[{"@type":"ListItem","position":1,"name":"In\u00edcio","item":"https:\/\/www.nldiagnostica.com.br\/n\/"},{"@type":"ListItem","position":2,"name":"Home"}]}]}},"_links":{"self":[{"href":"https:\/\/www.nldiagnostica.com.br\/n\/wp-json\/wp\/v2\/pages\/5"}],"collection":[{"href":"https:\/\/www.nldiagnostica.com.br\/n\/wp-json\/wp\/v2\/pages"}],"about":[{"href":"https:\/\/www.nldiagnostica.com.br\/n\/wp-json\/wp\/v2\/types\/page"}],"author":[{"embeddable":true,"href":"https:\/\/www.nldiagnostica.com.br\/n\/wp-json\/wp\/v2\/users\/1"}],"replies":[{"embeddable":true,"href":"https:\/\/www.nldiagnostica.com.br\/n\/wp-json\/wp\/v2\/comments?post=5"}],"version-history":[{"count":30,"href":"https:\/\/www.nldiagnostica.com.br\/n\/wp-json\/wp\/v2\/pages\/5\/revisions"}],"predecessor-version":[{"id":1914,"href":"https:\/\/www.nldiagnostica.com.br\/n\/wp-json\/wp\/v2\/pages\/5\/revisions\/1914"}],"wp:attachment":[{"href":"https:\/\/www.nldiagnostica.com.br\/n\/wp-json\/wp\/v2\/media?parent=5"}],"curies":[{"name":"wp","href":"https:\/\/api.w.org\/{rel}","templated":true}]}}