{"id":451,"date":"2018-03-21T15:27:50","date_gmt":"2018-03-21T18:27:50","guid":{"rendered":"http:\/\/www.nldiagnostica.com.br\/n\/?page_id=451"},"modified":"2018-04-30T12:16:10","modified_gmt":"2018-04-30T15:16:10","slug":"cascade-abrazo","status":"publish","type":"page","link":"https:\/\/www.nldiagnostica.com.br\/n\/cascade-abrazo\/","title":{"rendered":"Cascade ABRAZO"},"content":{"rendered":"<p>[vc_row css_animation=&#8221;&#8221; row_type=&#8221;row&#8221; use_row_as_full_screen_section=&#8221;no&#8221; type=&#8221;grid&#8221; angled_section=&#8221;no&#8221; text_align=&#8221;left&#8221; background_image_as_pattern=&#8221;without_pattern&#8221; css=&#8221;.vc_custom_1522158003754{padding-top: 80px !important;}&#8221; z_index=&#8221;&#8221;][vc_column][qode_elements_holder number_of_columns=&#8221;two_columns&#8221; switch_to_one_column=&#8221;1000&#8243;][qode_elements_holder_item item_padding=&#8221;4% 4% 0 0&#8243; vertical_alignment=&#8221;top&#8221; advanced_animations=&#8221;no&#8221; item_padding_1024_1280=&#8221;7.5% 0 0 0&#8243; item_padding_768_1024=&#8221;0 3% 0 0&#8243; item_padding_600_768=&#8221;0 0 0 0&#8243; item_padding_480_600=&#8221;0 0 0 0&#8243; item_padding_480=&#8221;0 0 0 0&#8243;][vc_column_text]<\/p>\n<h2>Cascade ABRAZO &#8211; <em>Point of Care<\/em><\/h2>\n<p>[\/vc_column_text][vc_separator type=&#8221;transparent&#8221; thickness=&#8221;0&#8243; up=&#8221;32&#8243; down=&#8221;0&#8243;][vc_column_text]O Abrazo \u00e9 um\u00a0<strong>Sistema de Hemostasia\u00a0<\/strong><em><strong>Point of Care<\/strong><\/em>\u00a0de alta confiabilidade e facilidade de uso baseado na t\u00e9cnica de qu\u00edmica seca. Realiza teste de <strong>TP, TTPa e TCA.<\/strong><\/p>\n<p>Caracter\u00edsticas:<\/p>\n<ul>\n<li>Tela Touchscreen<\/li>\n<li>Sistema habilitado para interfaceamento<\/li>\n<li>Leitor de c\u00f3digo de barras<\/li>\n<li>Bateria interna<\/li>\n<li>Wi-Fi<\/li>\n<\/ul>\n<p>Rastreabilidade total dos pacientes e controles atrav\u00e9s de plataforma inteligente, com a tecnologia inovadora de cart\u00e3o reagente com part\u00edculas paramagn\u00e9ticas (detec\u00e7\u00e3o \u00f3ptica da forma\u00e7\u00e3o da fibrina).[\/vc_column_text][vc_separator type=&#8221;transparent&#8221; thickness=&#8221;0&#8243; up=&#8221;32&#8243; down=&#8221;0&#8243;][\/qode_elements_holder_item][qode_elements_holder_item item_padding=&#8221;0 0 0 12%&#8221; vertical_alignment=&#8221;middle&#8221; advanced_animations=&#8221;no&#8221; item_padding_1024_1280=&#8221;0 0 0 9%&#8221; item_padding_768_1024=&#8221;0 0 0 0&#8243; item_padding_600_768=&#8221;0 0 0 0&#8243; item_padding_480_600=&#8221;0 0 0 0&#8243; item_padding_480=&#8221;0 0 0 0&#8243;][vc_single_image image=&#8221;452&#8243; img_size=&#8221;full&#8221; qode_css_animation=&#8221;&#8221;][vc_separator type=&#8221;transparent&#8221; thickness=&#8221;0&#8243; up=&#8221;32&#8243; down=&#8221;0&#8243;][\/qode_elements_holder_item][\/qode_elements_holder][\/vc_column][\/vc_row][vc_row css_animation=&#8221;&#8221; row_type=&#8221;row&#8221; use_row_as_full_screen_section=&#8221;no&#8221; type=&#8221;grid&#8221; angled_section=&#8221;no&#8221; text_align=&#8221;left&#8221; background_image_as_pattern=&#8221;without_pattern&#8221; css=&#8221;.vc_custom_1456240178362{padding-top: 62px !important;background-color: #f5f5f5 !important;}&#8221;][vc_column][qode_elements_holder number_of_columns=&#8221;two_columns&#8221; switch_to_one_column=&#8221;1000&#8243;][qode_elements_holder_item item_padding=&#8221;0% 11% 0 0%&#8221; vertical_alignment=&#8221;middle&#8221; advanced_animations=&#8221;no&#8221; item_padding_1024_1280=&#8221;0% 11% 0 0%&#8221; item_padding_768_1024=&#8221;0 0 0 0&#8243; item_padding_600_768=&#8221;0 0 0 0&#8243; item_padding_480_600=&#8221;0 0 0 0&#8243; item_padding_480=&#8221;0 0 0 0&#8243;][vc_single_image image=&#8221;453&#8243; img_size=&#8221;full&#8221; qode_css_animation=&#8221;&#8221;][vc_separator type=&#8221;transparent&#8221; thickness=&#8221;0&#8243; up=&#8221;32&#8243; down=&#8221;0&#8243;][\/qode_elements_holder_item][qode_elements_holder_item item_padding=&#8221;4% 4% 0 0&#8243; vertical_alignment=&#8221;top&#8221; advanced_animations=&#8221;no&#8221; item_padding_1024_1280=&#8221;6.5% 0 0 0&#8243; item_padding_768_1024=&#8221;0 0 0 3%&#8221; item_padding_600_768=&#8221;0 0 0 0&#8243; item_padding_480_600=&#8221;0 0 0 0&#8243; item_padding_480=&#8221;0 0 0 0&#8243;][vc_column_text]<\/p>\n<h2>Vantagens<\/h2>\n<p>[\/vc_column_text][vc_separator type=&#8221;transparent&#8221; thickness=&#8221;0&#8243; up=&#8221;32&#8243; down=&#8221;0&#8243;][vc_column_text]\u2022 Cuba de rea\u00e7\u00e3o montada no pr\u00f3prio cart\u00e3o de ensaio;<br \/>\n\u2022 Tipo de teste, lote e outras informa\u00e7\u00f5es necess\u00e1rias para a calibra\u00e7\u00e3o e leitura dos ensaios no c\u00f3digo de barras do cart\u00e3o;<br \/>\n\u2022 F\u00e1cil utiliza\u00e7\u00e3o, muito pr\u00e1tico;<br \/>\n\u2022 Utiliza sangue total ou sangue citratado;<br \/>\n\u2022 Apenas 35\u03bcL da amostra para cada ensaio;<br \/>\n\u2022 Portabilidade com bateria interna, permite TLR (Teste Laboratorial Remoto);<br \/>\n\u2022 CQ biol\u00f3gico e eletr\u00f4nico com possibilidade para bloqueio de ensaios;<br \/>\n\u2022 Interface RS232 com a LIS;<br \/>\n\u2022 Entrada de ID do Operador e paciente.[\/vc_column_text][vc_separator type=&#8221;transparent&#8221; thickness=&#8221;0&#8243; up=&#8221;32&#8243; down=&#8221;0&#8243;][\/qode_elements_holder_item][\/qode_elements_holder][\/vc_column][\/vc_row][vc_row css_animation=&#8221;&#8221; row_type=&#8221;row&#8221; use_row_as_full_screen_section=&#8221;no&#8221; type=&#8221;grid&#8221; angled_section=&#8221;no&#8221; text_align=&#8221;left&#8221; background_image_as_pattern=&#8221;without_pattern&#8221; css=&#8221;.vc_custom_1456241038724{padding-top: 62px !important;padding-bottom: 88px !important;}&#8221;][vc_column][qode_elements_holder number_of_columns=&#8221;two_columns&#8221; switch_to_one_column=&#8221;1000&#8243;][qode_elements_holder_item item_padding=&#8221;4% 4% 0 0&#8243; vertical_alignment=&#8221;top&#8221; advanced_animations=&#8221;no&#8221; item_padding_1024_1280=&#8221;7.5% 0 0 0&#8243; item_padding_768_1024=&#8221;0 3% 0 0&#8243; item_padding_600_768=&#8221;0 0 0 0&#8243; item_padding_480_600=&#8221;0 0 0 0&#8243; item_padding_480=&#8221;0 0 0 0&#8243;][vc_column_text]<\/p>\n<h3><strong>Ensaios Cascade ABRAZO<\/strong><\/h3>\n<p>TP | <strong>Cat.<\/strong> 5720, 5721<br \/>\nTTPa | <strong>Cat.<\/strong> 5722<br \/>\nTCA | <strong>Cat.<\/strong> 5724<br \/>\nControles Normais |<strong> Cat.<\/strong> 5840, 5841, 5842 e 5844<br \/>\nControles Anormais |<strong> Cat.<\/strong> 5870, 5871, 5872 e 5874<br \/>\nControle Eletr\u00f4nico | <strong>Cat.<\/strong> 5848[\/vc_column_text][vc_separator type=&#8221;transparent&#8221; thickness=&#8221;0&#8243; up=&#8221;32&#8243; down=&#8221;0&#8243;][\/qode_elements_holder_item][qode_elements_holder_item item_padding=&#8221;0 0 0 12%&#8221; vertical_alignment=&#8221;top&#8221; advanced_animations=&#8221;no&#8221; item_padding_1024_1280=&#8221;0 0 0 9%&#8221; item_padding_768_1024=&#8221;0 0 0 0&#8243; item_padding_600_768=&#8221;0 0 0 0&#8243; item_padding_480_600=&#8221;0 0 0 0&#8243; item_padding_480=&#8221;0 0 0 0&#8243;][vc_separator type=&#8221;transparent&#8221; thickness=&#8221;0&#8243; up=&#8221;32&#8243; down=&#8221;0&#8243;][vc_single_image image=&#8221;393&#8243; qode_css_animation=&#8221;&#8221;][vc_separator type=&#8221;transparent&#8221; thickness=&#8221;0&#8243; up=&#8221;32&#8243; down=&#8221;0&#8243;][\/qode_elements_holder_item][\/qode_elements_holder][\/vc_column][\/vc_row][vc_row css_animation=&#8221;&#8221; row_type=&#8221;row&#8221; use_row_as_full_screen_section=&#8221;no&#8221; type=&#8221;grid&#8221; angled_section=&#8221;no&#8221; text_align=&#8221;left&#8221; background_image_as_pattern=&#8221;without_pattern&#8221; css=&#8221;.vc_custom_1520555987211{padding-top: 51px !important;padding-bottom: 51px !important;background-color: #939598 !important;}&#8221; z_index=&#8221;&#8221;][vc_column]<div class='qode_carousels_holder clearfix'><div class='qode_carousels' data-number-of-visible-items=''><ul class='slides'><li class='item'><div class=\"carousel_item_holder\"><a itemprop='url' href='#' target='_self'><span class='first_image_holder has_hover_image'><img itemprop=\"image\" src=\"http:\/\/www.nldiagnostica.com.br\/n\/wp-content\/uploads\/2018\/02\/Helena_1claro.png\" alt=\"carousel image\" \/><\/span><span class='second_image_holder has_hover_image'><img itemprop=\"image\" src=\"http:\/\/www.nldiagnostica.com.br\/n\/wp-content\/uploads\/2018\/02\/Helena_1normal.png\" alt=\"carousel image\" \/><\/span><\/a><\/div><\/li><li class='item'><div class=\"carousel_item_holder\"><a itemprop='url' href='#' target='_self'><span class='first_image_holder has_hover_image'><img itemprop=\"image\" src=\"http:\/\/www.nldiagnostica.com.br\/n\/wp-content\/uploads\/2018\/02\/Helena_2claro.png\" alt=\"carousel image\" \/><\/span><span class='second_image_holder has_hover_image'><img itemprop=\"image\" src=\"http:\/\/www.nldiagnostica.com.br\/n\/wp-content\/uploads\/2018\/02\/Helena_2normal.png\" alt=\"carousel image\" \/><\/span><\/a><\/div><\/li><li class='item'><div class=\"carousel_item_holder\"><a itemprop='url' href='#' target='_self'><span class='first_image_holder has_hover_image'><img itemprop=\"image\" src=\"http:\/\/www.nldiagnostica.com.br\/n\/wp-content\/uploads\/2018\/02\/Meridian_3claro.png\" alt=\"carousel image\" \/><\/span><span class='second_image_holder has_hover_image'><img itemprop=\"image\" src=\"http:\/\/www.nldiagnostica.com.br\/n\/wp-content\/uploads\/2018\/02\/Meridian_3normal.png\" alt=\"carousel image\" \/><\/span><\/a><\/div><\/li><li class='item'><div class=\"carousel_item_holder\"><a itemprop='url' href='#' target='_self'><span class='first_image_holder has_hover_image'><img itemprop=\"image\" src=\"http:\/\/www.nldiagnostica.com.br\/n\/wp-content\/uploads\/2018\/02\/Corgenix_4claro.png\" alt=\"carousel image\" \/><\/span><span class='second_image_holder has_hover_image'><img itemprop=\"image\" src=\"http:\/\/www.nldiagnostica.com.br\/n\/wp-content\/uploads\/2018\/02\/Corgenix_4normal.png\" alt=\"carousel image\" \/><\/span><\/a><\/div><\/li><li class='item'><div class=\"carousel_item_holder\"><a itemprop='url' href='#' target='_self'><span class='first_image_holder has_hover_image'><img itemprop=\"image\" src=\"http:\/\/www.nldiagnostica.com.br\/n\/wp-content\/uploads\/2018\/02\/Coproplus_5claro.png\" alt=\"carousel image\" \/><\/span><span class='second_image_holder has_hover_image'><img itemprop=\"image\" src=\"http:\/\/www.nldiagnostica.com.br\/n\/wp-content\/uploads\/2018\/02\/Coproplus_5normal.png\" alt=\"carousel image\" \/><\/span><\/a><\/div><\/li><li class='item'><div class=\"carousel_item_holder\"><a itemprop='url' href='#' target='_self'><span class='first_image_holder has_hover_image'><img itemprop=\"image\" src=\"http:\/\/www.nldiagnostica.com.br\/n\/wp-content\/uploads\/2020\/04\/Cellex_1claro.png\" alt=\"carousel image\" \/><\/span><span class='second_image_holder has_hover_image'><img itemprop=\"image\" src=\"http:\/\/www.nldiagnostica.com.br\/n\/wp-content\/uploads\/2020\/04\/Cellex_1normal.png\" alt=\"carousel image\" \/><\/span><\/a><\/div><\/li><li class='item'><div class=\"carousel_item_holder\"><a itemprop='url' href='#' target='_self'><span class='first_image_holder has_hover_image'><img itemprop=\"image\" src=\"https:\/\/www.nldiagnostica.com.br\/n\/wp-content\/uploads\/2021\/03\/Genscript_bco_Claro.png\" alt=\"carousel image\" \/><\/span><span class='second_image_holder has_hover_image'><img itemprop=\"image\" src=\"https:\/\/www.nldiagnostica.com.br\/n\/wp-content\/uploads\/2021\/03\/Genscript_bco.png\" alt=\"carousel image\" \/><\/span><\/a><\/div><\/li><\/ul><\/div><\/div>[\/vc_column][\/vc_row]<\/p>\n","protected":false},"excerpt":{"rendered":"<p>[vc_row css_animation=&#8221;&#8221; row_type=&#8221;row&#8221; use_row_as_full_screen_section=&#8221;no&#8221; type=&#8221;grid&#8221; angled_section=&#8221;no&#8221; text_align=&#8221;left&#8221; background_image_as_pattern=&#8221;without_pattern&#8221; css=&#8221;.vc_custom_1522158003754{padding-top: 80px !important;}&#8221; z_index=&#8221;&#8221;][vc_column][qode_elements_holder number_of_columns=&#8221;two_columns&#8221; switch_to_one_column=&#8221;1000&#8243;][qode_elements_holder_item item_padding=&#8221;4% 4% 0 0&#8243; vertical_alignment=&#8221;top&#8221; advanced_animations=&#8221;no&#8221; item_padding_1024_1280=&#8221;7.5% 0 0 0&#8243; item_padding_768_1024=&#8221;0 3% 0 0&#8243; item_padding_600_768=&#8221;0 0 0 0&#8243; item_padding_480_600=&#8221;0 0 0 0&#8243; item_padding_480=&#8221;0 0 0 0&#8243;][vc_column_text] Cascade ABRAZO &#8211; Point of&#8230;<\/p>\n","protected":false},"author":1,"featured_media":0,"parent":0,"menu_order":0,"comment_status":"closed","ping_status":"closed","template":"full_width.php","meta":[],"yoast_head":"<!-- This site is optimized with the Yoast SEO plugin v18.2 - https:\/\/yoast.com\/wordpress\/plugins\/seo\/ -->\n<meta name=\"robots\" content=\"index, follow, max-snippet:-1, max-image-preview:large, max-video-preview:-1\" \/>\n<link rel=\"canonical\" href=\"https:\/\/www.nldiagnostica.com.br\/n\/cascade-abrazo\/\" \/>\n<meta property=\"og:locale\" content=\"pt_BR\" \/>\n<meta property=\"og:type\" content=\"article\" \/>\n<meta property=\"og:title\" content=\"Cascade ABRAZO - NL Diagn\u00f3stica\" \/>\n<meta property=\"og:description\" content=\"[vc_row css_animation=&#8221;&#8221; row_type=&#8221;row&#8221; use_row_as_full_screen_section=&#8221;no&#8221; type=&#8221;grid&#8221; angled_section=&#8221;no&#8221; text_align=&#8221;left&#8221; background_image_as_pattern=&#8221;without_pattern&#8221; css=&#8221;.vc_custom_1522158003754{padding-top: 80px !important;}&#8221; z_index=&#8221;&#8221;][vc_column][qode_elements_holder number_of_columns=&#8221;two_columns&#8221; switch_to_one_column=&#8221;1000&#8243;][qode_elements_holder_item item_padding=&#8221;4% 4% 0 0&#8243; vertical_alignment=&#8221;top&#8221; advanced_animations=&#8221;no&#8221; item_padding_1024_1280=&#8221;7.5% 0 0 0&#8243; item_padding_768_1024=&#8221;0 3% 0 0&#8243; item_padding_600_768=&#8221;0 0 0 0&#8243; item_padding_480_600=&#8221;0 0 0 0&#8243; item_padding_480=&#8221;0 0 0 0&#8243;][vc_column_text] Cascade ABRAZO &#8211; Point of...\" \/>\n<meta property=\"og:url\" content=\"https:\/\/www.nldiagnostica.com.br\/n\/cascade-abrazo\/\" \/>\n<meta property=\"og:site_name\" content=\"NL Diagn\u00f3stica\" \/>\n<meta property=\"article:publisher\" content=\"https:\/\/www.facebook.com\/NLdiagnostica\/\" \/>\n<meta property=\"article:modified_time\" content=\"2018-04-30T15:16:10+00:00\" \/>\n<meta name=\"twitter:card\" content=\"summary_large_image\" \/>\n<meta name=\"twitter:label1\" content=\"Est. tempo de leitura\" \/>\n\t<meta name=\"twitter:data1\" content=\"4 minutos\" \/>\n<script type=\"application\/ld+json\" class=\"yoast-schema-graph\">{\"@context\":\"https:\/\/schema.org\",\"@graph\":[{\"@type\":\"WebSite\",\"@id\":\"https:\/\/www.nldiagnostica.com.br\/n\/#website\",\"url\":\"https:\/\/www.nldiagnostica.com.br\/n\/\",\"name\":\"NL Diagn\u00f3stica\",\"description\":\"IVD Trusted Solutions Science 1985\",\"potentialAction\":[{\"@type\":\"SearchAction\",\"target\":{\"@type\":\"EntryPoint\",\"urlTemplate\":\"https:\/\/www.nldiagnostica.com.br\/n\/?s={search_term_string}\"},\"query-input\":\"required name=search_term_string\"}],\"inLanguage\":\"pt-BR\"},{\"@type\":\"WebPage\",\"@id\":\"https:\/\/www.nldiagnostica.com.br\/n\/cascade-abrazo\/#webpage\",\"url\":\"https:\/\/www.nldiagnostica.com.br\/n\/cascade-abrazo\/\",\"name\":\"Cascade ABRAZO - NL Diagn\u00f3stica\",\"isPartOf\":{\"@id\":\"https:\/\/www.nldiagnostica.com.br\/n\/#website\"},\"datePublished\":\"2018-03-21T18:27:50+00:00\",\"dateModified\":\"2018-04-30T15:16:10+00:00\",\"breadcrumb\":{\"@id\":\"https:\/\/www.nldiagnostica.com.br\/n\/cascade-abrazo\/#breadcrumb\"},\"inLanguage\":\"pt-BR\",\"potentialAction\":[{\"@type\":\"ReadAction\",\"target\":[\"https:\/\/www.nldiagnostica.com.br\/n\/cascade-abrazo\/\"]}]},{\"@type\":\"BreadcrumbList\",\"@id\":\"https:\/\/www.nldiagnostica.com.br\/n\/cascade-abrazo\/#breadcrumb\",\"itemListElement\":[{\"@type\":\"ListItem\",\"position\":1,\"name\":\"In\u00edcio\",\"item\":\"https:\/\/www.nldiagnostica.com.br\/n\/\"},{\"@type\":\"ListItem\",\"position\":2,\"name\":\"Cascade ABRAZO\"}]}]}<\/script>\n<!-- \/ Yoast SEO plugin. -->","yoast_head_json":{"robots":{"index":"index","follow":"follow","max-snippet":"max-snippet:-1","max-image-preview":"max-image-preview:large","max-video-preview":"max-video-preview:-1"},"canonical":"https:\/\/www.nldiagnostica.com.br\/n\/cascade-abrazo\/","og_locale":"pt_BR","og_type":"article","og_title":"Cascade ABRAZO - NL Diagn\u00f3stica","og_description":"[vc_row css_animation=&#8221;&#8221; row_type=&#8221;row&#8221; use_row_as_full_screen_section=&#8221;no&#8221; type=&#8221;grid&#8221; angled_section=&#8221;no&#8221; text_align=&#8221;left&#8221; background_image_as_pattern=&#8221;without_pattern&#8221; css=&#8221;.vc_custom_1522158003754{padding-top: 80px !important;}&#8221; z_index=&#8221;&#8221;][vc_column][qode_elements_holder number_of_columns=&#8221;two_columns&#8221; switch_to_one_column=&#8221;1000&#8243;][qode_elements_holder_item item_padding=&#8221;4% 4% 0 0&#8243; vertical_alignment=&#8221;top&#8221; advanced_animations=&#8221;no&#8221; item_padding_1024_1280=&#8221;7.5% 0 0 0&#8243; item_padding_768_1024=&#8221;0 3% 0 0&#8243; item_padding_600_768=&#8221;0 0 0 0&#8243; item_padding_480_600=&#8221;0 0 0 0&#8243; item_padding_480=&#8221;0 0 0 0&#8243;][vc_column_text] Cascade ABRAZO &#8211; Point of...","og_url":"https:\/\/www.nldiagnostica.com.br\/n\/cascade-abrazo\/","og_site_name":"NL Diagn\u00f3stica","article_publisher":"https:\/\/www.facebook.com\/NLdiagnostica\/","article_modified_time":"2018-04-30T15:16:10+00:00","twitter_card":"summary_large_image","twitter_misc":{"Est. tempo de leitura":"4 minutos"},"schema":{"@context":"https:\/\/schema.org","@graph":[{"@type":"WebSite","@id":"https:\/\/www.nldiagnostica.com.br\/n\/#website","url":"https:\/\/www.nldiagnostica.com.br\/n\/","name":"NL Diagn\u00f3stica","description":"IVD Trusted Solutions Science 1985","potentialAction":[{"@type":"SearchAction","target":{"@type":"EntryPoint","urlTemplate":"https:\/\/www.nldiagnostica.com.br\/n\/?s={search_term_string}"},"query-input":"required name=search_term_string"}],"inLanguage":"pt-BR"},{"@type":"WebPage","@id":"https:\/\/www.nldiagnostica.com.br\/n\/cascade-abrazo\/#webpage","url":"https:\/\/www.nldiagnostica.com.br\/n\/cascade-abrazo\/","name":"Cascade ABRAZO - NL Diagn\u00f3stica","isPartOf":{"@id":"https:\/\/www.nldiagnostica.com.br\/n\/#website"},"datePublished":"2018-03-21T18:27:50+00:00","dateModified":"2018-04-30T15:16:10+00:00","breadcrumb":{"@id":"https:\/\/www.nldiagnostica.com.br\/n\/cascade-abrazo\/#breadcrumb"},"inLanguage":"pt-BR","potentialAction":[{"@type":"ReadAction","target":["https:\/\/www.nldiagnostica.com.br\/n\/cascade-abrazo\/"]}]},{"@type":"BreadcrumbList","@id":"https:\/\/www.nldiagnostica.com.br\/n\/cascade-abrazo\/#breadcrumb","itemListElement":[{"@type":"ListItem","position":1,"name":"In\u00edcio","item":"https:\/\/www.nldiagnostica.com.br\/n\/"},{"@type":"ListItem","position":2,"name":"Cascade ABRAZO"}]}]}},"_links":{"self":[{"href":"https:\/\/www.nldiagnostica.com.br\/n\/wp-json\/wp\/v2\/pages\/451"}],"collection":[{"href":"https:\/\/www.nldiagnostica.com.br\/n\/wp-json\/wp\/v2\/pages"}],"about":[{"href":"https:\/\/www.nldiagnostica.com.br\/n\/wp-json\/wp\/v2\/types\/page"}],"author":[{"embeddable":true,"href":"https:\/\/www.nldiagnostica.com.br\/n\/wp-json\/wp\/v2\/users\/1"}],"replies":[{"embeddable":true,"href":"https:\/\/www.nldiagnostica.com.br\/n\/wp-json\/wp\/v2\/comments?post=451"}],"version-history":[{"count":4,"href":"https:\/\/www.nldiagnostica.com.br\/n\/wp-json\/wp\/v2\/pages\/451\/revisions"}],"predecessor-version":[{"id":729,"href":"https:\/\/www.nldiagnostica.com.br\/n\/wp-json\/wp\/v2\/pages\/451\/revisions\/729"}],"wp:attachment":[{"href":"https:\/\/www.nldiagnostica.com.br\/n\/wp-json\/wp\/v2\/media?parent=451"}],"curies":[{"name":"wp","href":"https:\/\/api.w.org\/{rel}","templated":true}]}}