{"id":354,"date":"2018-03-06T17:06:21","date_gmt":"2018-03-06T20:06:21","guid":{"rendered":"http:\/\/www.nldiagnostica.com.br\/n\/?page_id=354"},"modified":"2018-04-30T11:09:41","modified_gmt":"2018-04-30T14:09:41","slug":"v8","status":"publish","type":"page","link":"https:\/\/www.nldiagnostica.com.br\/n\/v8\/","title":{"rendered":"V8 Eletroforese Capilar"},"content":{"rendered":"<p>[vc_row css_animation=&#8221;&#8221; row_type=&#8221;row&#8221; use_row_as_full_screen_section=&#8221;no&#8221; type=&#8221;grid&#8221; angled_section=&#8221;no&#8221; text_align=&#8221;left&#8221; background_image_as_pattern=&#8221;without_pattern&#8221; css=&#8221;.vc_custom_1456240144578{padding-top: 118px !important;}&#8221;][vc_column][qode_elements_holder number_of_columns=&#8221;two_columns&#8221; switch_to_one_column=&#8221;1000&#8243;][qode_elements_holder_item item_padding=&#8221;4% 4% 0 0&#8243; vertical_alignment=&#8221;top&#8221; advanced_animations=&#8221;no&#8221; item_padding_1024_1280=&#8221;7.5% 0 0 0&#8243; item_padding_768_1024=&#8221;0 3% 0 0&#8243; item_padding_600_768=&#8221;0 0 0 0&#8243; item_padding_480_600=&#8221;0 0 0 0&#8243; item_padding_480=&#8221;0 0 0 0&#8243;][vc_column_text]<\/p>\n<h2>V8 &#8211; Eletroforese Capilar<\/h2>\n<p>[\/vc_column_text][vc_separator type=&#8221;transparent&#8221; thickness=&#8221;0&#8243; up=&#8221;32&#8243; down=&#8221;0&#8243;][vc_column_text]<span style=\"font-size: 13pt;\">O<strong> V8 \u00e9 um sistema de eletroforese capilar automatizado de 8 canais\u00a0<\/strong><\/span><span style=\"font-size: 13pt;\">para an\u00e1lise de amostras \u00a0de soro, urina e sangue total, podendo ser utilizado para processamento de amostras de soro, urina e l\u00edquor como pipetador autom\u00e1tico para o sistema SPIFE (gel de agarose).<\/span><br \/>\n<span style=\"font-size: 13pt;\"><br \/>\nUtilizando kits especialmente desenvolvidos, o V8 oferece uma sofisticada informa\u00e7\u00e3o diagn\u00f3stica, automatizada permitindo assim maior seguran\u00e7a da an\u00e1lise.<\/span>[\/vc_column_text][vc_separator type=&#8221;transparent&#8221; thickness=&#8221;0&#8243; up=&#8221;41&#8243; down=&#8221;0&#8243;][vc_separator type=&#8221;transparent&#8221; thickness=&#8221;0&#8243; up=&#8221;61&#8243; down=&#8221;0&#8243;][\/qode_elements_holder_item][qode_elements_holder_item item_padding=&#8221;0 0 0 12%&#8221; vertical_alignment=&#8221;middle&#8221; advanced_animations=&#8221;no&#8221; item_padding_1024_1280=&#8221;0 0 0 9%&#8221; item_padding_768_1024=&#8221;0 0 0 0&#8243; item_padding_600_768=&#8221;0 0 0 0&#8243; item_padding_480_600=&#8221;0 0 0 0&#8243; item_padding_480=&#8221;0 0 0 0&#8243;][vc_single_image image=&#8221;355&#8243; img_size=&#8221;full&#8221; qode_css_animation=&#8221;&#8221;][vc_separator type=&#8221;transparent&#8221; thickness=&#8221;0&#8243; up=&#8221;61&#8243; down=&#8221;0&#8243;][\/qode_elements_holder_item][\/qode_elements_holder][\/vc_column][\/vc_row][vc_row css_animation=&#8221;&#8221; row_type=&#8221;row&#8221; use_row_as_full_screen_section=&#8221;no&#8221; type=&#8221;grid&#8221; angled_section=&#8221;no&#8221; text_align=&#8221;left&#8221; background_image_as_pattern=&#8221;without_pattern&#8221; css=&#8221;.vc_custom_1456240178362{padding-top: 62px !important;background-color: #f5f5f5 !important;}&#8221;][vc_column][qode_elements_holder number_of_columns=&#8221;two_columns&#8221; switch_to_one_column=&#8221;1000&#8243;][qode_elements_holder_item item_padding=&#8221;0% 11% 0 0%&#8221; vertical_alignment=&#8221;middle&#8221; advanced_animations=&#8221;no&#8221; item_padding_1024_1280=&#8221;0% 11% 0 0%&#8221; item_padding_768_1024=&#8221;0 0 0 0&#8243; item_padding_600_768=&#8221;0 0 0 0&#8243; item_padding_480_600=&#8221;0 0 0 0&#8243; item_padding_480=&#8221;0 0 0 0&#8243;][vc_single_image image=&#8221;361&#8243; img_size=&#8221;full&#8221; qode_css_animation=&#8221;&#8221;][vc_separator type=&#8221;transparent&#8221; thickness=&#8221;0&#8243; up=&#8221;61&#8243; down=&#8221;0&#8243;][\/qode_elements_holder_item][qode_elements_holder_item item_padding=&#8221;4% 4% 0 0&#8243; vertical_alignment=&#8221;top&#8221; advanced_animations=&#8221;no&#8221; item_padding_1024_1280=&#8221;6.5% 0 0 0&#8243; item_padding_768_1024=&#8221;0 0 0 3%&#8221; item_padding_600_768=&#8221;0 0 0 0&#8243; item_padding_480_600=&#8221;0 0 0 0&#8243; item_padding_480=&#8221;0 0 0 0&#8243;][vc_column_text]<\/p>\n<h2>Especifica\u00e7\u00f5es<\/h2>\n<p>[\/vc_column_text][vc_separator type=&#8221;transparent&#8221; thickness=&#8221;0&#8243; up=&#8221;32&#8243; down=&#8221;0&#8243;][vc_column_text]\u2022 Multi ensaio: capacidade de an\u00e1lises simult\u00e2neas dos ensaios<br \/>\n\u2022 Sistema audit\u00e1vel: garante a seguran\u00e7a da an\u00e1lise<br \/>\n\u2022 Altamente especializado: identifica\u00e7\u00e3o inteligente e rean\u00e1lise de amostras anormais<br \/>\n\u2022 Piloto Autom\u00e1tico: basta definir o ensaio, colocar as amostras e fechar o equipamento<br \/>\n\u2022 Plataforma inteligente: maximiza o tempo e a produtividade<br \/>\n\u2022 Automa\u00e7\u00e3o de \u00faltima gera\u00e7\u00e3o: toda a qu\u00edmica, reagentes e tamp\u00f5es, mantida no equipamento<br \/>\n\u2022 Permite eleger amostras urgentes e antecipar resultados<br \/>\n\u2022 Carregamento cont\u00ednuo: permite inclus\u00e3o aleat\u00f3ria de amostras<br \/>\n\u2022 Integra manipula\u00e7\u00e3o de amostras para prepara\u00e7\u00e3o do gel de eletroforese<br \/>\n\u2022 Recupera\u00e7\u00e3o de amostras: acessa amostras testadas para futuras an\u00e1lises de diagn\u00f3sticas<br \/>\n\u2022 Indicadores de status: visualiza\u00e7\u00e3o dos par\u00e2metros do equipamento<br \/>\n\u2022 Sistema verde, ecologicamente correto: baixo consumo de energia[\/vc_column_text][vc_separator type=&#8221;transparent&#8221; thickness=&#8221;0&#8243; up=&#8221;61&#8243; down=&#8221;0&#8243;][\/qode_elements_holder_item][\/qode_elements_holder][\/vc_column][\/vc_row][vc_row css_animation=&#8221;&#8221; row_type=&#8221;row&#8221; use_row_as_full_screen_section=&#8221;no&#8221; type=&#8221;grid&#8221; angled_section=&#8221;no&#8221; text_align=&#8221;left&#8221; background_image_as_pattern=&#8221;without_pattern&#8221; css=&#8221;.vc_custom_1456241038724{padding-top: 62px !important;padding-bottom: 88px !important;}&#8221;][vc_column][qode_elements_holder number_of_columns=&#8221;two_columns&#8221; switch_to_one_column=&#8221;1000&#8243;][qode_elements_holder_item item_padding=&#8221;4% 4% 0 0&#8243; vertical_alignment=&#8221;top&#8221; advanced_animations=&#8221;no&#8221; item_padding_1024_1280=&#8221;7.5% 0 0 0&#8243; item_padding_768_1024=&#8221;0 3% 0 0&#8243; item_padding_600_768=&#8221;0 0 0 0&#8243; item_padding_480_600=&#8221;0 0 0 0&#8243; item_padding_480=&#8221;0 0 0 0&#8243;][vc_column_text]<\/p>\n<h2>V8 estabeleceu<br \/>\nnovos padr\u00f5es<br \/>\nem sua classe.<\/h2>\n<p>[\/vc_column_text][vc_separator type=&#8221;transparent&#8221; thickness=&#8221;0&#8243; up=&#8221;32&#8243; down=&#8221;0&#8243;][vc_column_text]Certificado com <strong>tecnologia patenteada.<\/strong><\/p>\n<p>&nbsp;<\/p>\n<h3><strong>Kits V8<\/strong><\/h3>\n<p>Prote\u00ednas s\u00e9ricas &#8211; V8 SPE | <strong>C\u00d3D.<\/strong> HB.800500<br \/>\nHemoglobinas Isoeletrofocaliza\u00e7\u00e3o &#8211; V8 Hemoglobin IEF | <strong>C\u00d3D.<\/strong> HB.800900<br \/>\nImunodeslocamento &#8211; ID (IgG, IgA, IgM, Kappa e Lambda) | <strong>C\u00d3D.<\/strong> HB.800300[\/vc_column_text][vc_separator type=&#8221;transparent&#8221; thickness=&#8221;0&#8243; up=&#8221;41&#8243; down=&#8221;0&#8243;][vc_separator type=&#8221;transparent&#8221; thickness=&#8221;0&#8243; up=&#8221;61&#8243; down=&#8221;0&#8243;][\/qode_elements_holder_item][qode_elements_holder_item item_padding=&#8221;0 0 0 12%&#8221; vertical_alignment=&#8221;middle&#8221; advanced_animations=&#8221;no&#8221; item_padding_1024_1280=&#8221;0 0 0 9%&#8221; item_padding_768_1024=&#8221;0 0 0 0&#8243; item_padding_600_768=&#8221;0 0 0 0&#8243; item_padding_480_600=&#8221;0 0 0 0&#8243; item_padding_480=&#8221;0 0 0 0&#8243;][vc_video link=&#8221;https:\/\/youtu.be\/xZ5A3uOKWJA&#8221;][vc_separator type=&#8221;transparent&#8221; thickness=&#8221;0&#8243; up=&#8221;61&#8243; down=&#8221;0&#8243;][\/qode_elements_holder_item][\/qode_elements_holder][\/vc_column][\/vc_row][vc_row css_animation=&#8221;&#8221; row_type=&#8221;row&#8221; use_row_as_full_screen_section=&#8221;no&#8221; type=&#8221;grid&#8221; angled_section=&#8221;no&#8221; text_align=&#8221;left&#8221; background_image_as_pattern=&#8221;without_pattern&#8221; css=&#8221;.vc_custom_1520555987211{padding-top: 51px !important;padding-bottom: 51px !important;background-color: #939598 !important;}&#8221; z_index=&#8221;&#8221;][vc_column]<div class='qode_carousels_holder clearfix'><div class='qode_carousels' data-number-of-visible-items=''><ul class='slides'><li class='item'><div class=\"carousel_item_holder\"><a itemprop='url' href='#' target='_self'><span class='first_image_holder has_hover_image'><img itemprop=\"image\" src=\"http:\/\/www.nldiagnostica.com.br\/n\/wp-content\/uploads\/2018\/02\/Helena_1claro.png\" alt=\"carousel image\" \/><\/span><span class='second_image_holder has_hover_image'><img itemprop=\"image\" src=\"http:\/\/www.nldiagnostica.com.br\/n\/wp-content\/uploads\/2018\/02\/Helena_1normal.png\" alt=\"carousel image\" \/><\/span><\/a><\/div><\/li><li class='item'><div class=\"carousel_item_holder\"><a itemprop='url' href='#' target='_self'><span class='first_image_holder has_hover_image'><img itemprop=\"image\" src=\"http:\/\/www.nldiagnostica.com.br\/n\/wp-content\/uploads\/2018\/02\/Helena_2claro.png\" alt=\"carousel image\" \/><\/span><span class='second_image_holder has_hover_image'><img itemprop=\"image\" src=\"http:\/\/www.nldiagnostica.com.br\/n\/wp-content\/uploads\/2018\/02\/Helena_2normal.png\" alt=\"carousel image\" \/><\/span><\/a><\/div><\/li><li class='item'><div class=\"carousel_item_holder\"><a itemprop='url' href='#' target='_self'><span class='first_image_holder has_hover_image'><img itemprop=\"image\" src=\"http:\/\/www.nldiagnostica.com.br\/n\/wp-content\/uploads\/2018\/02\/Meridian_3claro.png\" alt=\"carousel image\" \/><\/span><span class='second_image_holder has_hover_image'><img itemprop=\"image\" src=\"http:\/\/www.nldiagnostica.com.br\/n\/wp-content\/uploads\/2018\/02\/Meridian_3normal.png\" alt=\"carousel image\" \/><\/span><\/a><\/div><\/li><li class='item'><div class=\"carousel_item_holder\"><a itemprop='url' href='#' target='_self'><span class='first_image_holder has_hover_image'><img itemprop=\"image\" src=\"http:\/\/www.nldiagnostica.com.br\/n\/wp-content\/uploads\/2018\/02\/Corgenix_4claro.png\" alt=\"carousel image\" \/><\/span><span class='second_image_holder has_hover_image'><img itemprop=\"image\" src=\"http:\/\/www.nldiagnostica.com.br\/n\/wp-content\/uploads\/2018\/02\/Corgenix_4normal.png\" alt=\"carousel image\" \/><\/span><\/a><\/div><\/li><li class='item'><div class=\"carousel_item_holder\"><a itemprop='url' href='#' target='_self'><span class='first_image_holder has_hover_image'><img itemprop=\"image\" src=\"http:\/\/www.nldiagnostica.com.br\/n\/wp-content\/uploads\/2018\/02\/Coproplus_5claro.png\" alt=\"carousel image\" \/><\/span><span class='second_image_holder has_hover_image'><img itemprop=\"image\" src=\"http:\/\/www.nldiagnostica.com.br\/n\/wp-content\/uploads\/2018\/02\/Coproplus_5normal.png\" alt=\"carousel image\" \/><\/span><\/a><\/div><\/li><li class='item'><div class=\"carousel_item_holder\"><a itemprop='url' href='#' target='_self'><span class='first_image_holder has_hover_image'><img itemprop=\"image\" src=\"http:\/\/www.nldiagnostica.com.br\/n\/wp-content\/uploads\/2020\/04\/Cellex_1claro.png\" alt=\"carousel image\" \/><\/span><span class='second_image_holder has_hover_image'><img itemprop=\"image\" src=\"http:\/\/www.nldiagnostica.com.br\/n\/wp-content\/uploads\/2020\/04\/Cellex_1normal.png\" alt=\"carousel image\" \/><\/span><\/a><\/div><\/li><li class='item'><div class=\"carousel_item_holder\"><a itemprop='url' href='#' target='_self'><span class='first_image_holder has_hover_image'><img itemprop=\"image\" src=\"https:\/\/www.nldiagnostica.com.br\/n\/wp-content\/uploads\/2021\/03\/Genscript_bco_Claro.png\" alt=\"carousel image\" \/><\/span><span class='second_image_holder has_hover_image'><img itemprop=\"image\" src=\"https:\/\/www.nldiagnostica.com.br\/n\/wp-content\/uploads\/2021\/03\/Genscript_bco.png\" alt=\"carousel image\" \/><\/span><\/a><\/div><\/li><\/ul><\/div><\/div>[\/vc_column][\/vc_row]<\/p>\n","protected":false},"excerpt":{"rendered":"<p>[vc_row css_animation=&#8221;&#8221; row_type=&#8221;row&#8221; use_row_as_full_screen_section=&#8221;no&#8221; type=&#8221;grid&#8221; angled_section=&#8221;no&#8221; text_align=&#8221;left&#8221; background_image_as_pattern=&#8221;without_pattern&#8221; css=&#8221;.vc_custom_1456240144578{padding-top: 118px !important;}&#8221;][vc_column][qode_elements_holder number_of_columns=&#8221;two_columns&#8221; switch_to_one_column=&#8221;1000&#8243;][qode_elements_holder_item item_padding=&#8221;4% 4% 0 0&#8243; vertical_alignment=&#8221;top&#8221; advanced_animations=&#8221;no&#8221; item_padding_1024_1280=&#8221;7.5% 0 0 0&#8243; item_padding_768_1024=&#8221;0 3% 0 0&#8243; item_padding_600_768=&#8221;0 0 0 0&#8243; item_padding_480_600=&#8221;0 0 0 0&#8243; item_padding_480=&#8221;0 0 0 0&#8243;][vc_column_text] V8 &#8211; Eletroforese Capilar [\/vc_column_text][vc_separator type=&#8221;transparent&#8221;&#8230;<\/p>\n","protected":false},"author":1,"featured_media":0,"parent":0,"menu_order":0,"comment_status":"closed","ping_status":"closed","template":"full_width.php","meta":[],"yoast_head":"<!-- This site is optimized with the Yoast SEO plugin v18.2 - https:\/\/yoast.com\/wordpress\/plugins\/seo\/ -->\n<meta name=\"robots\" content=\"index, follow, max-snippet:-1, max-image-preview:large, max-video-preview:-1\" \/>\n<link rel=\"canonical\" href=\"https:\/\/www.nldiagnostica.com.br\/n\/v8\/\" \/>\n<meta property=\"og:locale\" content=\"pt_BR\" \/>\n<meta property=\"og:type\" content=\"article\" \/>\n<meta property=\"og:title\" content=\"V8 Eletroforese Capilar - NL Diagn\u00f3stica\" \/>\n<meta property=\"og:description\" content=\"[vc_row css_animation=&#8221;&#8221; row_type=&#8221;row&#8221; use_row_as_full_screen_section=&#8221;no&#8221; type=&#8221;grid&#8221; angled_section=&#8221;no&#8221; text_align=&#8221;left&#8221; background_image_as_pattern=&#8221;without_pattern&#8221; css=&#8221;.vc_custom_1456240144578{padding-top: 118px !important;}&#8221;][vc_column][qode_elements_holder number_of_columns=&#8221;two_columns&#8221; switch_to_one_column=&#8221;1000&#8243;][qode_elements_holder_item item_padding=&#8221;4% 4% 0 0&#8243; vertical_alignment=&#8221;top&#8221; advanced_animations=&#8221;no&#8221; item_padding_1024_1280=&#8221;7.5% 0 0 0&#8243; item_padding_768_1024=&#8221;0 3% 0 0&#8243; item_padding_600_768=&#8221;0 0 0 0&#8243; item_padding_480_600=&#8221;0 0 0 0&#8243; item_padding_480=&#8221;0 0 0 0&#8243;][vc_column_text] V8 &#8211; Eletroforese Capilar [\/vc_column_text][vc_separator type=&#8221;transparent&#8221;...\" \/>\n<meta property=\"og:url\" content=\"https:\/\/www.nldiagnostica.com.br\/n\/v8\/\" \/>\n<meta property=\"og:site_name\" content=\"NL Diagn\u00f3stica\" \/>\n<meta property=\"article:publisher\" content=\"https:\/\/www.facebook.com\/NLdiagnostica\/\" \/>\n<meta property=\"article:modified_time\" content=\"2018-04-30T14:09:41+00:00\" \/>\n<meta name=\"twitter:card\" content=\"summary_large_image\" \/>\n<meta name=\"twitter:label1\" content=\"Est. tempo de leitura\" \/>\n\t<meta name=\"twitter:data1\" content=\"4 minutos\" \/>\n<script type=\"application\/ld+json\" class=\"yoast-schema-graph\">{\"@context\":\"https:\/\/schema.org\",\"@graph\":[{\"@type\":\"WebSite\",\"@id\":\"https:\/\/www.nldiagnostica.com.br\/n\/#website\",\"url\":\"https:\/\/www.nldiagnostica.com.br\/n\/\",\"name\":\"NL Diagn\u00f3stica\",\"description\":\"IVD Trusted Solutions Science 1985\",\"potentialAction\":[{\"@type\":\"SearchAction\",\"target\":{\"@type\":\"EntryPoint\",\"urlTemplate\":\"https:\/\/www.nldiagnostica.com.br\/n\/?s={search_term_string}\"},\"query-input\":\"required name=search_term_string\"}],\"inLanguage\":\"pt-BR\"},{\"@type\":\"WebPage\",\"@id\":\"https:\/\/www.nldiagnostica.com.br\/n\/v8\/#webpage\",\"url\":\"https:\/\/www.nldiagnostica.com.br\/n\/v8\/\",\"name\":\"V8 Eletroforese Capilar - NL Diagn\u00f3stica\",\"isPartOf\":{\"@id\":\"https:\/\/www.nldiagnostica.com.br\/n\/#website\"},\"datePublished\":\"2018-03-06T20:06:21+00:00\",\"dateModified\":\"2018-04-30T14:09:41+00:00\",\"breadcrumb\":{\"@id\":\"https:\/\/www.nldiagnostica.com.br\/n\/v8\/#breadcrumb\"},\"inLanguage\":\"pt-BR\",\"potentialAction\":[{\"@type\":\"ReadAction\",\"target\":[\"https:\/\/www.nldiagnostica.com.br\/n\/v8\/\"]}]},{\"@type\":\"BreadcrumbList\",\"@id\":\"https:\/\/www.nldiagnostica.com.br\/n\/v8\/#breadcrumb\",\"itemListElement\":[{\"@type\":\"ListItem\",\"position\":1,\"name\":\"In\u00edcio\",\"item\":\"https:\/\/www.nldiagnostica.com.br\/n\/\"},{\"@type\":\"ListItem\",\"position\":2,\"name\":\"V8 Eletroforese Capilar\"}]}]}<\/script>\n<!-- \/ Yoast SEO plugin. -->","yoast_head_json":{"robots":{"index":"index","follow":"follow","max-snippet":"max-snippet:-1","max-image-preview":"max-image-preview:large","max-video-preview":"max-video-preview:-1"},"canonical":"https:\/\/www.nldiagnostica.com.br\/n\/v8\/","og_locale":"pt_BR","og_type":"article","og_title":"V8 Eletroforese Capilar - NL Diagn\u00f3stica","og_description":"[vc_row css_animation=&#8221;&#8221; row_type=&#8221;row&#8221; use_row_as_full_screen_section=&#8221;no&#8221; type=&#8221;grid&#8221; angled_section=&#8221;no&#8221; text_align=&#8221;left&#8221; background_image_as_pattern=&#8221;without_pattern&#8221; css=&#8221;.vc_custom_1456240144578{padding-top: 118px !important;}&#8221;][vc_column][qode_elements_holder number_of_columns=&#8221;two_columns&#8221; switch_to_one_column=&#8221;1000&#8243;][qode_elements_holder_item item_padding=&#8221;4% 4% 0 0&#8243; vertical_alignment=&#8221;top&#8221; advanced_animations=&#8221;no&#8221; item_padding_1024_1280=&#8221;7.5% 0 0 0&#8243; item_padding_768_1024=&#8221;0 3% 0 0&#8243; item_padding_600_768=&#8221;0 0 0 0&#8243; item_padding_480_600=&#8221;0 0 0 0&#8243; item_padding_480=&#8221;0 0 0 0&#8243;][vc_column_text] V8 &#8211; Eletroforese Capilar [\/vc_column_text][vc_separator type=&#8221;transparent&#8221;...","og_url":"https:\/\/www.nldiagnostica.com.br\/n\/v8\/","og_site_name":"NL Diagn\u00f3stica","article_publisher":"https:\/\/www.facebook.com\/NLdiagnostica\/","article_modified_time":"2018-04-30T14:09:41+00:00","twitter_card":"summary_large_image","twitter_misc":{"Est. tempo de leitura":"4 minutos"},"schema":{"@context":"https:\/\/schema.org","@graph":[{"@type":"WebSite","@id":"https:\/\/www.nldiagnostica.com.br\/n\/#website","url":"https:\/\/www.nldiagnostica.com.br\/n\/","name":"NL Diagn\u00f3stica","description":"IVD Trusted Solutions Science 1985","potentialAction":[{"@type":"SearchAction","target":{"@type":"EntryPoint","urlTemplate":"https:\/\/www.nldiagnostica.com.br\/n\/?s={search_term_string}"},"query-input":"required name=search_term_string"}],"inLanguage":"pt-BR"},{"@type":"WebPage","@id":"https:\/\/www.nldiagnostica.com.br\/n\/v8\/#webpage","url":"https:\/\/www.nldiagnostica.com.br\/n\/v8\/","name":"V8 Eletroforese Capilar - NL Diagn\u00f3stica","isPartOf":{"@id":"https:\/\/www.nldiagnostica.com.br\/n\/#website"},"datePublished":"2018-03-06T20:06:21+00:00","dateModified":"2018-04-30T14:09:41+00:00","breadcrumb":{"@id":"https:\/\/www.nldiagnostica.com.br\/n\/v8\/#breadcrumb"},"inLanguage":"pt-BR","potentialAction":[{"@type":"ReadAction","target":["https:\/\/www.nldiagnostica.com.br\/n\/v8\/"]}]},{"@type":"BreadcrumbList","@id":"https:\/\/www.nldiagnostica.com.br\/n\/v8\/#breadcrumb","itemListElement":[{"@type":"ListItem","position":1,"name":"In\u00edcio","item":"https:\/\/www.nldiagnostica.com.br\/n\/"},{"@type":"ListItem","position":2,"name":"V8 Eletroforese Capilar"}]}]}},"_links":{"self":[{"href":"https:\/\/www.nldiagnostica.com.br\/n\/wp-json\/wp\/v2\/pages\/354"}],"collection":[{"href":"https:\/\/www.nldiagnostica.com.br\/n\/wp-json\/wp\/v2\/pages"}],"about":[{"href":"https:\/\/www.nldiagnostica.com.br\/n\/wp-json\/wp\/v2\/types\/page"}],"author":[{"embeddable":true,"href":"https:\/\/www.nldiagnostica.com.br\/n\/wp-json\/wp\/v2\/users\/1"}],"replies":[{"embeddable":true,"href":"https:\/\/www.nldiagnostica.com.br\/n\/wp-json\/wp\/v2\/comments?post=354"}],"version-history":[{"count":12,"href":"https:\/\/www.nldiagnostica.com.br\/n\/wp-json\/wp\/v2\/pages\/354\/revisions"}],"predecessor-version":[{"id":713,"href":"https:\/\/www.nldiagnostica.com.br\/n\/wp-json\/wp\/v2\/pages\/354\/revisions\/713"}],"wp:attachment":[{"href":"https:\/\/www.nldiagnostica.com.br\/n\/wp-json\/wp\/v2\/media?parent=354"}],"curies":[{"name":"wp","href":"https:\/\/api.w.org\/{rel}","templated":true}]}}