{"id":1880,"date":"2023-06-13T09:47:37","date_gmt":"2023-06-13T12:47:37","guid":{"rendered":"https:\/\/www.nldiagnostica.com.br\/n\/?page_id=1880"},"modified":"2023-07-06T12:26:14","modified_gmt":"2023-07-06T15:26:14","slug":"testes-rapidos","status":"publish","type":"page","link":"https:\/\/www.nldiagnostica.com.br\/n\/testes-rapidos\/","title":{"rendered":"Testes R\u00e1pidos"},"content":{"rendered":"<p>[vc_row css_animation=&#8221;&#8221; row_type=&#8221;row&#8221; use_row_as_full_screen_section=&#8221;no&#8221; type=&#8221;grid&#8221; angled_section=&#8221;no&#8221; text_align=&#8221;left&#8221; background_image_as_pattern=&#8221;without_pattern&#8221; css=&#8221;.vc_custom_1686677129105{padding-top: 80px !important;}&#8221; z_index=&#8221;&#8221;][vc_column][qode_elements_holder number_of_columns=&#8221;two_columns&#8221; switch_to_one_column=&#8221;1000&#8243;][qode_elements_holder_item item_padding=&#8221;4% 4% 0 0&#8243; vertical_alignment=&#8221;top&#8221; advanced_animations=&#8221;no&#8221; item_padding_1024_1280=&#8221;7.5% 0 0 0&#8243; item_padding_768_1024=&#8221;0 3% 0 0&#8243; item_padding_600_768=&#8221;0 0 0 0&#8243; item_padding_480_600=&#8221;0 0 0 0&#8243; item_padding_480=&#8221;0 0 0 0&#8243;][vc_column_text]<\/p>\n<h2><span style=\"font-size: 24pt;\">Testes R\u00e1pidos<\/span><\/h2>\n<p>[\/vc_column_text][vc_separator type=&#8221;transparent&#8221; thickness=&#8221;0&#8243; up=&#8221;32&#8243; down=&#8221;0&#8243;][vc_column_text]<span style=\"font-size: 14pt;\">Conhe\u00e7a nossa linha completa <\/span><\/p>\n<p><span style=\"font-size: 14pt;\">de <strong>Testes R\u00e1pidos.<\/strong><\/span>[\/vc_column_text][vc_separator type=&#8221;transparent&#8221; thickness=&#8221;0&#8243; up=&#8221;61&#8243; down=&#8221;0&#8243;][\/qode_elements_holder_item][qode_elements_holder_item item_padding=&#8221;0 0 0 12%&#8221; vertical_alignment=&#8221;middle&#8221; advanced_animations=&#8221;no&#8221; item_padding_1024_1280=&#8221;0 0 0 9%&#8221; item_padding_768_1024=&#8221;0 0 0 0&#8243; item_padding_600_768=&#8221;0 0 0 0&#8243; item_padding_480_600=&#8221;0 0 0 0&#8243; item_padding_480=&#8221;0 0 0 0&#8243;][vc_single_image image=&#8221;1883&#8243; img_size=&#8221;medium&#8221; qode_css_animation=&#8221;&#8221;][vc_separator type=&#8221;transparent&#8221; thickness=&#8221;0&#8243; up=&#8221;32&#8243; down=&#8221;0&#8243;][\/qode_elements_holder_item][\/qode_elements_holder][\/vc_column][\/vc_row][vc_row css_animation=&#8221;&#8221; row_type=&#8221;row&#8221; use_row_as_full_screen_section=&#8221;no&#8221; type=&#8221;grid&#8221; angled_section=&#8221;no&#8221; text_align=&#8221;left&#8221; background_image_as_pattern=&#8221;without_pattern&#8221; css=&#8221;.vc_custom_1688657030506{padding-top: 62px !important;background-color: #19155b !important;}&#8221; z_index=&#8221;&#8221;][vc_column][qode_elements_holder number_of_columns=&#8221;two_columns&#8221; switch_to_one_column=&#8221;1000&#8243;][qode_elements_holder_item item_padding=&#8221;0% 0% 0% 0%&#8221; vertical_alignment=&#8221;top&#8221; horizontal_alignment=&#8221;left&#8221; advanced_animations=&#8221;no&#8221; item_padding_1024_1280=&#8221;0% 11% 0 0%&#8221; item_padding_768_1024=&#8221;0 0 0 0&#8243; item_padding_600_768=&#8221;0 0 0 0&#8243; item_padding_480_600=&#8221;0 0 0 0&#8243; item_padding_480=&#8221;0 0 0 0&#8243;][vc_column_text]<\/p>\n<h2><span style=\"font-size: 24pt; color: #ff6600;\">Infecciosas<\/span><\/h2>\n<p>[\/vc_column_text][vc_separator type=&#8221;transparent&#8221; thickness=&#8221;0&#8243; up=&#8221;18&#8243; down=&#8221;0&#8243;][vc_column_text]<span style=\"color: #ffffff;\"><strong><span style=\"font-size: 14pt;\">\u2022 Streptococcus A<\/span><\/strong><\/span><br \/>\n<span style=\"color: #ffffff;\"><strong><span style=\"font-size: 14pt;\">\u2022 Streptococcus B<\/span><\/strong><\/span><br \/>\n<span style=\"color: #ffffff;\"><strong><span style=\"font-size: 14pt;\">\u2022 Sifilis IgG\/IgM<\/span><\/strong><\/span><br \/>\n<span style=\"color: #ffffff;\"><strong><span style=\"font-size: 14pt;\">\u2022 Sifilis\/HIV Combo<\/span><\/strong><\/span><br \/>\n<span style=\"color: #ffffff;\"><strong><span style=\"font-size: 14pt;\">\u2022 Chlamydia<\/span><\/strong><\/span><br \/>\n<span style=\"color: #ffffff;\"><strong><span style=\"font-size: 14pt;\">\u2022 HBsAg<\/span><\/strong><\/span><br \/>\n<span style=\"color: #ffffff;\"><strong><span style=\"font-size: 14pt;\">\u2022 H pylori<\/span><\/strong><\/span><br \/>\n<span style=\"color: #ffffff;\"><strong><span style=\"font-size: 14pt;\">\u2022 HSV<\/span><\/strong><\/span><br \/>\n<span style=\"color: #ffffff;\"><strong><span style=\"font-size: 14pt;\">\u2022 Tuberculose<\/span><\/strong><\/span><br \/>\n<span style=\"color: #ffffff;\"><strong><span style=\"font-size: 14pt;\">\u2022 HAV IgG e IgM<\/span><\/strong><\/span><br \/>\n<span style=\"color: #ffffff;\"><strong><span style=\"font-size: 14pt;\">\u2022 HCV<\/span><\/strong><\/span><br \/>\n<span style=\"color: #ffffff;\"><strong><span style=\"font-size: 14pt;\">\u2022 HIV 1\/2<\/span><\/strong><\/span><br \/>\n<span style=\"color: #ffffff;\"><strong><span style=\"font-size: 14pt;\">\u2022 Mal\u00e1ria<\/span><\/strong><\/span><br \/>\n<span style=\"color: #ffffff;\"><strong><span style=\"font-size: 14pt;\">\u2022 Citomegalovirus IgG\/IgM<\/span><\/strong><\/span>[\/vc_column_text][vc_separator type=&#8221;transparent&#8221; thickness=&#8221;0&#8243; up=&#8221;32&#8243; down=&#8221;0&#8243;][\/qode_elements_holder_item][qode_elements_holder_item item_padding=&#8221;0% 4% 0 0&#8243; vertical_alignment=&#8221;top&#8221; advanced_animations=&#8221;no&#8221; item_padding_1024_1280=&#8221;6.5% 0 0 0&#8243; item_padding_768_1024=&#8221;0 0 0 3%&#8221; item_padding_600_768=&#8221;0 0 0 0&#8243; item_padding_480_600=&#8221;0 0 0 0&#8243; item_padding_480=&#8221;0 0 0 0&#8243;][vc_column_text]<\/p>\n<h2><span style=\"color: #ff6600;\">Arboviroses<\/span><\/h2>\n<p>[\/vc_column_text][vc_separator type=&#8221;transparent&#8221; thickness=&#8221;0&#8243; up=&#8221;18&#8243; down=&#8221;0&#8243;][vc_column_text]<span style=\"color: #ffffff;\"><strong><span style=\"font-size: 14pt;\">\u2022 Dengue IgG\/IgM<\/span><\/strong><\/span><br \/>\n<span style=\"color: #ffffff;\"><strong><span style=\"font-size: 14pt;\">\u2022 Dengue COMBO IgG\/IgM e NS1<\/span><\/strong><\/span><br \/>\n<span style=\"color: #ffffff;\"><strong><span style=\"font-size: 14pt;\">\u2022 Dengue NS1<\/span><\/strong><\/span><br \/>\n<span style=\"color: #ffffff;\"><strong><span style=\"font-size: 14pt;\">\u2022 Zika<\/span><\/strong><\/span><br \/>\n<span style=\"color: #ffffff;\"><strong><span style=\"font-size: 14pt;\">\u2022 Chikungunya<\/span><\/strong><\/span>[\/vc_column_text][vc_separator type=&#8221;transparent&#8221; thickness=&#8221;0&#8243; up=&#8221;32&#8243; down=&#8221;0&#8243;][vc_column_text]<\/p>\n<h2><span style=\"color: #ff6600;\">Gastro<\/span><\/h2>\n<p>[\/vc_column_text][vc_separator type=&#8221;transparent&#8221; thickness=&#8221;0&#8243; up=&#8221;18&#8243; down=&#8221;0&#8243;][vc_column_text]<span style=\"color: #ffffff;\"><strong><span style=\"font-size: 14pt;\">\u2022 Sangue Oculto<\/span><\/strong><\/span><br \/>\n<span style=\"color: #ffffff;\"><strong><span style=\"font-size: 14pt;\">\u2022 Calprotectina<\/span><\/strong><\/span>[\/vc_column_text][vc_separator type=&#8221;transparent&#8221; thickness=&#8221;0&#8243; up=&#8221;32&#8243; down=&#8221;0&#8243;][vc_column_text]<\/p>\n<h2><span style=\"color: #ff6600;\">Gravidez<\/span><\/h2>\n<p>[\/vc_column_text][vc_separator type=&#8221;transparent&#8221; thickness=&#8221;0&#8243; up=&#8221;18&#8243; down=&#8221;0&#8243;][vc_column_text]<span style=\"color: #ffffff;\"><strong><span style=\"font-size: 14pt;\">\u2022 HCG<\/span><\/strong><\/span>[\/vc_column_text][\/qode_elements_holder_item][\/qode_elements_holder][\/vc_column][\/vc_row][vc_row css_animation=&#8221;&#8221; row_type=&#8221;row&#8221; use_row_as_full_screen_section=&#8221;no&#8221; type=&#8221;grid&#8221; angled_section=&#8221;no&#8221; text_align=&#8221;left&#8221; background_image_as_pattern=&#8221;without_pattern&#8221; css=&#8221;.vc_custom_1456241038724{padding-top: 62px !important;padding-bottom: 88px !important;}&#8221;][vc_column][qode_elements_holder number_of_columns=&#8221;two_columns&#8221; switch_to_one_column=&#8221;1000&#8243;][qode_elements_holder_item item_padding=&#8221;0% 4% 0 0&#8243; vertical_alignment=&#8221;top&#8221; advanced_animations=&#8221;no&#8221; item_padding_1024_1280=&#8221;7.5% 0 0 0&#8243; item_padding_768_1024=&#8221;0 3% 0 0&#8243; item_padding_600_768=&#8221;0 0 0 0&#8243; item_padding_480_600=&#8221;0 0 0 0&#8243; item_padding_480=&#8221;0 0 0 0&#8243;][vc_column_text]<\/p>\n<h2><span style=\"color: #ff6600;\">Respirat\u00f3rios<\/span><\/h2>\n<p>[\/vc_column_text][vc_separator type=&#8221;transparent&#8221; thickness=&#8221;0&#8243; up=&#8221;18&#8243; down=&#8221;0&#8243;][vc_column_text]<span style=\"color: #19155b;\"><strong><span style=\"font-size: 14pt;\">\u2022 Influenza A + B (H1N1)<\/span><\/strong><\/span><br \/>\n<span style=\"color: #19155b;\"><strong><span style=\"font-size: 14pt;\">\u2022 RSV<\/span><\/strong><\/span><br \/>\n<span style=\"color: #19155b;\"><strong><span style=\"font-size: 14pt;\">\u2022 COVID 19+ Influenza A e B COMBO<\/span><\/strong><\/span><br \/>\n<span style=\"color: #19155b;\"><strong><span style=\"font-size: 14pt;\">\u2022 COVID Teste R\u00e1pido Antigeno Swab<\/span><\/strong><\/span><br \/>\n<span style=\"color: #19155b;\"><strong><span style=\"font-size: 14pt;\">\u2022 COVID Teste R\u00e1pido Anticorpos IgG e IgM<\/span><\/strong><\/span><br \/>\n<span style=\"color: #19155b;\"><strong><span style=\"font-size: 14pt;\">\u2022 COVID Teste R\u00e1pido Saliva<\/span><\/strong><\/span>[\/vc_column_text][vc_separator type=&#8221;transparent&#8221; thickness=&#8221;0&#8243; up=&#8221;32&#8243; down=&#8221;0&#8243;][vc_column_text]<\/p>\n<h2><span style=\"color: #ff6600;\">Parasito<\/span><\/h2>\n<p>[\/vc_column_text][vc_separator type=&#8221;transparent&#8221; thickness=&#8221;0&#8243; up=&#8221;18&#8243; down=&#8221;0&#8243;][vc_column_text]<span style=\"color: #19155b;\"><strong><span style=\"font-size: 14pt;\">\u2022 Rotavirus e Adenovirus Combo<\/span><\/strong><\/span><br \/>\n<span style=\"color: #19155b;\"><strong><span style=\"font-size: 14pt;\">\u2022 Giardia<\/span><\/strong><\/span><br \/>\n<span style=\"color: #19155b;\"><strong><span style=\"font-size: 14pt;\">\u2022 Clostridium Difficile GDH + Toxinas A e B<\/span><\/strong><\/span>[\/vc_column_text][\/qode_elements_holder_item][qode_elements_holder_item item_padding=&#8221;0 0 0 0%&#8221; vertical_alignment=&#8221;top&#8221; horizontal_alignment=&#8221;left&#8221; advanced_animations=&#8221;no&#8221; item_padding_1024_1280=&#8221;0 0 0 9%&#8221; item_padding_768_1024=&#8221;0 0 0 0&#8243; item_padding_600_768=&#8221;0 0 0 0&#8243; item_padding_480_600=&#8221;0 0 0 0&#8243; item_padding_480=&#8221;0 0 0 0&#8243;][vc_column_text]<\/p>\n<h2><span style=\"color: #ff6600;\">Marcador Card\u00edaco<\/span><\/h2>\n<p>[\/vc_column_text][vc_separator type=&#8221;transparent&#8221; thickness=&#8221;0&#8243; up=&#8221;18&#8243; down=&#8221;0&#8243;][vc_column_text]<span style=\"color: #19155b;\"><strong><span style=\"font-size: 14pt;\">\u2022 Troponina<\/span><\/strong><\/span><br \/>\n<span style=\"color: #19155b;\"><strong><span style=\"font-size: 14pt;\">\u2022 D-Dimero<\/span><\/strong><\/span><br \/>\n<span style=\"color: #19155b;\"><strong><span style=\"font-size: 14pt;\">\u2022 Mioglobina<\/span><\/strong><\/span>[\/vc_column_text][vc_separator type=&#8221;transparent&#8221; thickness=&#8221;0&#8243; up=&#8221;30&#8243; down=&#8221;0&#8243;][vc_column_text]<\/p>\n<h2><span style=\"color: #ff6600;\">Marcador Tumoral<\/span><\/h2>\n<p>[\/vc_column_text][vc_separator type=&#8221;transparent&#8221; thickness=&#8221;0&#8243; up=&#8221;18&#8243; down=&#8221;0&#8243;][vc_column_text]<span style=\"color: #19155b;\"><strong><span style=\"font-size: 14pt;\">\u2022 PSA<\/span><\/strong><\/span>[\/vc_column_text][vc_separator type=&#8221;transparent&#8221; thickness=&#8221;0&#8243; up=&#8221;30&#8243; down=&#8221;0&#8243;][vc_column_text]<\/p>\n<h2><span style=\"color: #ff6600;\">Drogas de Abuso<\/span><\/h2>\n<p>[\/vc_column_text][vc_separator type=&#8221;transparent&#8221; thickness=&#8221;0&#8243; up=&#8221;18&#8243; down=&#8221;0&#8243;][vc_column_text]<span style=\"color: #19155b;\"><strong><span style=\"font-size: 14pt;\">\u2022 Multidrogas-7<\/span><\/strong><\/span>[\/vc_column_text][\/qode_elements_holder_item][\/qode_elements_holder][\/vc_column][\/vc_row][vc_row css_animation=&#8221;&#8221; row_type=&#8221;row&#8221; use_row_as_full_screen_section=&#8221;no&#8221; type=&#8221;grid&#8221; angled_section=&#8221;no&#8221; text_align=&#8221;left&#8221; background_image_as_pattern=&#8221;without_pattern&#8221; css=&#8221;.vc_custom_1520555987211{padding-top: 51px !important;padding-bottom: 51px !important;background-color: #939598 !important;}&#8221; z_index=&#8221;&#8221;][vc_column]<div class='qode_carousels_holder clearfix'><div class='qode_carousels' data-number-of-visible-items=''><ul class='slides'><li class='item'><div class=\"carousel_item_holder\"><a itemprop='url' href='#' target='_self'><span class='first_image_holder has_hover_image'><img itemprop=\"image\" src=\"http:\/\/www.nldiagnostica.com.br\/n\/wp-content\/uploads\/2018\/02\/Helena_1claro.png\" alt=\"carousel image\" \/><\/span><span class='second_image_holder has_hover_image'><img itemprop=\"image\" src=\"http:\/\/www.nldiagnostica.com.br\/n\/wp-content\/uploads\/2018\/02\/Helena_1normal.png\" alt=\"carousel image\" \/><\/span><\/a><\/div><\/li><li class='item'><div class=\"carousel_item_holder\"><a itemprop='url' href='#' target='_self'><span class='first_image_holder has_hover_image'><img itemprop=\"image\" src=\"http:\/\/www.nldiagnostica.com.br\/n\/wp-content\/uploads\/2018\/02\/Helena_2claro.png\" alt=\"carousel image\" \/><\/span><span class='second_image_holder has_hover_image'><img itemprop=\"image\" src=\"http:\/\/www.nldiagnostica.com.br\/n\/wp-content\/uploads\/2018\/02\/Helena_2normal.png\" alt=\"carousel image\" \/><\/span><\/a><\/div><\/li><li class='item'><div class=\"carousel_item_holder\"><a itemprop='url' href='#' target='_self'><span class='first_image_holder has_hover_image'><img itemprop=\"image\" src=\"http:\/\/www.nldiagnostica.com.br\/n\/wp-content\/uploads\/2018\/02\/Meridian_3claro.png\" alt=\"carousel image\" \/><\/span><span class='second_image_holder has_hover_image'><img itemprop=\"image\" src=\"http:\/\/www.nldiagnostica.com.br\/n\/wp-content\/uploads\/2018\/02\/Meridian_3normal.png\" alt=\"carousel image\" \/><\/span><\/a><\/div><\/li><li class='item'><div class=\"carousel_item_holder\"><a itemprop='url' href='#' target='_self'><span class='first_image_holder has_hover_image'><img itemprop=\"image\" src=\"http:\/\/www.nldiagnostica.com.br\/n\/wp-content\/uploads\/2018\/02\/Corgenix_4claro.png\" alt=\"carousel image\" \/><\/span><span class='second_image_holder has_hover_image'><img itemprop=\"image\" src=\"http:\/\/www.nldiagnostica.com.br\/n\/wp-content\/uploads\/2018\/02\/Corgenix_4normal.png\" alt=\"carousel image\" \/><\/span><\/a><\/div><\/li><li class='item'><div class=\"carousel_item_holder\"><a itemprop='url' href='#' target='_self'><span class='first_image_holder has_hover_image'><img itemprop=\"image\" src=\"http:\/\/www.nldiagnostica.com.br\/n\/wp-content\/uploads\/2018\/02\/Coproplus_5claro.png\" alt=\"carousel image\" \/><\/span><span class='second_image_holder has_hover_image'><img itemprop=\"image\" src=\"http:\/\/www.nldiagnostica.com.br\/n\/wp-content\/uploads\/2018\/02\/Coproplus_5normal.png\" alt=\"carousel image\" \/><\/span><\/a><\/div><\/li><li class='item'><div class=\"carousel_item_holder\"><a itemprop='url' href='#' target='_self'><span class='first_image_holder has_hover_image'><img itemprop=\"image\" src=\"http:\/\/www.nldiagnostica.com.br\/n\/wp-content\/uploads\/2020\/04\/Cellex_1claro.png\" alt=\"carousel image\" \/><\/span><span class='second_image_holder has_hover_image'><img itemprop=\"image\" src=\"http:\/\/www.nldiagnostica.com.br\/n\/wp-content\/uploads\/2020\/04\/Cellex_1normal.png\" alt=\"carousel image\" \/><\/span><\/a><\/div><\/li><li class='item'><div class=\"carousel_item_holder\"><a itemprop='url' href='#' target='_self'><span class='first_image_holder has_hover_image'><img itemprop=\"image\" src=\"https:\/\/www.nldiagnostica.com.br\/n\/wp-content\/uploads\/2021\/03\/Genscript_bco_Claro.png\" alt=\"carousel image\" \/><\/span><span class='second_image_holder has_hover_image'><img itemprop=\"image\" src=\"https:\/\/www.nldiagnostica.com.br\/n\/wp-content\/uploads\/2021\/03\/Genscript_bco.png\" alt=\"carousel image\" \/><\/span><\/a><\/div><\/li><\/ul><\/div><\/div>[\/vc_column][\/vc_row]<\/p>\n","protected":false},"excerpt":{"rendered":"<p>[vc_row css_animation=&#8221;&#8221; row_type=&#8221;row&#8221; use_row_as_full_screen_section=&#8221;no&#8221; type=&#8221;grid&#8221; angled_section=&#8221;no&#8221; text_align=&#8221;left&#8221; background_image_as_pattern=&#8221;without_pattern&#8221; css=&#8221;.vc_custom_1686677129105{padding-top: 80px !important;}&#8221; z_index=&#8221;&#8221;][vc_column][qode_elements_holder number_of_columns=&#8221;two_columns&#8221; switch_to_one_column=&#8221;1000&#8243;][qode_elements_holder_item item_padding=&#8221;4% 4% 0 0&#8243; vertical_alignment=&#8221;top&#8221; advanced_animations=&#8221;no&#8221; item_padding_1024_1280=&#8221;7.5% 0 0 0&#8243; item_padding_768_1024=&#8221;0 3% 0 0&#8243; item_padding_600_768=&#8221;0 0 0 0&#8243; item_padding_480_600=&#8221;0 0 0 0&#8243; item_padding_480=&#8221;0 0 0 0&#8243;][vc_column_text] Testes R\u00e1pidos [\/vc_column_text][vc_separator type=&#8221;transparent&#8221; thickness=&#8221;0&#8243;&#8230;<\/p>\n","protected":false},"author":1,"featured_media":0,"parent":0,"menu_order":0,"comment_status":"closed","ping_status":"closed","template":"full_width.php","meta":[],"yoast_head":"<!-- This site is optimized with the Yoast SEO plugin v18.2 - https:\/\/yoast.com\/wordpress\/plugins\/seo\/ -->\n<meta name=\"description\" content=\"Conhe\u00e7a nossa linha completa de Testes R\u00e1pidos \u2714 Dispositivos de uso r\u00e1pido e port\u00e1teis. \u2714 Diagn\u00f3stico r\u00e1pido (em m\u00e9dia 15 minutos).\" \/>\n<meta name=\"robots\" content=\"index, follow, max-snippet:-1, max-image-preview:large, max-video-preview:-1\" \/>\n<link rel=\"canonical\" href=\"https:\/\/www.nldiagnostica.com.br\/n\/testes-rapidos\/\" \/>\n<meta property=\"og:locale\" content=\"pt_BR\" \/>\n<meta property=\"og:type\" content=\"article\" \/>\n<meta property=\"og:title\" content=\"Testes R\u00e1pidos - NL Diagn\u00f3stica\" \/>\n<meta property=\"og:description\" content=\"Conhe\u00e7a nossa linha completa de Testes R\u00e1pidos \u2714 Dispositivos de uso r\u00e1pido e port\u00e1teis. \u2714 Diagn\u00f3stico r\u00e1pido (em m\u00e9dia 15 minutos).\" \/>\n<meta property=\"og:url\" content=\"https:\/\/www.nldiagnostica.com.br\/n\/testes-rapidos\/\" \/>\n<meta property=\"og:site_name\" content=\"NL Diagn\u00f3stica\" \/>\n<meta property=\"article:publisher\" content=\"https:\/\/www.facebook.com\/NLdiagnostica\/\" \/>\n<meta property=\"article:modified_time\" content=\"2023-07-06T15:26:14+00:00\" \/>\n<meta name=\"twitter:card\" content=\"summary_large_image\" \/>\n<meta name=\"twitter:label1\" content=\"Est. tempo de leitura\" \/>\n\t<meta name=\"twitter:data1\" content=\"3 minutos\" \/>\n<script type=\"application\/ld+json\" class=\"yoast-schema-graph\">{\"@context\":\"https:\/\/schema.org\",\"@graph\":[{\"@type\":\"WebSite\",\"@id\":\"https:\/\/www.nldiagnostica.com.br\/n\/#website\",\"url\":\"https:\/\/www.nldiagnostica.com.br\/n\/\",\"name\":\"NL Diagn\u00f3stica\",\"description\":\"IVD Trusted Solutions Science 1985\",\"potentialAction\":[{\"@type\":\"SearchAction\",\"target\":{\"@type\":\"EntryPoint\",\"urlTemplate\":\"https:\/\/www.nldiagnostica.com.br\/n\/?s={search_term_string}\"},\"query-input\":\"required name=search_term_string\"}],\"inLanguage\":\"pt-BR\"},{\"@type\":\"WebPage\",\"@id\":\"https:\/\/www.nldiagnostica.com.br\/n\/testes-rapidos\/#webpage\",\"url\":\"https:\/\/www.nldiagnostica.com.br\/n\/testes-rapidos\/\",\"name\":\"Testes R\u00e1pidos - NL Diagn\u00f3stica\",\"isPartOf\":{\"@id\":\"https:\/\/www.nldiagnostica.com.br\/n\/#website\"},\"datePublished\":\"2023-06-13T12:47:37+00:00\",\"dateModified\":\"2023-07-06T15:26:14+00:00\",\"description\":\"Conhe\u00e7a nossa linha completa de Testes R\u00e1pidos \u2714 Dispositivos de uso r\u00e1pido e port\u00e1teis. \u2714 Diagn\u00f3stico r\u00e1pido (em m\u00e9dia 15 minutos).\",\"breadcrumb\":{\"@id\":\"https:\/\/www.nldiagnostica.com.br\/n\/testes-rapidos\/#breadcrumb\"},\"inLanguage\":\"pt-BR\",\"potentialAction\":[{\"@type\":\"ReadAction\",\"target\":[\"https:\/\/www.nldiagnostica.com.br\/n\/testes-rapidos\/\"]}]},{\"@type\":\"BreadcrumbList\",\"@id\":\"https:\/\/www.nldiagnostica.com.br\/n\/testes-rapidos\/#breadcrumb\",\"itemListElement\":[{\"@type\":\"ListItem\",\"position\":1,\"name\":\"In\u00edcio\",\"item\":\"https:\/\/www.nldiagnostica.com.br\/n\/\"},{\"@type\":\"ListItem\",\"position\":2,\"name\":\"Testes R\u00e1pidos\"}]}]}<\/script>\n<!-- \/ Yoast SEO plugin. -->","yoast_head_json":{"description":"Conhe\u00e7a nossa linha completa de Testes R\u00e1pidos \u2714 Dispositivos de uso r\u00e1pido e port\u00e1teis. \u2714 Diagn\u00f3stico r\u00e1pido (em m\u00e9dia 15 minutos).","robots":{"index":"index","follow":"follow","max-snippet":"max-snippet:-1","max-image-preview":"max-image-preview:large","max-video-preview":"max-video-preview:-1"},"canonical":"https:\/\/www.nldiagnostica.com.br\/n\/testes-rapidos\/","og_locale":"pt_BR","og_type":"article","og_title":"Testes R\u00e1pidos - NL Diagn\u00f3stica","og_description":"Conhe\u00e7a nossa linha completa de Testes R\u00e1pidos \u2714 Dispositivos de uso r\u00e1pido e port\u00e1teis. \u2714 Diagn\u00f3stico r\u00e1pido (em m\u00e9dia 15 minutos).","og_url":"https:\/\/www.nldiagnostica.com.br\/n\/testes-rapidos\/","og_site_name":"NL Diagn\u00f3stica","article_publisher":"https:\/\/www.facebook.com\/NLdiagnostica\/","article_modified_time":"2023-07-06T15:26:14+00:00","twitter_card":"summary_large_image","twitter_misc":{"Est. tempo de leitura":"3 minutos"},"schema":{"@context":"https:\/\/schema.org","@graph":[{"@type":"WebSite","@id":"https:\/\/www.nldiagnostica.com.br\/n\/#website","url":"https:\/\/www.nldiagnostica.com.br\/n\/","name":"NL Diagn\u00f3stica","description":"IVD Trusted Solutions Science 1985","potentialAction":[{"@type":"SearchAction","target":{"@type":"EntryPoint","urlTemplate":"https:\/\/www.nldiagnostica.com.br\/n\/?s={search_term_string}"},"query-input":"required name=search_term_string"}],"inLanguage":"pt-BR"},{"@type":"WebPage","@id":"https:\/\/www.nldiagnostica.com.br\/n\/testes-rapidos\/#webpage","url":"https:\/\/www.nldiagnostica.com.br\/n\/testes-rapidos\/","name":"Testes R\u00e1pidos - NL Diagn\u00f3stica","isPartOf":{"@id":"https:\/\/www.nldiagnostica.com.br\/n\/#website"},"datePublished":"2023-06-13T12:47:37+00:00","dateModified":"2023-07-06T15:26:14+00:00","description":"Conhe\u00e7a nossa linha completa de Testes R\u00e1pidos \u2714 Dispositivos de uso r\u00e1pido e port\u00e1teis. \u2714 Diagn\u00f3stico r\u00e1pido (em m\u00e9dia 15 minutos).","breadcrumb":{"@id":"https:\/\/www.nldiagnostica.com.br\/n\/testes-rapidos\/#breadcrumb"},"inLanguage":"pt-BR","potentialAction":[{"@type":"ReadAction","target":["https:\/\/www.nldiagnostica.com.br\/n\/testes-rapidos\/"]}]},{"@type":"BreadcrumbList","@id":"https:\/\/www.nldiagnostica.com.br\/n\/testes-rapidos\/#breadcrumb","itemListElement":[{"@type":"ListItem","position":1,"name":"In\u00edcio","item":"https:\/\/www.nldiagnostica.com.br\/n\/"},{"@type":"ListItem","position":2,"name":"Testes R\u00e1pidos"}]}]}},"_links":{"self":[{"href":"https:\/\/www.nldiagnostica.com.br\/n\/wp-json\/wp\/v2\/pages\/1880"}],"collection":[{"href":"https:\/\/www.nldiagnostica.com.br\/n\/wp-json\/wp\/v2\/pages"}],"about":[{"href":"https:\/\/www.nldiagnostica.com.br\/n\/wp-json\/wp\/v2\/types\/page"}],"author":[{"embeddable":true,"href":"https:\/\/www.nldiagnostica.com.br\/n\/wp-json\/wp\/v2\/users\/1"}],"replies":[{"embeddable":true,"href":"https:\/\/www.nldiagnostica.com.br\/n\/wp-json\/wp\/v2\/comments?post=1880"}],"version-history":[{"count":20,"href":"https:\/\/www.nldiagnostica.com.br\/n\/wp-json\/wp\/v2\/pages\/1880\/revisions"}],"predecessor-version":[{"id":1903,"href":"https:\/\/www.nldiagnostica.com.br\/n\/wp-json\/wp\/v2\/pages\/1880\/revisions\/1903"}],"wp:attachment":[{"href":"https:\/\/www.nldiagnostica.com.br\/n\/wp-json\/wp\/v2\/media?parent=1880"}],"curies":[{"name":"wp","href":"https:\/\/api.w.org\/{rel}","templated":true}]}}