{"id":1252,"date":"2020-09-04T08:49:32","date_gmt":"2020-09-04T11:49:32","guid":{"rendered":"https:\/\/www.nldiagnostica.com.br\/n\/?page_id=1252"},"modified":"2020-12-23T17:17:54","modified_gmt":"2020-12-23T20:17:54","slug":"home-covid-2","status":"publish","type":"page","link":"https:\/\/www.nldiagnostica.com.br\/n\/home-covid-2\/","title":{"rendered":"SOLU\u00c7\u00d5ES COVID-19 NL DIAGN\u00d3STICA"},"content":{"rendered":"<p>[vc_row css_animation=&#8221;&#8221; row_type=&#8221;row&#8221; use_row_as_full_screen_section=&#8221;no&#8221; type=&#8221;grid&#8221; angled_section=&#8221;no&#8221; text_align=&#8221;left&#8221; background_image_as_pattern=&#8221;without_pattern&#8221; css=&#8221;.vc_custom_1599222256442{padding-top: 32px !important;padding-bottom: 32px !important;}&#8221; z_index=&#8221;&#8221;][vc_column][vc_column_text]<span style=\"font-size: 18pt;\">Conhe\u00e7a o <strong>portf\u00f3lio de solu\u00e7\u00f5es<\/strong>\u00a0da\u00a0NL Diagn\u00f3stica <strong>para COVID-19!<\/strong><\/span>[\/vc_column_text][\/vc_column][\/vc_row][vc_row css_animation=&#8221;&#8221; row_type=&#8221;row&#8221; use_row_as_full_screen_section=&#8221;no&#8221; type=&#8221;grid&#8221; angled_section=&#8221;no&#8221; text_align=&#8221;left&#8221; background_image_as_pattern=&#8221;without_pattern&#8221; css=&#8221;.vc_custom_1599222330763{padding-top: 20px !important;}&#8221; z_index=&#8221;&#8221;][vc_column][vc_column_text]<span style=\"font-size: 24px;\">&gt; Testes <strong>R\u00e1pidos<\/strong><\/span>[\/vc_column_text][\/vc_column][\/vc_row][vc_row css_animation=&#8221;&#8221; row_type=&#8221;row&#8221; use_row_as_full_screen_section=&#8221;no&#8221; type=&#8221;grid&#8221; angled_section=&#8221;no&#8221; text_align=&#8221;left&#8221; background_image_as_pattern=&#8221;without_pattern&#8221; css=&#8221;.vc_custom_1599222316718{padding-top: 20px !important;padding-bottom: 32px !important;}&#8221; z_index=&#8221;&#8221;][vc_column width=&#8221;1\/2&#8243;][vc_single_image image=&#8221;1451&#8243; img_size=&#8221;full&#8221; qode_css_animation=&#8221;&#8221;][vc_separator type=&#8221;transparent&#8221; thickness=&#8221;0&#8243; up=&#8221;23&#8243; down=&#8221;0&#8243;][vc_column_text]<\/p>\n<h4><span style=\"font-size: 14pt;\">Detec\u00e7\u00e3o de Ant\u00edgeno em 15 min.<\/span><\/h4>\n<p>[\/vc_column_text][vc_column_text]Helix i-SARS-CoV-2 Ag Rapid Test[\/vc_column_text][vc_separator type=&#8221;transparent&#8221; thickness=&#8221;0&#8243; up=&#8221;30&#8243; down=&#8221;0&#8243;]<a  itemprop=\"url\" href=\"n\/teste-para-deteccao-de-antigeno-de-covid-19\/\" target=\"_self\"  class=\"qbutton  medium default\" style=\"\">VEJA MAIS<\/a>[vc_separator type=&#8221;transparent&#8221; thickness=&#8221;0&#8243; up=&#8221;30&#8243; down=&#8221;0&#8243;][\/vc_column][vc_column width=&#8221;1\/2&#8243;][vc_single_image image=&#8221;1258&#8243; img_size=&#8221;full&#8221; qode_css_animation=&#8221;&#8221;][vc_separator type=&#8221;transparent&#8221; thickness=&#8221;0&#8243; up=&#8221;23&#8243; down=&#8221;0&#8243;][vc_column_text]<\/p>\n<h4><span style=\"font-size: 14pt;\">Detec\u00e7\u00e3o de anticorpos IgG\/IgM<\/span><\/h4>\n<p>[\/vc_column_text][vc_column_text]Cellex qSARS-CoV-2 IgG IgM Cassette Rapid Test[\/vc_column_text][vc_separator type=&#8221;transparent&#8221; thickness=&#8221;0&#8243; up=&#8221;30&#8243; down=&#8221;0&#8243;]<a  itemprop=\"url\" href=\"\/n\/coronavirus\" target=\"_self\"  class=\"qbutton  medium default\" style=\"\">VEJA MAIS<\/a>[vc_separator type=&#8221;transparent&#8221; thickness=&#8221;0&#8243; up=&#8221;30&#8243; down=&#8221;0&#8243;][\/vc_column][\/vc_row][vc_row css_animation=&#8221;&#8221; row_type=&#8221;row&#8221; use_row_as_full_screen_section=&#8221;no&#8221; type=&#8221;grid&#8221; angled_section=&#8221;no&#8221; text_align=&#8221;left&#8221; background_image_as_pattern=&#8221;without_pattern&#8221; css=&#8221;.vc_custom_1599223923353{padding-top: 20px !important;background-color: #f2f2f2 !important;}&#8221; z_index=&#8221;&#8221;][vc_column][vc_separator type=&#8221;transparent&#8221; thickness=&#8221;0&#8243; up=&#8221;23&#8243; down=&#8221;0&#8243;][vc_column_text]<span style=\"font-size: 24px;\">&gt; Testes <strong>Sorol\u00f3gicos<\/strong><\/span>[\/vc_column_text][\/vc_column][\/vc_row][vc_row css_animation=&#8221;&#8221; row_type=&#8221;row&#8221; use_row_as_full_screen_section=&#8221;no&#8221; type=&#8221;grid&#8221; angled_section=&#8221;no&#8221; text_align=&#8221;left&#8221; background_image_as_pattern=&#8221;without_pattern&#8221; css=&#8221;.vc_custom_1599223913408{padding-top: 20px !important;padding-bottom: 32px !important;background-color: #f2f2f2 !important;}&#8221; z_index=&#8221;&#8221;][vc_column width=&#8221;1\/2&#8243;][vc_single_image image=&#8221;1263&#8243; img_size=&#8221;full&#8221; qode_css_animation=&#8221;&#8221;][vc_separator type=&#8221;transparent&#8221; thickness=&#8221;0&#8243; up=&#8221;23&#8243; down=&#8221;0&#8243;][vc_column_text]<\/p>\n<h4><span style=\"font-size: 14pt;\">Perfil sorol\u00f3gico detalhado<\/span><\/h4>\n<p>[\/vc_column_text][vc_column_text]Detec\u00e7\u00e3o diferencial das principais prote\u00ednas virais (S1,\u00a0S2 e N) em um \u00fanico teste:\u00a0SARS-CoV-2 ViraChip IgA\/ IgG[\/vc_column_text][vc_separator type=&#8221;transparent&#8221; thickness=&#8221;0&#8243; up=&#8221;30&#8243; down=&#8221;0&#8243;]<a  itemprop=\"url\" href=\"\/n\/perfil-sorologico-detalhado\" target=\"_self\"  class=\"qbutton  medium default\" style=\"\">VEJA MAIS<\/a>[vc_separator type=&#8221;transparent&#8221; thickness=&#8221;0&#8243; up=&#8221;30&#8243; down=&#8221;0&#8243;][\/vc_column][vc_column width=&#8221;1\/2&#8243;][vc_single_image image=&#8221;1261&#8243; img_size=&#8221;full&#8221; qode_css_animation=&#8221;&#8221;][vc_separator type=&#8221;transparent&#8221; thickness=&#8221;0&#8243; up=&#8221;23&#8243; down=&#8221;0&#8243;][vc_column_text]<\/p>\n<h4><span style=\"font-size: 14pt;\">Estudo de\u00a0Imunidade protetora<\/span><\/h4>\n<p>[\/vc_column_text][vc_column_text]Detec\u00e7\u00e3o de <strong>ANTICORPOS NEUTRALIZANTES:<\/strong>\u00a0cPass&#x2122; SARS-CoV-2 Neutralization Antibody Detection Kit<strong>\u00a0<\/strong>[\/vc_column_text][vc_separator type=&#8221;transparent&#8221; thickness=&#8221;0&#8243; up=&#8221;30&#8243; down=&#8221;0&#8243;]<a  itemprop=\"url\" href=\"\/n\/anticorpos-neutralizantes\" target=\"_self\"  class=\"qbutton  medium default\" style=\"\">VEJA MAIS<\/a>[vc_separator type=&#8221;transparent&#8221; thickness=&#8221;0&#8243; up=&#8221;30&#8243; down=&#8221;0&#8243;][\/vc_column][\/vc_row][vc_row css_animation=&#8221;&#8221; row_type=&#8221;row&#8221; use_row_as_full_screen_section=&#8221;no&#8221; type=&#8221;grid&#8221; angled_section=&#8221;no&#8221; text_align=&#8221;left&#8221; background_image_as_pattern=&#8221;without_pattern&#8221; css=&#8221;.vc_custom_1599222330763{padding-top: 20px !important;}&#8221; z_index=&#8221;&#8221;][vc_column][vc_separator type=&#8221;transparent&#8221; thickness=&#8221;0&#8243; up=&#8221;23&#8243; down=&#8221;0&#8243;][vc_column_text]<span style=\"font-size: 24px;\">&gt; Servi\u00e7os de\u00a0<strong>Testagem<\/strong><\/span>[\/vc_column_text][\/vc_column][\/vc_row][vc_row css_animation=&#8221;&#8221; row_type=&#8221;row&#8221; use_row_as_full_screen_section=&#8221;no&#8221; type=&#8221;grid&#8221; angled_section=&#8221;no&#8221; text_align=&#8221;left&#8221; background_image_as_pattern=&#8221;without_pattern&#8221; css=&#8221;.vc_custom_1599222316718{padding-top: 20px !important;padding-bottom: 32px !important;}&#8221; z_index=&#8221;&#8221;][vc_column width=&#8221;1\/2&#8243;][vc_single_image image=&#8221;1258&#8243; img_size=&#8221;full&#8221; qode_css_animation=&#8221;&#8221;][vc_separator type=&#8221;transparent&#8221; thickness=&#8221;0&#8243; up=&#8221;23&#8243; down=&#8221;0&#8243;][vc_column_text]<\/p>\n<h4><span style=\"font-size: 14pt;\">Nossa equipe vai at\u00e9 voc\u00ea e realiza a testagem<\/span><\/h4>\n<p>[\/vc_column_text][vc_column_text]<span style=\"font-size: 12.0pt; color: black;\">* Dispon\u00edvel apenas para S\u00e3o Paulo, Distrito Federal e Salvador, demais localidades apenas sob\u00a0consulta.<\/span>[\/vc_column_text][vc_separator type=&#8221;transparent&#8221; thickness=&#8221;0&#8243; up=&#8221;30&#8243; down=&#8221;0&#8243;]<a  itemprop=\"url\" href=\"https:\/\/www.nldiagnostica.com.br\/ifu\/NL_COVID_LINKS_w.pdf\" target=\"_blank\"  class=\"qbutton  medium default\" style=\"\">VEJA MAIS<\/a>[vc_separator type=&#8221;transparent&#8221; thickness=&#8221;0&#8243; up=&#8221;30&#8243; down=&#8221;0&#8243;][\/vc_column][vc_column width=&#8221;1\/2&#8243;][\/vc_column][\/vc_row][vc_row css_animation=&#8221;&#8221; row_type=&#8221;row&#8221; use_row_as_full_screen_section=&#8221;no&#8221; type=&#8221;grid&#8221; angled_section=&#8221;no&#8221; text_align=&#8221;left&#8221; background_image_as_pattern=&#8221;without_pattern&#8221; css=&#8221;.vc_custom_1517488728946{padding-top: 51px !important;padding-bottom: 51px !important;background-color: #939598 !important;}&#8221; z_index=&#8221;&#8221;][vc_column]<div class='qode_carousels_holder clearfix'><div class='qode_carousels' data-number-of-visible-items=''><ul class='slides'><li class='item'><div class=\"carousel_item_holder\"><a itemprop='url' href='#' target='_self'><span class='first_image_holder has_hover_image'><img itemprop=\"image\" src=\"http:\/\/www.nldiagnostica.com.br\/n\/wp-content\/uploads\/2018\/02\/Helena_1claro.png\" alt=\"carousel image\" \/><\/span><span class='second_image_holder has_hover_image'><img itemprop=\"image\" src=\"http:\/\/www.nldiagnostica.com.br\/n\/wp-content\/uploads\/2018\/02\/Helena_1normal.png\" alt=\"carousel image\" \/><\/span><\/a><\/div><\/li><li class='item'><div class=\"carousel_item_holder\"><a itemprop='url' href='#' target='_self'><span class='first_image_holder has_hover_image'><img itemprop=\"image\" src=\"http:\/\/www.nldiagnostica.com.br\/n\/wp-content\/uploads\/2018\/02\/Helena_2claro.png\" alt=\"carousel image\" \/><\/span><span class='second_image_holder has_hover_image'><img itemprop=\"image\" src=\"http:\/\/www.nldiagnostica.com.br\/n\/wp-content\/uploads\/2018\/02\/Helena_2normal.png\" alt=\"carousel image\" \/><\/span><\/a><\/div><\/li><li class='item'><div class=\"carousel_item_holder\"><a itemprop='url' href='#' target='_self'><span class='first_image_holder has_hover_image'><img itemprop=\"image\" src=\"http:\/\/www.nldiagnostica.com.br\/n\/wp-content\/uploads\/2018\/02\/Meridian_3claro.png\" alt=\"carousel image\" \/><\/span><span class='second_image_holder has_hover_image'><img itemprop=\"image\" src=\"http:\/\/www.nldiagnostica.com.br\/n\/wp-content\/uploads\/2018\/02\/Meridian_3normal.png\" alt=\"carousel image\" \/><\/span><\/a><\/div><\/li><li class='item'><div class=\"carousel_item_holder\"><a itemprop='url' href='#' target='_self'><span class='first_image_holder has_hover_image'><img itemprop=\"image\" src=\"http:\/\/www.nldiagnostica.com.br\/n\/wp-content\/uploads\/2018\/02\/Corgenix_4claro.png\" alt=\"carousel image\" \/><\/span><span class='second_image_holder has_hover_image'><img itemprop=\"image\" src=\"http:\/\/www.nldiagnostica.com.br\/n\/wp-content\/uploads\/2018\/02\/Corgenix_4normal.png\" alt=\"carousel image\" \/><\/span><\/a><\/div><\/li><li class='item'><div class=\"carousel_item_holder\"><a itemprop='url' href='#' target='_self'><span class='first_image_holder has_hover_image'><img itemprop=\"image\" src=\"http:\/\/www.nldiagnostica.com.br\/n\/wp-content\/uploads\/2018\/02\/Coproplus_5claro.png\" alt=\"carousel image\" \/><\/span><span class='second_image_holder has_hover_image'><img itemprop=\"image\" src=\"http:\/\/www.nldiagnostica.com.br\/n\/wp-content\/uploads\/2018\/02\/Coproplus_5normal.png\" alt=\"carousel image\" \/><\/span><\/a><\/div><\/li><li class='item'><div class=\"carousel_item_holder\"><a itemprop='url' href='#' target='_self'><span class='first_image_holder has_hover_image'><img itemprop=\"image\" src=\"http:\/\/www.nldiagnostica.com.br\/n\/wp-content\/uploads\/2020\/04\/Cellex_1claro.png\" alt=\"carousel image\" \/><\/span><span class='second_image_holder has_hover_image'><img itemprop=\"image\" src=\"http:\/\/www.nldiagnostica.com.br\/n\/wp-content\/uploads\/2020\/04\/Cellex_1normal.png\" alt=\"carousel image\" \/><\/span><\/a><\/div><\/li><li class='item'><div class=\"carousel_item_holder\"><a itemprop='url' href='#' target='_self'><span class='first_image_holder has_hover_image'><img itemprop=\"image\" src=\"https:\/\/www.nldiagnostica.com.br\/n\/wp-content\/uploads\/2021\/03\/Genscript_bco_Claro.png\" alt=\"carousel image\" \/><\/span><span class='second_image_holder has_hover_image'><img itemprop=\"image\" src=\"https:\/\/www.nldiagnostica.com.br\/n\/wp-content\/uploads\/2021\/03\/Genscript_bco.png\" alt=\"carousel image\" \/><\/span><\/a><\/div><\/li><\/ul><\/div><\/div>[\/vc_column][\/vc_row]<\/p>\n","protected":false},"excerpt":{"rendered":"<p>[vc_row css_animation=&#8221;&#8221; row_type=&#8221;row&#8221; use_row_as_full_screen_section=&#8221;no&#8221; type=&#8221;grid&#8221; angled_section=&#8221;no&#8221; text_align=&#8221;left&#8221; background_image_as_pattern=&#8221;without_pattern&#8221; css=&#8221;.vc_custom_1599222256442{padding-top: 32px !important;padding-bottom: 32px !important;}&#8221; z_index=&#8221;&#8221;][vc_column][vc_column_text]Conhe\u00e7a o portf\u00f3lio de solu\u00e7\u00f5es\u00a0da\u00a0NL Diagn\u00f3stica para COVID-19![\/vc_column_text][\/vc_column][\/vc_row][vc_row css_animation=&#8221;&#8221; row_type=&#8221;row&#8221; use_row_as_full_screen_section=&#8221;no&#8221; type=&#8221;grid&#8221; angled_section=&#8221;no&#8221; text_align=&#8221;left&#8221; background_image_as_pattern=&#8221;without_pattern&#8221; css=&#8221;.vc_custom_1599222330763{padding-top: 20px !important;}&#8221; z_index=&#8221;&#8221;][vc_column][vc_column_text]&gt; Testes R\u00e1pidos[\/vc_column_text][\/vc_column][\/vc_row][vc_row css_animation=&#8221;&#8221; row_type=&#8221;row&#8221; use_row_as_full_screen_section=&#8221;no&#8221; type=&#8221;grid&#8221; angled_section=&#8221;no&#8221; text_align=&#8221;left&#8221; background_image_as_pattern=&#8221;without_pattern&#8221; css=&#8221;.vc_custom_1599222316718{padding-top: 20px !important;padding-bottom: 32px&#8230;<\/p>\n","protected":false},"author":1,"featured_media":0,"parent":0,"menu_order":0,"comment_status":"closed","ping_status":"closed","template":"full_width.php","meta":[],"yoast_head":"<!-- This site is optimized with the Yoast SEO plugin v18.2 - https:\/\/yoast.com\/wordpress\/plugins\/seo\/ -->\n<meta name=\"description\" content=\"Com mais de 30 ANOS DE ATUA\u00c7\u00c3O no segmento diagn\u00f3stico, a NL Diagn\u00f3stica traz em seu portf\u00f3lio marcas consagradas em todo o mundo, como Helena Laboratories, Helena Biosciences, Meridian Bioscience e Corgenix. Tratam-se de importantes equipamentos e reagentes para Eletroforese, Agrega\u00e7\u00e3o Plaquet\u00e1ria, Hemostasia, Microbiologia e Parasitologia. Al\u00e9m dessas importantes parcerias, a NL Diagn\u00f3stica \u00e9 fabricante do sistema parasitol\u00f3gico Coproplus e Coproplus Ultra, alternativas inovadoras com a tradi\u00e7\u00e3o e a qualidade da empresa, onde a busca pela excel\u00eancia explica os investimentos em tecnologia de ponta.\" \/>\n<meta name=\"robots\" content=\"index, follow, max-snippet:-1, max-image-preview:large, max-video-preview:-1\" \/>\n<link rel=\"canonical\" href=\"https:\/\/www.nldiagnostica.com.br\/n\/home-covid-2\/\" \/>\n<meta property=\"og:locale\" content=\"pt_BR\" \/>\n<meta property=\"og:type\" content=\"article\" \/>\n<meta property=\"og:title\" content=\"SOLU\u00c7\u00d5ES COVID-19 NL DIAGN\u00d3STICA - NL Diagn\u00f3stica\" \/>\n<meta property=\"og:description\" content=\"Com mais de 30 ANOS DE ATUA\u00c7\u00c3O no segmento diagn\u00f3stico, a NL Diagn\u00f3stica traz em seu portf\u00f3lio marcas consagradas em todo o mundo, como Helena Laboratories, Helena Biosciences, Meridian Bioscience e Corgenix. Tratam-se de importantes equipamentos e reagentes para Eletroforese, Agrega\u00e7\u00e3o Plaquet\u00e1ria, Hemostasia, Microbiologia e Parasitologia. Al\u00e9m dessas importantes parcerias, a NL Diagn\u00f3stica \u00e9 fabricante do sistema parasitol\u00f3gico Coproplus e Coproplus Ultra, alternativas inovadoras com a tradi\u00e7\u00e3o e a qualidade da empresa, onde a busca pela excel\u00eancia explica os investimentos em tecnologia de ponta.\" \/>\n<meta property=\"og:url\" content=\"https:\/\/www.nldiagnostica.com.br\/n\/home-covid-2\/\" \/>\n<meta property=\"og:site_name\" content=\"NL Diagn\u00f3stica\" \/>\n<meta property=\"article:publisher\" content=\"https:\/\/www.facebook.com\/NLdiagnostica\/\" \/>\n<meta property=\"article:modified_time\" content=\"2020-12-23T20:17:54+00:00\" \/>\n<meta name=\"twitter:card\" content=\"summary_large_image\" \/>\n<meta name=\"twitter:label1\" content=\"Est. tempo de leitura\" \/>\n\t<meta name=\"twitter:data1\" content=\"4 minutos\" \/>\n<script type=\"application\/ld+json\" class=\"yoast-schema-graph\">{\"@context\":\"https:\/\/schema.org\",\"@graph\":[{\"@type\":\"WebSite\",\"@id\":\"https:\/\/www.nldiagnostica.com.br\/n\/#website\",\"url\":\"https:\/\/www.nldiagnostica.com.br\/n\/\",\"name\":\"NL Diagn\u00f3stica\",\"description\":\"IVD Trusted Solutions Science 1985\",\"potentialAction\":[{\"@type\":\"SearchAction\",\"target\":{\"@type\":\"EntryPoint\",\"urlTemplate\":\"https:\/\/www.nldiagnostica.com.br\/n\/?s={search_term_string}\"},\"query-input\":\"required name=search_term_string\"}],\"inLanguage\":\"pt-BR\"},{\"@type\":\"WebPage\",\"@id\":\"https:\/\/www.nldiagnostica.com.br\/n\/home-covid-2\/#webpage\",\"url\":\"https:\/\/www.nldiagnostica.com.br\/n\/home-covid-2\/\",\"name\":\"SOLU\u00c7\u00d5ES COVID-19 NL DIAGN\u00d3STICA - NL Diagn\u00f3stica\",\"isPartOf\":{\"@id\":\"https:\/\/www.nldiagnostica.com.br\/n\/#website\"},\"datePublished\":\"2020-09-04T11:49:32+00:00\",\"dateModified\":\"2020-12-23T20:17:54+00:00\",\"description\":\"Com mais de 30 ANOS DE ATUA\u00c7\u00c3O no segmento diagn\u00f3stico, a NL Diagn\u00f3stica traz em seu portf\u00f3lio marcas consagradas em todo o mundo, como Helena Laboratories, Helena Biosciences, Meridian Bioscience e Corgenix. Tratam-se de importantes equipamentos e reagentes para Eletroforese, Agrega\u00e7\u00e3o Plaquet\u00e1ria, Hemostasia, Microbiologia e Parasitologia. Al\u00e9m dessas importantes parcerias, a NL Diagn\u00f3stica \u00e9 fabricante do sistema parasitol\u00f3gico Coproplus e Coproplus Ultra, alternativas inovadoras com a tradi\u00e7\u00e3o e a qualidade da empresa, onde a busca pela excel\u00eancia explica os investimentos em tecnologia de ponta.\",\"breadcrumb\":{\"@id\":\"https:\/\/www.nldiagnostica.com.br\/n\/home-covid-2\/#breadcrumb\"},\"inLanguage\":\"pt-BR\",\"potentialAction\":[{\"@type\":\"ReadAction\",\"target\":[\"https:\/\/www.nldiagnostica.com.br\/n\/home-covid-2\/\"]}]},{\"@type\":\"BreadcrumbList\",\"@id\":\"https:\/\/www.nldiagnostica.com.br\/n\/home-covid-2\/#breadcrumb\",\"itemListElement\":[{\"@type\":\"ListItem\",\"position\":1,\"name\":\"In\u00edcio\",\"item\":\"https:\/\/www.nldiagnostica.com.br\/n\/\"},{\"@type\":\"ListItem\",\"position\":2,\"name\":\"SOLU\u00c7\u00d5ES COVID-19 NL DIAGN\u00d3STICA\"}]}]}<\/script>\n<!-- \/ Yoast SEO plugin. -->","yoast_head_json":{"description":"Com mais de 30 ANOS DE ATUA\u00c7\u00c3O no segmento diagn\u00f3stico, a NL Diagn\u00f3stica traz em seu portf\u00f3lio marcas consagradas em todo o mundo, como Helena Laboratories, Helena Biosciences, Meridian Bioscience e Corgenix. Tratam-se de importantes equipamentos e reagentes para Eletroforese, Agrega\u00e7\u00e3o Plaquet\u00e1ria, Hemostasia, Microbiologia e Parasitologia. Al\u00e9m dessas importantes parcerias, a NL Diagn\u00f3stica \u00e9 fabricante do sistema parasitol\u00f3gico Coproplus e Coproplus Ultra, alternativas inovadoras com a tradi\u00e7\u00e3o e a qualidade da empresa, onde a busca pela excel\u00eancia explica os investimentos em tecnologia de ponta.","robots":{"index":"index","follow":"follow","max-snippet":"max-snippet:-1","max-image-preview":"max-image-preview:large","max-video-preview":"max-video-preview:-1"},"canonical":"https:\/\/www.nldiagnostica.com.br\/n\/home-covid-2\/","og_locale":"pt_BR","og_type":"article","og_title":"SOLU\u00c7\u00d5ES COVID-19 NL DIAGN\u00d3STICA - NL Diagn\u00f3stica","og_description":"Com mais de 30 ANOS DE ATUA\u00c7\u00c3O no segmento diagn\u00f3stico, a NL Diagn\u00f3stica traz em seu portf\u00f3lio marcas consagradas em todo o mundo, como Helena Laboratories, Helena Biosciences, Meridian Bioscience e Corgenix. Tratam-se de importantes equipamentos e reagentes para Eletroforese, Agrega\u00e7\u00e3o Plaquet\u00e1ria, Hemostasia, Microbiologia e Parasitologia. Al\u00e9m dessas importantes parcerias, a NL Diagn\u00f3stica \u00e9 fabricante do sistema parasitol\u00f3gico Coproplus e Coproplus Ultra, alternativas inovadoras com a tradi\u00e7\u00e3o e a qualidade da empresa, onde a busca pela excel\u00eancia explica os investimentos em tecnologia de ponta.","og_url":"https:\/\/www.nldiagnostica.com.br\/n\/home-covid-2\/","og_site_name":"NL Diagn\u00f3stica","article_publisher":"https:\/\/www.facebook.com\/NLdiagnostica\/","article_modified_time":"2020-12-23T20:17:54+00:00","twitter_card":"summary_large_image","twitter_misc":{"Est. tempo de leitura":"4 minutos"},"schema":{"@context":"https:\/\/schema.org","@graph":[{"@type":"WebSite","@id":"https:\/\/www.nldiagnostica.com.br\/n\/#website","url":"https:\/\/www.nldiagnostica.com.br\/n\/","name":"NL Diagn\u00f3stica","description":"IVD Trusted Solutions Science 1985","potentialAction":[{"@type":"SearchAction","target":{"@type":"EntryPoint","urlTemplate":"https:\/\/www.nldiagnostica.com.br\/n\/?s={search_term_string}"},"query-input":"required name=search_term_string"}],"inLanguage":"pt-BR"},{"@type":"WebPage","@id":"https:\/\/www.nldiagnostica.com.br\/n\/home-covid-2\/#webpage","url":"https:\/\/www.nldiagnostica.com.br\/n\/home-covid-2\/","name":"SOLU\u00c7\u00d5ES COVID-19 NL DIAGN\u00d3STICA - NL Diagn\u00f3stica","isPartOf":{"@id":"https:\/\/www.nldiagnostica.com.br\/n\/#website"},"datePublished":"2020-09-04T11:49:32+00:00","dateModified":"2020-12-23T20:17:54+00:00","description":"Com mais de 30 ANOS DE ATUA\u00c7\u00c3O no segmento diagn\u00f3stico, a NL Diagn\u00f3stica traz em seu portf\u00f3lio marcas consagradas em todo o mundo, como Helena Laboratories, Helena Biosciences, Meridian Bioscience e Corgenix. Tratam-se de importantes equipamentos e reagentes para Eletroforese, Agrega\u00e7\u00e3o Plaquet\u00e1ria, Hemostasia, Microbiologia e Parasitologia. Al\u00e9m dessas importantes parcerias, a NL Diagn\u00f3stica \u00e9 fabricante do sistema parasitol\u00f3gico Coproplus e Coproplus Ultra, alternativas inovadoras com a tradi\u00e7\u00e3o e a qualidade da empresa, onde a busca pela excel\u00eancia explica os investimentos em tecnologia de ponta.","breadcrumb":{"@id":"https:\/\/www.nldiagnostica.com.br\/n\/home-covid-2\/#breadcrumb"},"inLanguage":"pt-BR","potentialAction":[{"@type":"ReadAction","target":["https:\/\/www.nldiagnostica.com.br\/n\/home-covid-2\/"]}]},{"@type":"BreadcrumbList","@id":"https:\/\/www.nldiagnostica.com.br\/n\/home-covid-2\/#breadcrumb","itemListElement":[{"@type":"ListItem","position":1,"name":"In\u00edcio","item":"https:\/\/www.nldiagnostica.com.br\/n\/"},{"@type":"ListItem","position":2,"name":"SOLU\u00c7\u00d5ES COVID-19 NL DIAGN\u00d3STICA"}]}]}},"_links":{"self":[{"href":"https:\/\/www.nldiagnostica.com.br\/n\/wp-json\/wp\/v2\/pages\/1252"}],"collection":[{"href":"https:\/\/www.nldiagnostica.com.br\/n\/wp-json\/wp\/v2\/pages"}],"about":[{"href":"https:\/\/www.nldiagnostica.com.br\/n\/wp-json\/wp\/v2\/types\/page"}],"author":[{"embeddable":true,"href":"https:\/\/www.nldiagnostica.com.br\/n\/wp-json\/wp\/v2\/users\/1"}],"replies":[{"embeddable":true,"href":"https:\/\/www.nldiagnostica.com.br\/n\/wp-json\/wp\/v2\/comments?post=1252"}],"version-history":[{"count":20,"href":"https:\/\/www.nldiagnostica.com.br\/n\/wp-json\/wp\/v2\/pages\/1252\/revisions"}],"predecessor-version":[{"id":1468,"href":"https:\/\/www.nldiagnostica.com.br\/n\/wp-json\/wp\/v2\/pages\/1252\/revisions\/1468"}],"wp:attachment":[{"href":"https:\/\/www.nldiagnostica.com.br\/n\/wp-json\/wp\/v2\/media?parent=1252"}],"curies":[{"name":"wp","href":"https:\/\/api.w.org\/{rel}","templated":true}]}}