{"id":1088,"date":"2020-03-22T19:39:37","date_gmt":"2020-03-22T22:39:37","guid":{"rendered":"http:\/\/www.nldiagnostica.com.br\/n\/?page_id=1088"},"modified":"2020-03-30T11:39:49","modified_gmt":"2020-03-30T14:39:49","slug":"covid19","status":"publish","type":"page","link":"https:\/\/www.nldiagnostica.com.br\/n\/covid19\/","title":{"rendered":"COVID-19"},"content":{"rendered":"<p>[vc_row css_animation=&#8221;&#8221; row_type=&#8221;row&#8221; use_row_as_full_screen_section=&#8221;no&#8221; type=&#8221;grid&#8221; angled_section=&#8221;no&#8221; text_align=&#8221;left&#8221; background_image_as_pattern=&#8221;without_pattern&#8221; css=&#8221;.vc_custom_1532530913694{padding-top: 20px !important;}&#8221; z_index=&#8221;&#8221;][vc_column][qode_elements_holder number_of_columns=&#8221;two_columns&#8221; switch_to_one_column=&#8221;1000&#8243;][qode_elements_holder_item item_padding=&#8221;4% 4% 0 0&#8243; vertical_alignment=&#8221;top&#8221; advanced_animations=&#8221;no&#8221; item_padding_1024_1280=&#8221;7.5% 0 0 0&#8243; item_padding_768_1024=&#8221;0 3% 0 0&#8243; item_padding_600_768=&#8221;0 0 0 0&#8243; item_padding_480_600=&#8221;0 0 0 0&#8243; item_padding_480=&#8221;0 0 0 0&#8243;][vc_column_text]<\/p>\n<h2>Teste R\u00e1pido para detec\u00e7\u00e3o<br \/>\nde Anticorpos de Coronavirus<br \/>\n(IGG\/IGM)<\/h2>\n<h2><\/h2>\n<p>[\/vc_column_text][vc_separator type=&#8221;transparent&#8221; thickness=&#8221;0&#8243; up=&#8221;32&#8243; down=&#8221;0&#8243;][vc_column_text]<span style=\"font-size: 12pt;\">N\u00f3s da NL Diagn\u00f3stica n\u00e3o medimos esfor\u00e7os para contribuir de alguma forma com a situa\u00e7\u00e3o atual do Pa\u00eds. A mais de 30 anos no mercado, desenvolvemos rela\u00e7\u00f5es com diversos parceiros internacionais, e mesmo com todas as dificuldades, <strong>conseguimos disponibilizar o teste r\u00e1pido de Coronavirus para venda no mercado Brasileiro.<\/strong> <\/span><\/p>\n<p>[\/vc_column_text][vc_separator type=&#8221;transparent&#8221; thickness=&#8221;0&#8243; up=&#8221;61&#8243; down=&#8221;0&#8243;][vc_single_image image=&#8221;1126&#8243; img_size=&#8221;full&#8221; onclick=&#8221;custom_link&#8221; qode_css_animation=&#8221;&#8221; link=&#8221;http:\/\/www.nldiagnostica.com.br\/NL_COVID_FOLDER.pdf&#8221;][vc_separator type=&#8221;transparent&#8221; thickness=&#8221;0&#8243; up=&#8221;61&#8243; down=&#8221;0&#8243;][\/qode_elements_holder_item][qode_elements_holder_item item_padding=&#8221;0 0 0 12%&#8221; vertical_alignment=&#8221;middle&#8221; advanced_animations=&#8221;no&#8221; item_padding_1024_1280=&#8221;0 0 0 9%&#8221; item_padding_768_1024=&#8221;0 0 0 0&#8243; item_padding_600_768=&#8221;0 0 0 0&#8243; item_padding_480_600=&#8221;0 0 0 0&#8243; item_padding_480=&#8221;0 0 0 0&#8243;][vc_single_image image=&#8221;1120&#8243; img_size=&#8221;full&#8221; alignment=&#8221;right&#8221; qode_css_animation=&#8221;&#8221;][vc_separator type=&#8221;transparent&#8221; thickness=&#8221;0&#8243; up=&#8221;61&#8243; down=&#8221;0&#8243;][\/qode_elements_holder_item][\/qode_elements_holder][\/vc_column][\/vc_row][vc_row css_animation=&#8221;&#8221; row_type=&#8221;row&#8221; use_row_as_full_screen_section=&#8221;no&#8221; type=&#8221;grid&#8221; angled_section=&#8221;no&#8221; text_align=&#8221;left&#8221; background_image_as_pattern=&#8221;without_pattern&#8221; css=&#8221;.vc_custom_1456240178362{padding-top: 62px !important;background-color: #f5f5f5 !important;}&#8221;][vc_column][vc_column_text]<\/p>\n<h2 style=\"text-align: center;\">Caracter\u00edsticas Principais<\/h2>\n<p>[\/vc_column_text][\/vc_column][\/vc_row][vc_row css_animation=&#8221;&#8221; row_type=&#8221;row&#8221; use_row_as_full_screen_section=&#8221;no&#8221; type=&#8221;grid&#8221; angled_section=&#8221;no&#8221; text_align=&#8221;left&#8221; background_image_as_pattern=&#8221;without_pattern&#8221; css=&#8221;.vc_custom_1456240178362{padding-top: 62px !important;background-color: #f5f5f5 !important;}&#8221;][vc_column width=&#8221;1\/4&#8243;][vc_single_image image=&#8221;1097&#8243; img_size=&#8221;full&#8221; alignment=&#8221;center&#8221; qode_css_animation=&#8221;&#8221;][vc_separator type=&#8221;transparent&#8221; thickness=&#8221;0&#8243; up=&#8221;18&#8243; down=&#8221;0&#8243;][vc_column_text]<\/p>\n<p style=\"text-align: center;\"><span style=\"font-size: 18pt;\">Sangue \/ Soro \/ Plasma<\/span><\/p>\n<p>[\/vc_column_text][vc_separator type=&#8221;transparent&#8221; thickness=&#8221;0&#8243; up=&#8221;32&#8243; down=&#8221;0&#8243;][\/vc_column][vc_column width=&#8221;1\/4&#8243;][vc_single_image image=&#8221;1098&#8243; img_size=&#8221;full&#8221; alignment=&#8221;center&#8221; qode_css_animation=&#8221;&#8221;][vc_separator type=&#8221;transparent&#8221; thickness=&#8221;0&#8243; up=&#8221;18&#8243; down=&#8221;0&#8243;][vc_column_text]<\/p>\n<p style=\"text-align: center;\"><span style=\"font-size: 18pt;\">Resultados em <strong>10\u00a0minutos<\/strong><\/span><\/p>\n<p>[\/vc_column_text][vc_separator type=&#8221;transparent&#8221; thickness=&#8221;0&#8243; up=&#8221;32&#8243; down=&#8221;0&#8243;][\/vc_column][vc_column width=&#8221;1\/4&#8243;][vc_single_image image=&#8221;1107&#8243; img_size=&#8221;full&#8221; alignment=&#8221;center&#8221; qode_css_animation=&#8221;&#8221;][vc_separator type=&#8221;transparent&#8221; thickness=&#8221;0&#8243; up=&#8221;18&#8243; down=&#8221;0&#8243;][vc_column_text]<\/p>\n<p style=\"text-align: center;\"><span style=\"font-size: 18pt;\">Sensibilidade: 100% \/ Especificidade: 98% \/ Acur\u00e1cia: 98.6%<\/span><\/p>\n<p>[\/vc_column_text][vc_separator type=&#8221;transparent&#8221; thickness=&#8221;0&#8243; up=&#8221;32&#8243; down=&#8221;0&#8243;][\/vc_column][vc_column width=&#8221;1\/4&#8243;][vc_single_image image=&#8221;1108&#8243; img_size=&#8221;full&#8221; alignment=&#8221;center&#8221; qode_css_animation=&#8221;&#8221;][vc_separator type=&#8221;transparent&#8221; thickness=&#8221;0&#8243; up=&#8221;18&#8243; down=&#8221;0&#8243;][vc_column_text]<\/p>\n<p style=\"text-align: center;\"><span style=\"font-size: 18pt;\">Sensibilidade: 85% \/ Especificidade: 96% \/ Acur\u00e1cia: 92.9%<\/span><\/p>\n<p>[\/vc_column_text][vc_separator type=&#8221;transparent&#8221; thickness=&#8221;0&#8243; up=&#8221;32&#8243; down=&#8221;0&#8243;][\/vc_column][\/vc_row][vc_row css_animation=&#8221;&#8221; row_type=&#8221;row&#8221; use_row_as_full_screen_section=&#8221;no&#8221; type=&#8221;grid&#8221; angled_section=&#8221;no&#8221; text_align=&#8221;left&#8221; background_image_as_pattern=&#8221;without_pattern&#8221; css=&#8221;.vc_custom_1532528841138{padding-top: 62px !important;padding-bottom: 0px !important;}&#8221; z_index=&#8221;&#8221;][vc_column][qode_elements_holder number_of_columns=&#8221;two_columns&#8221; switch_to_one_column=&#8221;1000&#8243;][qode_elements_holder_item item_padding=&#8221;0% 4% 0 0%&#8221; vertical_alignment=&#8221;top&#8221; horizontal_alignment=&#8221;left&#8221; advanced_animations=&#8221;no&#8221; item_padding_1024_1280=&#8221;0% 11% 0 0%&#8221; item_padding_768_1024=&#8221;0 0 0 0&#8243; item_padding_600_768=&#8221;0 0 0 0&#8243; item_padding_480_600=&#8221;0 0 0 0&#8243; item_padding_480=&#8221;0 0 0 0&#8243;][vc_column_text]<\/p>\n<h2>COMO PROCEDER PARA A COMPRA<\/h2>\n<p>&nbsp;<\/p>\n<p><span style=\"font-size: 13pt;\">Para fazer seu pedido, entre em contato em um de nossos canais:<br \/>\n<strong>E-mail (recomendado):<\/strong> comercial.covid19@nldiagnostica.com.br<br \/>\n<strong>WhatsApp NL:<\/strong> +55 11 94203 6150<br \/>\n<strong>Telefone:<\/strong> +55 11 5060 4700<\/span>[\/vc_column_text][vc_empty_space height=&#8221;20px&#8221;][vc_column_text]<a  itemprop=\"url\" href=\"https:\/\/api.whatsapp.com\/send?phone=5511942036150\" target=\"_blank\"  class=\"qbutton  small default\" style=\"background-color: #19d126;\">WhatsApp<i class=\"qode_icon_font_awesome fa fa-whatsapp qode_button_icon_element\" style=\"\" ><\/i><\/a>\u00a0 <a  itemprop=\"url\" href=\"mailto:comercial.covid19@nldiagnostica.com.br?subject=COVID19 Comprar\" target=\"_blank\"  class=\"qbutton  small default\" style=\"\">E-mail<i class=\"qode_icon_font_awesome fa fa-envelope qode_button_icon_element\" style=\"\" ><\/i><\/a>[\/vc_column_text][vc_empty_space][\/qode_elements_holder_item][\/qode_elements_holder][\/vc_column][\/vc_row][vc_row css_animation=&#8221;&#8221; row_type=&#8221;row&#8221; use_row_as_full_screen_section=&#8221;no&#8221; type=&#8221;grid&#8221; angled_section=&#8221;no&#8221; text_align=&#8221;left&#8221; background_image_as_pattern=&#8221;without_pattern&#8221; css=&#8221;.vc_custom_1528910900375{padding-top: 62px !important;padding-bottom: 30px !important;background-color: #f5f5f5 !important;}&#8221; z_index=&#8221;&#8221;][vc_column][vc_column_text]<\/p>\n<h2>Perguntas e Respostas<\/h2>\n<p>[\/vc_column_text][vc_separator type=&#8221;transparent&#8221; thickness=&#8221;0&#8243; up=&#8221;32&#8243; down=&#8221;0&#8243;][vc_accordion active_tab=&#8221;false&#8221; collapsible=&#8221;yes&#8221; style=&#8221;accordion&#8221;][vc_accordion_tab title=&#8221;Qual o pre\u00e7o do Kit?&#8221;][vc_column_text]O kit \u00e9 composto de 25 testes. Contem 25 cassetes, embalados individualmente, 25 pipetas e um frasco de Tamp\u00e3o. Detecta IgG e IgM em aproximadamente 10 minutos. Para solicita\u00e7\u00e3o de custo, entre em contato conosco atrav\u00e9s das op\u00e7\u00f5es informadas acima (email: <a href=\"mailto:comercial.covid19@nldiagnostica.com.br\">comercial.covid19@nldiagnostica.com.br<\/a> ou Pelo Whatsapp: +5511942036150 ou pelo telefone Fixo 11 5061-4700)[\/vc_column_text][\/vc_accordion_tab][vc_accordion_tab title=&#8221;Qual a previs\u00e3o de entrega?&#8221;][vc_column_text]Vivemos agora um momento adverso por quest\u00f5es log\u00edsticas no mundo. Cada dia temos um prazo de entrega diferente, que ser\u00e1 enviado por e-mail ou whatsapp com os detalhes. Tanto a ANVISA quanto a Receita Federal publicaram normativas priorizando o desembara\u00e7o alfandeg\u00e1rio de itens relacionados ao COVID-19, e por isso estimamos t\u00e3o logo a nacionaliza\u00e7\u00e3o dos kits. Somado a isto, A NL Diagn\u00f3stica tem uma grande experi\u00eancia h\u00e1 mais de 30 anos com importa\u00e7\u00e3o e exporta\u00e7\u00e3o de kits diagn\u00f3sticos, efetuando mais de 150 opera\u00e7\u00f5es log\u00edsticas de importa\u00e7\u00e3o\/exporta\u00e7\u00e3o por ano. Nossa experi\u00eancia \u00e9 o que podemos garantir neste momento, o que traz uma certa tranquilidade que o prazo de entrega ser\u00e1 o menor poss\u00edvel.[\/vc_column_text][\/vc_accordion_tab][vc_accordion_tab title=&#8221;Como posso confiar na precis\u00e3o do kit?&#8221;][vc_column_text]A empresa fabricante \u00e9 certificada CBPF ANVISA, ISO 13485, FDA510(k). Quanto a performance do kit, os resultados reportados pelo kit foram testados e comprovados por grandes centros universit\u00e1rios e Hospitalares. Al\u00e9m disto, a NL Diagnostica \u00e9 uma empresa que \u00a0ao longo de seus 30 anos, sempre prezou pela qualidade dos produtos que fabrica e comercializa. Temos certifica\u00e7\u00e3o CBPF ANVISA e CERTIFICACAO \u00a0ISO 13485:2016, e quem utiliza qualquer de nossos produtos, pode comprovar a qualidade![\/vc_column_text][\/vc_accordion_tab][vc_accordion_tab title=&#8221;Como posso obter maiores informa\u00e7\u00f5es t\u00e9cnicas do produto, al\u00e9m das que constam nesta p\u00e1gina?&#8221;][vc_column_text]Entre em Contato (no email acima \/ Whatsapp \/ Telefone) solicitando as informa\u00e7\u00f5es produto e prontamente atenderemos seu pleito.[\/vc_column_text][\/vc_accordion_tab][\/vc_accordion][vc_separator type=&#8221;transparent&#8221; thickness=&#8221;0&#8243; up=&#8221;32&#8243; down=&#8221;0&#8243;][\/vc_column][\/vc_row][vc_row css_animation=&#8221;&#8221; row_type=&#8221;row&#8221; use_row_as_full_screen_section=&#8221;no&#8221; type=&#8221;grid&#8221; angled_section=&#8221;no&#8221; text_align=&#8221;left&#8221; background_image_as_pattern=&#8221;without_pattern&#8221; css=&#8221;.vc_custom_1520555987211{padding-top: 51px !important;padding-bottom: 51px !important;background-color: #939598 !important;}&#8221; z_index=&#8221;&#8221;][vc_column]<div class='qode_carousels_holder clearfix'><div class='qode_carousels' data-number-of-visible-items=''><ul class='slides'><li class='item'><div class=\"carousel_item_holder\"><a itemprop='url' href='#' target='_self'><span class='first_image_holder has_hover_image'><img itemprop=\"image\" src=\"http:\/\/www.nldiagnostica.com.br\/n\/wp-content\/uploads\/2018\/02\/Helena_1claro.png\" alt=\"carousel image\" \/><\/span><span class='second_image_holder has_hover_image'><img itemprop=\"image\" src=\"http:\/\/www.nldiagnostica.com.br\/n\/wp-content\/uploads\/2018\/02\/Helena_1normal.png\" alt=\"carousel image\" \/><\/span><\/a><\/div><\/li><li class='item'><div class=\"carousel_item_holder\"><a itemprop='url' href='#' target='_self'><span class='first_image_holder has_hover_image'><img itemprop=\"image\" src=\"http:\/\/www.nldiagnostica.com.br\/n\/wp-content\/uploads\/2018\/02\/Helena_2claro.png\" alt=\"carousel image\" \/><\/span><span class='second_image_holder has_hover_image'><img itemprop=\"image\" src=\"http:\/\/www.nldiagnostica.com.br\/n\/wp-content\/uploads\/2018\/02\/Helena_2normal.png\" alt=\"carousel image\" \/><\/span><\/a><\/div><\/li><li class='item'><div class=\"carousel_item_holder\"><a itemprop='url' href='#' target='_self'><span class='first_image_holder has_hover_image'><img itemprop=\"image\" src=\"http:\/\/www.nldiagnostica.com.br\/n\/wp-content\/uploads\/2018\/02\/Meridian_3claro.png\" alt=\"carousel image\" \/><\/span><span class='second_image_holder has_hover_image'><img itemprop=\"image\" src=\"http:\/\/www.nldiagnostica.com.br\/n\/wp-content\/uploads\/2018\/02\/Meridian_3normal.png\" alt=\"carousel image\" \/><\/span><\/a><\/div><\/li><li class='item'><div class=\"carousel_item_holder\"><a itemprop='url' href='#' target='_self'><span class='first_image_holder has_hover_image'><img itemprop=\"image\" src=\"http:\/\/www.nldiagnostica.com.br\/n\/wp-content\/uploads\/2018\/02\/Corgenix_4claro.png\" alt=\"carousel image\" \/><\/span><span class='second_image_holder has_hover_image'><img itemprop=\"image\" src=\"http:\/\/www.nldiagnostica.com.br\/n\/wp-content\/uploads\/2018\/02\/Corgenix_4normal.png\" alt=\"carousel image\" \/><\/span><\/a><\/div><\/li><li class='item'><div class=\"carousel_item_holder\"><a itemprop='url' href='#' target='_self'><span class='first_image_holder has_hover_image'><img itemprop=\"image\" src=\"http:\/\/www.nldiagnostica.com.br\/n\/wp-content\/uploads\/2018\/02\/Coproplus_5claro.png\" alt=\"carousel image\" \/><\/span><span class='second_image_holder has_hover_image'><img itemprop=\"image\" src=\"http:\/\/www.nldiagnostica.com.br\/n\/wp-content\/uploads\/2018\/02\/Coproplus_5normal.png\" alt=\"carousel image\" \/><\/span><\/a><\/div><\/li><li class='item'><div class=\"carousel_item_holder\"><a itemprop='url' href='#' target='_self'><span class='first_image_holder has_hover_image'><img itemprop=\"image\" src=\"http:\/\/www.nldiagnostica.com.br\/n\/wp-content\/uploads\/2020\/04\/Cellex_1claro.png\" alt=\"carousel image\" \/><\/span><span class='second_image_holder has_hover_image'><img itemprop=\"image\" src=\"http:\/\/www.nldiagnostica.com.br\/n\/wp-content\/uploads\/2020\/04\/Cellex_1normal.png\" alt=\"carousel image\" \/><\/span><\/a><\/div><\/li><li class='item'><div class=\"carousel_item_holder\"><a itemprop='url' href='#' target='_self'><span class='first_image_holder has_hover_image'><img itemprop=\"image\" src=\"https:\/\/www.nldiagnostica.com.br\/n\/wp-content\/uploads\/2021\/03\/Genscript_bco_Claro.png\" alt=\"carousel image\" \/><\/span><span class='second_image_holder has_hover_image'><img itemprop=\"image\" src=\"https:\/\/www.nldiagnostica.com.br\/n\/wp-content\/uploads\/2021\/03\/Genscript_bco.png\" alt=\"carousel image\" \/><\/span><\/a><\/div><\/li><\/ul><\/div><\/div>[\/vc_column][\/vc_row]<\/p>\n","protected":false},"excerpt":{"rendered":"<p>[vc_row css_animation=&#8221;&#8221; row_type=&#8221;row&#8221; use_row_as_full_screen_section=&#8221;no&#8221; type=&#8221;grid&#8221; angled_section=&#8221;no&#8221; text_align=&#8221;left&#8221; background_image_as_pattern=&#8221;without_pattern&#8221; css=&#8221;.vc_custom_1532530913694{padding-top: 20px !important;}&#8221; z_index=&#8221;&#8221;][vc_column][qode_elements_holder number_of_columns=&#8221;two_columns&#8221; switch_to_one_column=&#8221;1000&#8243;][qode_elements_holder_item item_padding=&#8221;4% 4% 0 0&#8243; vertical_alignment=&#8221;top&#8221; advanced_animations=&#8221;no&#8221; item_padding_1024_1280=&#8221;7.5% 0 0 0&#8243; item_padding_768_1024=&#8221;0 3% 0 0&#8243; item_padding_600_768=&#8221;0 0 0 0&#8243; item_padding_480_600=&#8221;0 0 0 0&#8243; item_padding_480=&#8221;0 0 0 0&#8243;][vc_column_text] Teste R\u00e1pido para detec\u00e7\u00e3o de&#8230;<\/p>\n","protected":false},"author":1,"featured_media":0,"parent":0,"menu_order":0,"comment_status":"closed","ping_status":"closed","template":"full_width.php","meta":[],"yoast_head":"<!-- This site is optimized with the Yoast SEO plugin v18.2 - https:\/\/yoast.com\/wordpress\/plugins\/seo\/ -->\n<meta name=\"robots\" content=\"index, follow, max-snippet:-1, max-image-preview:large, max-video-preview:-1\" \/>\n<link rel=\"canonical\" href=\"https:\/\/www.nldiagnostica.com.br\/n\/covid19\/\" \/>\n<meta property=\"og:locale\" content=\"pt_BR\" \/>\n<meta property=\"og:type\" content=\"article\" \/>\n<meta property=\"og:title\" content=\"COVID-19 - NL Diagn\u00f3stica\" \/>\n<meta property=\"og:description\" content=\"[vc_row css_animation=&#8221;&#8221; row_type=&#8221;row&#8221; use_row_as_full_screen_section=&#8221;no&#8221; type=&#8221;grid&#8221; angled_section=&#8221;no&#8221; text_align=&#8221;left&#8221; background_image_as_pattern=&#8221;without_pattern&#8221; css=&#8221;.vc_custom_1532530913694{padding-top: 20px !important;}&#8221; z_index=&#8221;&#8221;][vc_column][qode_elements_holder number_of_columns=&#8221;two_columns&#8221; switch_to_one_column=&#8221;1000&#8243;][qode_elements_holder_item item_padding=&#8221;4% 4% 0 0&#8243; vertical_alignment=&#8221;top&#8221; advanced_animations=&#8221;no&#8221; item_padding_1024_1280=&#8221;7.5% 0 0 0&#8243; item_padding_768_1024=&#8221;0 3% 0 0&#8243; item_padding_600_768=&#8221;0 0 0 0&#8243; item_padding_480_600=&#8221;0 0 0 0&#8243; item_padding_480=&#8221;0 0 0 0&#8243;][vc_column_text] Teste R\u00e1pido para detec\u00e7\u00e3o de...\" \/>\n<meta property=\"og:url\" content=\"https:\/\/www.nldiagnostica.com.br\/n\/covid19\/\" \/>\n<meta property=\"og:site_name\" content=\"NL Diagn\u00f3stica\" \/>\n<meta property=\"article:publisher\" content=\"https:\/\/www.facebook.com\/NLdiagnostica\/\" \/>\n<meta property=\"article:modified_time\" content=\"2020-03-30T14:39:49+00:00\" \/>\n<meta name=\"twitter:card\" content=\"summary_large_image\" \/>\n<meta name=\"twitter:label1\" content=\"Est. tempo de leitura\" \/>\n\t<meta name=\"twitter:data1\" content=\"6 minutos\" \/>\n<script type=\"application\/ld+json\" class=\"yoast-schema-graph\">{\"@context\":\"https:\/\/schema.org\",\"@graph\":[{\"@type\":\"WebSite\",\"@id\":\"https:\/\/www.nldiagnostica.com.br\/n\/#website\",\"url\":\"https:\/\/www.nldiagnostica.com.br\/n\/\",\"name\":\"NL Diagn\u00f3stica\",\"description\":\"IVD Trusted Solutions Science 1985\",\"potentialAction\":[{\"@type\":\"SearchAction\",\"target\":{\"@type\":\"EntryPoint\",\"urlTemplate\":\"https:\/\/www.nldiagnostica.com.br\/n\/?s={search_term_string}\"},\"query-input\":\"required name=search_term_string\"}],\"inLanguage\":\"pt-BR\"},{\"@type\":\"WebPage\",\"@id\":\"https:\/\/www.nldiagnostica.com.br\/n\/covid19\/#webpage\",\"url\":\"https:\/\/www.nldiagnostica.com.br\/n\/covid19\/\",\"name\":\"COVID-19 - NL Diagn\u00f3stica\",\"isPartOf\":{\"@id\":\"https:\/\/www.nldiagnostica.com.br\/n\/#website\"},\"datePublished\":\"2020-03-22T22:39:37+00:00\",\"dateModified\":\"2020-03-30T14:39:49+00:00\",\"breadcrumb\":{\"@id\":\"https:\/\/www.nldiagnostica.com.br\/n\/covid19\/#breadcrumb\"},\"inLanguage\":\"pt-BR\",\"potentialAction\":[{\"@type\":\"ReadAction\",\"target\":[\"https:\/\/www.nldiagnostica.com.br\/n\/covid19\/\"]}]},{\"@type\":\"BreadcrumbList\",\"@id\":\"https:\/\/www.nldiagnostica.com.br\/n\/covid19\/#breadcrumb\",\"itemListElement\":[{\"@type\":\"ListItem\",\"position\":1,\"name\":\"In\u00edcio\",\"item\":\"https:\/\/www.nldiagnostica.com.br\/n\/\"},{\"@type\":\"ListItem\",\"position\":2,\"name\":\"COVID-19\"}]}]}<\/script>\n<!-- \/ Yoast SEO plugin. -->","yoast_head_json":{"robots":{"index":"index","follow":"follow","max-snippet":"max-snippet:-1","max-image-preview":"max-image-preview:large","max-video-preview":"max-video-preview:-1"},"canonical":"https:\/\/www.nldiagnostica.com.br\/n\/covid19\/","og_locale":"pt_BR","og_type":"article","og_title":"COVID-19 - NL Diagn\u00f3stica","og_description":"[vc_row css_animation=&#8221;&#8221; row_type=&#8221;row&#8221; use_row_as_full_screen_section=&#8221;no&#8221; type=&#8221;grid&#8221; angled_section=&#8221;no&#8221; text_align=&#8221;left&#8221; background_image_as_pattern=&#8221;without_pattern&#8221; css=&#8221;.vc_custom_1532530913694{padding-top: 20px !important;}&#8221; z_index=&#8221;&#8221;][vc_column][qode_elements_holder number_of_columns=&#8221;two_columns&#8221; switch_to_one_column=&#8221;1000&#8243;][qode_elements_holder_item item_padding=&#8221;4% 4% 0 0&#8243; vertical_alignment=&#8221;top&#8221; advanced_animations=&#8221;no&#8221; item_padding_1024_1280=&#8221;7.5% 0 0 0&#8243; item_padding_768_1024=&#8221;0 3% 0 0&#8243; item_padding_600_768=&#8221;0 0 0 0&#8243; item_padding_480_600=&#8221;0 0 0 0&#8243; item_padding_480=&#8221;0 0 0 0&#8243;][vc_column_text] Teste R\u00e1pido para detec\u00e7\u00e3o de...","og_url":"https:\/\/www.nldiagnostica.com.br\/n\/covid19\/","og_site_name":"NL Diagn\u00f3stica","article_publisher":"https:\/\/www.facebook.com\/NLdiagnostica\/","article_modified_time":"2020-03-30T14:39:49+00:00","twitter_card":"summary_large_image","twitter_misc":{"Est. tempo de leitura":"6 minutos"},"schema":{"@context":"https:\/\/schema.org","@graph":[{"@type":"WebSite","@id":"https:\/\/www.nldiagnostica.com.br\/n\/#website","url":"https:\/\/www.nldiagnostica.com.br\/n\/","name":"NL Diagn\u00f3stica","description":"IVD Trusted Solutions Science 1985","potentialAction":[{"@type":"SearchAction","target":{"@type":"EntryPoint","urlTemplate":"https:\/\/www.nldiagnostica.com.br\/n\/?s={search_term_string}"},"query-input":"required name=search_term_string"}],"inLanguage":"pt-BR"},{"@type":"WebPage","@id":"https:\/\/www.nldiagnostica.com.br\/n\/covid19\/#webpage","url":"https:\/\/www.nldiagnostica.com.br\/n\/covid19\/","name":"COVID-19 - NL Diagn\u00f3stica","isPartOf":{"@id":"https:\/\/www.nldiagnostica.com.br\/n\/#website"},"datePublished":"2020-03-22T22:39:37+00:00","dateModified":"2020-03-30T14:39:49+00:00","breadcrumb":{"@id":"https:\/\/www.nldiagnostica.com.br\/n\/covid19\/#breadcrumb"},"inLanguage":"pt-BR","potentialAction":[{"@type":"ReadAction","target":["https:\/\/www.nldiagnostica.com.br\/n\/covid19\/"]}]},{"@type":"BreadcrumbList","@id":"https:\/\/www.nldiagnostica.com.br\/n\/covid19\/#breadcrumb","itemListElement":[{"@type":"ListItem","position":1,"name":"In\u00edcio","item":"https:\/\/www.nldiagnostica.com.br\/n\/"},{"@type":"ListItem","position":2,"name":"COVID-19"}]}]}},"_links":{"self":[{"href":"https:\/\/www.nldiagnostica.com.br\/n\/wp-json\/wp\/v2\/pages\/1088"}],"collection":[{"href":"https:\/\/www.nldiagnostica.com.br\/n\/wp-json\/wp\/v2\/pages"}],"about":[{"href":"https:\/\/www.nldiagnostica.com.br\/n\/wp-json\/wp\/v2\/types\/page"}],"author":[{"embeddable":true,"href":"https:\/\/www.nldiagnostica.com.br\/n\/wp-json\/wp\/v2\/users\/1"}],"replies":[{"embeddable":true,"href":"https:\/\/www.nldiagnostica.com.br\/n\/wp-json\/wp\/v2\/comments?post=1088"}],"version-history":[{"count":28,"href":"https:\/\/www.nldiagnostica.com.br\/n\/wp-json\/wp\/v2\/pages\/1088\/revisions"}],"predecessor-version":[{"id":1135,"href":"https:\/\/www.nldiagnostica.com.br\/n\/wp-json\/wp\/v2\/pages\/1088\/revisions\/1135"}],"wp:attachment":[{"href":"https:\/\/www.nldiagnostica.com.br\/n\/wp-json\/wp\/v2\/media?parent=1088"}],"curies":[{"name":"wp","href":"https:\/\/api.w.org\/{rel}","templated":true}]}}