{"id":108,"date":"2016-02-22T13:53:46","date_gmt":"2016-02-22T13:53:46","guid":{"rendered":"http:\/\/bridge9.qodeinteractive.com\/?page_id=108"},"modified":"2023-01-09T14:35:31","modified_gmt":"2023-01-09T17:35:31","slug":"empresa","status":"publish","type":"page","link":"https:\/\/www.nldiagnostica.com.br\/n\/empresa\/","title":{"rendered":"A Empresa"},"content":{"rendered":"<p>[vc_row css_animation=&#8221;&#8221; row_type=&#8221;row&#8221; use_row_as_full_screen_section=&#8221;no&#8221; type=&#8221;grid&#8221; angled_section=&#8221;no&#8221; text_align=&#8221;left&#8221; background_image_as_pattern=&#8221;without_pattern&#8221; css=&#8221;.vc_custom_1549478873529{padding-top: 50px !important;padding-bottom: 20px !important;}&#8221; z_index=&#8221;&#8221;][vc_column offset=&#8221;vc_col-lg-4 vc_col-md-4&#8243; css=&#8221;.vc_custom_1522160836121{padding-right: 20px !important;padding-left: 20px !important;}&#8221;][vc_single_image image=&#8221;548&#8243; alignment=&#8221;center&#8221; qode_css_animation=&#8221;&#8221;][vc_separator type=&#8221;transparent&#8221; thickness=&#8221;0&#8243; up=&#8221;23&#8243; down=&#8221;0&#8243;][vc_column_text]<\/p>\n<h2 style=\"text-align: center;\"><span style=\"color: #28246a;\">\u00a0Miss\u00e3o<\/span><\/h2>\n<p>[\/vc_column_text][vc_separator type=&#8221;transparent&#8221; thickness=&#8221;0&#8243; up=&#8221;31&#8243; down=&#8221;0&#8243;][vc_column_text]<\/p>\n<p style=\"text-align: justify;\"><span style=\"font-size: 13pt;\">Oferecer aos laborat\u00f3rios, hospitais e cl\u00ednicas, solu\u00e7\u00f5es diferenciadas que proporcionem diagn\u00f3sticos com seguran\u00e7a, praticidade, rapidez e confian\u00e7a.<\/span><\/p>\n<p>[\/vc_column_text][vc_separator type=&#8221;transparent&#8221; thickness=&#8221;0&#8243; up=&#8221;53&#8243; down=&#8221;0&#8243;][\/vc_column][vc_column offset=&#8221;vc_col-lg-4 vc_col-md-4&#8243; css=&#8221;.vc_custom_1522160828650{padding-right: 20px !important;padding-left: 20px !important;}&#8221;][vc_single_image image=&#8221;546&#8243; alignment=&#8221;center&#8221; qode_css_animation=&#8221;&#8221;][vc_separator type=&#8221;transparent&#8221; thickness=&#8221;0&#8243; up=&#8221;23&#8243; down=&#8221;0&#8243;][vc_column_text]<\/p>\n<h2 style=\"text-align: center;\"><span style=\"color: #28246a; font-size: 19pt;\">Pol\u00edtica da Qualidade<\/span><\/h2>\n<p>[\/vc_column_text][vc_separator type=&#8221;transparent&#8221; thickness=&#8221;0&#8243; up=&#8221;23&#8243; down=&#8221;0&#8243;][vc_column_text]<\/p>\n<p style=\"text-align: justify;\"><span style=\"font-size: 17.3333px;\">A Satisfa\u00e7\u00e3o das necessidades e o atendimento aos requisitos dos seus clientes;<\/span><\/p>\n<p style=\"text-align: justify;\"><span style=\"font-size: 17.3333px;\"><br \/>\nAtender aos requisitos legais aplic\u00e1veis;<\/span><\/p>\n<p style=\"text-align: justify;\"><span style=\"font-size: 17.3333px;\"><br \/>\nA manuten\u00e7\u00e3o de seus processos internos e da efic\u00e1cia de seu Sistema de Gest\u00e3o da Qualidade.<br \/>\n<\/span><\/p>\n<p>[\/vc_column_text][vc_separator type=&#8221;transparent&#8221; thickness=&#8221;0&#8243; up=&#8221;18&#8243; down=&#8221;0&#8243;][vc_single_image image=&#8221;1065&#8243; img_size=&#8221;&#8221; alignment=&#8221;center&#8221; onclick=&#8221;custom_link&#8221; img_link_target=&#8221;_blank&#8221; qode_css_animation=&#8221;&#8221; link=&#8221;https:\/\/www.nldiagnostica.com.br\/n\/wp-content\/uploads\/2023\/01\/Certificado-ISO-13485-2016_FM-702891.pdf&#8221;][vc_separator type=&#8221;transparent&#8221; thickness=&#8221;0&#8243; up=&#8221;18&#8243; down=&#8221;0&#8243;][vc_column_text]<\/p>\n<p style=\"text-align: justify;\"><span style=\"font-size: 17.3333px;\">fa\u00e7a o <strong><a href=\"http:\/\/www.nldiagnostica.com.br\/ifu\/Certificado_ISO_13485-2016_FM_702891.pdf\" target=\"_blank\" rel=\"noopener\">download<\/a><\/strong> do certificado.<\/span><\/p>\n<p style=\"text-align: justify;\"><span style=\"font-size: 17.3333px;\"><br \/>\nComprovando nosso compromisso com a <strong>m\u00e1xima qualidade<\/strong>, somos certificados\u00a0<strong>BSI &#8211; ISO 13485<\/strong><\/span><\/p>\n<p>[\/vc_column_text][vc_separator type=&#8221;transparent&#8221; thickness=&#8221;0&#8243; up=&#8221;53&#8243; down=&#8221;0&#8243;][\/vc_column][vc_column offset=&#8221;vc_col-lg-4 vc_col-md-4&#8243; css=&#8221;.vc_custom_1522160844892{padding-right: 20px !important;padding-left: 20px !important;}&#8221;][vc_single_image image=&#8221;549&#8243; alignment=&#8221;center&#8221; qode_css_animation=&#8221;&#8221;][vc_separator type=&#8221;transparent&#8221; thickness=&#8221;0&#8243; up=&#8221;23&#8243; down=&#8221;0&#8243;][vc_column_text]<\/p>\n<h2 style=\"text-align: center;\"><span style=\"color: #28246a;\">Valores<\/span><\/h2>\n<p>[\/vc_column_text][vc_separator type=&#8221;transparent&#8221; thickness=&#8221;0&#8243; up=&#8221;31&#8243; down=&#8221;0&#8243;][vc_column_text]<\/p>\n<p style=\"text-align: justify;\"><span style=\"font-size: 13pt;\"><strong>Supera\u00e7\u00e3o:<\/strong>\u00a0Persistimos sempre, buscando nossos objetivos e nos superando a cada dia;<\/span><\/p>\n<p>&nbsp;<\/p>\n<p style=\"text-align: justify;\"><span style=\"font-size: 13pt;\"><strong>\u00c9tica:<\/strong>\u00a0Somos \u00edntegros, e nosso comportamento \u00e9 guiado com base em princ\u00edpios \u00e9ticos;<\/span><\/p>\n<p>&nbsp;<\/p>\n<p style=\"text-align: justify;\"><span style=\"font-size: 13pt;\"><strong>Inova\u00e7\u00e3o:<\/strong>\u00a0Nosso ambiente estimula a criatividade, com o objetivo de oferecer as solu\u00e7\u00f5es mais diferenciadas do mercado aos nossos clientes;<\/span><\/p>\n<p>&nbsp;<\/p>\n<p style=\"text-align: justify;\"><span style=\"font-size: 13pt;\"><strong>Sinergia:<\/strong>\u00a0Incentivamos a postura colaborativa entre nossa equipe. Acreditamos que a uni\u00e3o potencializa o esfor\u00e7o individual.<\/span><\/p>\n<p>[\/vc_column_text][vc_separator type=&#8221;transparent&#8221; thickness=&#8221;0&#8243; up=&#8221;53&#8243; down=&#8221;0&#8243;][\/vc_column][\/vc_row][vc_row css_animation=&#8221;&#8221; row_type=&#8221;row&#8221; use_row_as_full_screen_section=&#8221;no&#8221; type=&#8221;grid&#8221; angled_section=&#8221;no&#8221; text_align=&#8221;left&#8221; background_image_as_pattern=&#8221;without_pattern&#8221; css=&#8221;.vc_custom_1549478808862{padding-top: 18px !important;padding-bottom: 18px !important;}&#8221; z_index=&#8221;&#8221;][vc_column][vc_column_text]<\/p>\n<h2><span style=\"color: #28246a;\">Certificado Operador Econ\u00f4mico Autorizado (OEA) &#8211; pela Receita Federal<\/span><\/h2>\n<p>[\/vc_column_text][vc_separator type=&#8221;transparent&#8221; thickness=&#8221;0&#8243; up=&#8221;32&#8243; down=&#8221;0&#8243;][vc_row_inner row_type=&#8221;row&#8221; type=&#8221;full_width&#8221; text_align=&#8221;left&#8221; css_animation=&#8221;&#8221;][vc_column_inner width=&#8221;1\/4&#8243;][vc_single_image image=&#8221;1395&#8243; img_size=&#8221;200&#215;141&#8243; alignment=&#8221;center&#8221; style=&#8221;vc_box_shadow&#8221; onclick=&#8221;link_image&#8221; qode_css_animation=&#8221;&#8221;][\/vc_column_inner][vc_column_inner width=&#8221;3\/4&#8243;][vc_column_text]<span style=\"font-size: 13pt;\">Certificados pela <strong>Secretaria Especial da Receita Federal do Brasil<\/strong>, em reconhecimento \u00e0 parceria estabelecida e para <strong>proporcionar maior agilidade e previsibilidade ao fluxo de com\u00e9rcio exterior<\/strong>, em face da ado\u00e7\u00e3o de procedimentos em conson\u00e2ncia aos crit\u00e9rios exigidos pelo Programa Brasileiro de Operador Econ\u00f4mico Autorizado &#8211; OEA<\/span>[\/vc_column_text][\/vc_column_inner][\/vc_row_inner][vc_separator type=&#8221;transparent&#8221; thickness=&#8221;0&#8243; up=&#8221;20&#8243; down=&#8221;0&#8243;][\/vc_column][\/vc_row][vc_row css_animation=&#8221;&#8221; row_type=&#8221;row&#8221; use_row_as_full_screen_section=&#8221;no&#8221; type=&#8221;grid&#8221; angled_section=&#8221;no&#8221; text_align=&#8221;left&#8221; background_image_as_pattern=&#8221;without_pattern&#8221; css=&#8221;.vc_custom_1549478808862{padding-top: 18px !important;padding-bottom: 18px !important;}&#8221; z_index=&#8221;&#8221;][vc_column][vc_column_text]<\/p>\n<h2><span style=\"color: #28246a;\">Estrutura, Inova\u00e7\u00e3o e Tecnologia<\/span><\/h2>\n<p>[\/vc_column_text][vc_separator type=&#8221;transparent&#8221; thickness=&#8221;0&#8243; up=&#8221;32&#8243; down=&#8221;0&#8243;][vc_column_text]<span style=\"font-size: 13pt;\">Com mais de <strong>30 ANOS DE ATUA\u00c7\u00c3O<\/strong> no segmento diagn\u00f3stico, a <strong>NL Diagn\u00f3stica<\/strong>, sediada em S\u00e3o Paulo capital, esteve sempre em sintonia com a evolu\u00e7\u00e3o. Traz em seu portf\u00f3lio marcas consagradas em todo o mundo, como <strong>Helena Laboratories, Helena Biosciences, Meridian Bioscience e Corgenix<\/strong>.<\/span><\/p>\n<div style=\"height: 20px;\"><span style=\"font-size: 13pt;\">\u00a0<\/span><\/div>\n<p><span style=\"font-size: 13pt;\">Tratam-se de importantes equipamentos e reagentes para <strong>Eletroforese, Agrega\u00e7\u00e3o Plaquet\u00e1ria, Hemostasia, Microbiologia e Parasitologia<\/strong>. Al\u00e9m dessas importantes parcerias, a NL Diagn\u00f3stica \u00e9 fabricante do <strong>sistema parasitol\u00f3gico Coproplus e Coproplus Ultra<\/strong>, alternativas inovadoras com a tradi\u00e7\u00e3o e a qualidade da empresa, onde a busca pela excel\u00eancia explica os investimentos em tecnologia de ponta.<\/span><\/p>\n<div style=\"height: 20px;\"><span style=\"font-size: 13pt;\">\u00a0<\/span><\/div>\n<p><span style=\"font-size: 13pt;\">A posi\u00e7\u00e3o de destaque no mercado conquistada pela <strong>NL Diagn\u00f3stica<\/strong> \u00e9 resultado de um modelo de gest\u00e3o com foco na satisfa\u00e7\u00e3o do cliente, desde a avalia\u00e7\u00e3o de suas necessidades, at\u00e9 o suporte pleno inclusive no p\u00f3s-venda, em busca de solu\u00e7\u00f5es que otimizem os trabalhos, com total qualidade, precis\u00e3o e confiabilidade.<\/span><\/p>\n<div style=\"height: 20px;\"><span style=\"font-size: 13pt;\">\u00a0<\/span><\/div>\n<p>[\/vc_column_text][vc_separator type=&#8221;transparent&#8221; thickness=&#8221;0&#8243; up=&#8221;20&#8243; down=&#8221;0&#8243;][\/vc_column][\/vc_row][vc_row css_animation=&#8221;&#8221; row_type=&#8221;row&#8221; use_row_as_full_screen_section=&#8221;no&#8221; type=&#8221;grid&#8221; angled_section=&#8221;no&#8221; text_align=&#8221;left&#8221; background_image_as_pattern=&#8221;without_pattern&#8221; css=&#8221;.vc_custom_1520363006178{padding-top: 51px !important;padding-bottom: 51px !important;background-color: #939598 !important;}&#8221; z_index=&#8221;&#8221;][vc_column]<div class='qode_carousels_holder clearfix'><div class='qode_carousels' data-number-of-visible-items=''><ul class='slides'><li class='item'><div class=\"carousel_item_holder\"><a itemprop='url' href='#' target='_self'><span class='first_image_holder has_hover_image'><img itemprop=\"image\" src=\"http:\/\/www.nldiagnostica.com.br\/n\/wp-content\/uploads\/2018\/02\/Helena_1claro.png\" alt=\"carousel image\" \/><\/span><span class='second_image_holder has_hover_image'><img itemprop=\"image\" src=\"http:\/\/www.nldiagnostica.com.br\/n\/wp-content\/uploads\/2018\/02\/Helena_1normal.png\" alt=\"carousel image\" \/><\/span><\/a><\/div><\/li><li class='item'><div class=\"carousel_item_holder\"><a itemprop='url' href='#' target='_self'><span class='first_image_holder has_hover_image'><img itemprop=\"image\" src=\"http:\/\/www.nldiagnostica.com.br\/n\/wp-content\/uploads\/2018\/02\/Helena_2claro.png\" alt=\"carousel image\" \/><\/span><span class='second_image_holder has_hover_image'><img itemprop=\"image\" src=\"http:\/\/www.nldiagnostica.com.br\/n\/wp-content\/uploads\/2018\/02\/Helena_2normal.png\" alt=\"carousel image\" \/><\/span><\/a><\/div><\/li><li class='item'><div class=\"carousel_item_holder\"><a itemprop='url' href='#' target='_self'><span class='first_image_holder has_hover_image'><img itemprop=\"image\" src=\"http:\/\/www.nldiagnostica.com.br\/n\/wp-content\/uploads\/2018\/02\/Meridian_3claro.png\" alt=\"carousel image\" \/><\/span><span class='second_image_holder has_hover_image'><img itemprop=\"image\" src=\"http:\/\/www.nldiagnostica.com.br\/n\/wp-content\/uploads\/2018\/02\/Meridian_3normal.png\" alt=\"carousel image\" \/><\/span><\/a><\/div><\/li><li class='item'><div class=\"carousel_item_holder\"><a itemprop='url' href='#' target='_self'><span class='first_image_holder has_hover_image'><img itemprop=\"image\" src=\"http:\/\/www.nldiagnostica.com.br\/n\/wp-content\/uploads\/2018\/02\/Corgenix_4claro.png\" alt=\"carousel image\" \/><\/span><span class='second_image_holder has_hover_image'><img itemprop=\"image\" src=\"http:\/\/www.nldiagnostica.com.br\/n\/wp-content\/uploads\/2018\/02\/Corgenix_4normal.png\" alt=\"carousel image\" \/><\/span><\/a><\/div><\/li><li class='item'><div class=\"carousel_item_holder\"><a itemprop='url' href='#' target='_self'><span class='first_image_holder has_hover_image'><img itemprop=\"image\" src=\"http:\/\/www.nldiagnostica.com.br\/n\/wp-content\/uploads\/2018\/02\/Coproplus_5claro.png\" alt=\"carousel image\" \/><\/span><span class='second_image_holder has_hover_image'><img itemprop=\"image\" src=\"http:\/\/www.nldiagnostica.com.br\/n\/wp-content\/uploads\/2018\/02\/Coproplus_5normal.png\" alt=\"carousel image\" \/><\/span><\/a><\/div><\/li><li class='item'><div class=\"carousel_item_holder\"><a itemprop='url' href='#' target='_self'><span class='first_image_holder has_hover_image'><img itemprop=\"image\" src=\"http:\/\/www.nldiagnostica.com.br\/n\/wp-content\/uploads\/2020\/04\/Cellex_1claro.png\" alt=\"carousel image\" \/><\/span><span class='second_image_holder has_hover_image'><img itemprop=\"image\" src=\"http:\/\/www.nldiagnostica.com.br\/n\/wp-content\/uploads\/2020\/04\/Cellex_1normal.png\" alt=\"carousel image\" \/><\/span><\/a><\/div><\/li><li class='item'><div class=\"carousel_item_holder\"><a itemprop='url' href='#' target='_self'><span class='first_image_holder has_hover_image'><img itemprop=\"image\" src=\"https:\/\/www.nldiagnostica.com.br\/n\/wp-content\/uploads\/2021\/03\/Genscript_bco_Claro.png\" alt=\"carousel image\" \/><\/span><span class='second_image_holder has_hover_image'><img itemprop=\"image\" src=\"https:\/\/www.nldiagnostica.com.br\/n\/wp-content\/uploads\/2021\/03\/Genscript_bco.png\" alt=\"carousel image\" \/><\/span><\/a><\/div><\/li><\/ul><\/div><\/div>[\/vc_column][\/vc_row]<\/p>\n","protected":false},"excerpt":{"rendered":"<p>[vc_row css_animation=&#8221;&#8221; row_type=&#8221;row&#8221; use_row_as_full_screen_section=&#8221;no&#8221; type=&#8221;grid&#8221; angled_section=&#8221;no&#8221; text_align=&#8221;left&#8221; background_image_as_pattern=&#8221;without_pattern&#8221; css=&#8221;.vc_custom_1549478873529{padding-top: 50px !important;padding-bottom: 20px !important;}&#8221; z_index=&#8221;&#8221;][vc_column offset=&#8221;vc_col-lg-4 vc_col-md-4&#8243; css=&#8221;.vc_custom_1522160836121{padding-right: 20px !important;padding-left: 20px !important;}&#8221;][vc_single_image image=&#8221;548&#8243; alignment=&#8221;center&#8221; qode_css_animation=&#8221;&#8221;][vc_separator type=&#8221;transparent&#8221; thickness=&#8221;0&#8243; up=&#8221;23&#8243; down=&#8221;0&#8243;][vc_column_text] \u00a0Miss\u00e3o [\/vc_column_text][vc_separator type=&#8221;transparent&#8221; thickness=&#8221;0&#8243; up=&#8221;31&#8243; down=&#8221;0&#8243;][vc_column_text] Oferecer aos laborat\u00f3rios, hospitais e cl\u00ednicas, solu\u00e7\u00f5es diferenciadas que proporcionem diagn\u00f3sticos&#8230;<\/p>\n","protected":false},"author":1,"featured_media":0,"parent":0,"menu_order":0,"comment_status":"closed","ping_status":"closed","template":"full_width.php","meta":[],"yoast_head":"<!-- This site is optimized with the Yoast SEO plugin v18.2 - https:\/\/yoast.com\/wordpress\/plugins\/seo\/ -->\n<meta name=\"description\" content=\"Com mais de 30 ANOS DE ATUA\u00c7\u00c3O no segmento diagn\u00f3stico, a NL Diagn\u00f3stica, sediada em S\u00e3o Paulo capital, esteve sempre em sintonia com a evolu\u00e7\u00e3o. Traz em seu portf\u00f3lio marcas consagradas em todo o mundo, como Helena Laboratories, Helena Biosciences, Meridian Bioscience e Corgenix. Tratam-se de importantes equipamentos e reagentes para Eletroforese, Agrega\u00e7\u00e3o Plaquet\u00e1ria, Hemostasia, Microbiologia e Parasitologia. Al\u00e9m dessas importantes parcerias, a NL Diagn\u00f3stica \u00e9 fabricante do sistema parasitol\u00f3gico Coproplus e Coproplus Ultra, alternativas inovadoras com a tradi\u00e7\u00e3o e a qualidade da empresa, onde a busca pela excel\u00eancia explica os investimentos em tecnologia de ponta.\" \/>\n<meta name=\"robots\" content=\"index, follow, max-snippet:-1, max-image-preview:large, max-video-preview:-1\" \/>\n<link rel=\"canonical\" href=\"https:\/\/www.nldiagnostica.com.br\/n\/empresa\/\" \/>\n<meta property=\"og:locale\" content=\"pt_BR\" \/>\n<meta property=\"og:type\" content=\"article\" \/>\n<meta property=\"og:title\" content=\"A Empresa - NL Diagn\u00f3stica\" \/>\n<meta property=\"og:description\" content=\"Com mais de 30 ANOS DE ATUA\u00c7\u00c3O no segmento diagn\u00f3stico, a NL Diagn\u00f3stica, sediada em S\u00e3o Paulo capital, esteve sempre em sintonia com a evolu\u00e7\u00e3o. Traz em seu portf\u00f3lio marcas consagradas em todo o mundo, como Helena Laboratories, Helena Biosciences, Meridian Bioscience e Corgenix. Tratam-se de importantes equipamentos e reagentes para Eletroforese, Agrega\u00e7\u00e3o Plaquet\u00e1ria, Hemostasia, Microbiologia e Parasitologia. Al\u00e9m dessas importantes parcerias, a NL Diagn\u00f3stica \u00e9 fabricante do sistema parasitol\u00f3gico Coproplus e Coproplus Ultra, alternativas inovadoras com a tradi\u00e7\u00e3o e a qualidade da empresa, onde a busca pela excel\u00eancia explica os investimentos em tecnologia de ponta.\" \/>\n<meta property=\"og:url\" content=\"https:\/\/www.nldiagnostica.com.br\/n\/empresa\/\" \/>\n<meta property=\"og:site_name\" content=\"NL Diagn\u00f3stica\" \/>\n<meta property=\"article:publisher\" content=\"https:\/\/www.facebook.com\/NLdiagnostica\/\" \/>\n<meta property=\"article:modified_time\" content=\"2023-01-09T17:35:31+00:00\" \/>\n<meta name=\"twitter:card\" content=\"summary_large_image\" \/>\n<meta name=\"twitter:label1\" content=\"Est. tempo de leitura\" \/>\n\t<meta name=\"twitter:data1\" content=\"3 minutos\" \/>\n<script type=\"application\/ld+json\" class=\"yoast-schema-graph\">{\"@context\":\"https:\/\/schema.org\",\"@graph\":[{\"@type\":\"WebSite\",\"@id\":\"https:\/\/www.nldiagnostica.com.br\/n\/#website\",\"url\":\"https:\/\/www.nldiagnostica.com.br\/n\/\",\"name\":\"NL Diagn\u00f3stica\",\"description\":\"IVD Trusted Solutions Science 1985\",\"potentialAction\":[{\"@type\":\"SearchAction\",\"target\":{\"@type\":\"EntryPoint\",\"urlTemplate\":\"https:\/\/www.nldiagnostica.com.br\/n\/?s={search_term_string}\"},\"query-input\":\"required name=search_term_string\"}],\"inLanguage\":\"pt-BR\"},{\"@type\":\"WebPage\",\"@id\":\"https:\/\/www.nldiagnostica.com.br\/n\/empresa\/#webpage\",\"url\":\"https:\/\/www.nldiagnostica.com.br\/n\/empresa\/\",\"name\":\"A Empresa - NL Diagn\u00f3stica\",\"isPartOf\":{\"@id\":\"https:\/\/www.nldiagnostica.com.br\/n\/#website\"},\"datePublished\":\"2016-02-22T13:53:46+00:00\",\"dateModified\":\"2023-01-09T17:35:31+00:00\",\"description\":\"Com mais de 30 ANOS DE ATUA\u00c7\u00c3O no segmento diagn\u00f3stico, a NL Diagn\u00f3stica, sediada em S\u00e3o Paulo capital, esteve sempre em sintonia com a evolu\u00e7\u00e3o. Traz em seu portf\u00f3lio marcas consagradas em todo o mundo, como Helena Laboratories, Helena Biosciences, Meridian Bioscience e Corgenix. Tratam-se de importantes equipamentos e reagentes para Eletroforese, Agrega\u00e7\u00e3o Plaquet\u00e1ria, Hemostasia, Microbiologia e Parasitologia. Al\u00e9m dessas importantes parcerias, a NL Diagn\u00f3stica \u00e9 fabricante do sistema parasitol\u00f3gico Coproplus e Coproplus Ultra, alternativas inovadoras com a tradi\u00e7\u00e3o e a qualidade da empresa, onde a busca pela excel\u00eancia explica os investimentos em tecnologia de ponta.\",\"breadcrumb\":{\"@id\":\"https:\/\/www.nldiagnostica.com.br\/n\/empresa\/#breadcrumb\"},\"inLanguage\":\"pt-BR\",\"potentialAction\":[{\"@type\":\"ReadAction\",\"target\":[\"https:\/\/www.nldiagnostica.com.br\/n\/empresa\/\"]}]},{\"@type\":\"BreadcrumbList\",\"@id\":\"https:\/\/www.nldiagnostica.com.br\/n\/empresa\/#breadcrumb\",\"itemListElement\":[{\"@type\":\"ListItem\",\"position\":1,\"name\":\"In\u00edcio\",\"item\":\"https:\/\/www.nldiagnostica.com.br\/n\/\"},{\"@type\":\"ListItem\",\"position\":2,\"name\":\"A Empresa\"}]}]}<\/script>\n<!-- \/ Yoast SEO plugin. -->","yoast_head_json":{"description":"Com mais de 30 ANOS DE ATUA\u00c7\u00c3O no segmento diagn\u00f3stico, a NL Diagn\u00f3stica, sediada em S\u00e3o Paulo capital, esteve sempre em sintonia com a evolu\u00e7\u00e3o. Traz em seu portf\u00f3lio marcas consagradas em todo o mundo, como Helena Laboratories, Helena Biosciences, Meridian Bioscience e Corgenix. Tratam-se de importantes equipamentos e reagentes para Eletroforese, Agrega\u00e7\u00e3o Plaquet\u00e1ria, Hemostasia, Microbiologia e Parasitologia. Al\u00e9m dessas importantes parcerias, a NL Diagn\u00f3stica \u00e9 fabricante do sistema parasitol\u00f3gico Coproplus e Coproplus Ultra, alternativas inovadoras com a tradi\u00e7\u00e3o e a qualidade da empresa, onde a busca pela excel\u00eancia explica os investimentos em tecnologia de ponta.","robots":{"index":"index","follow":"follow","max-snippet":"max-snippet:-1","max-image-preview":"max-image-preview:large","max-video-preview":"max-video-preview:-1"},"canonical":"https:\/\/www.nldiagnostica.com.br\/n\/empresa\/","og_locale":"pt_BR","og_type":"article","og_title":"A Empresa - NL Diagn\u00f3stica","og_description":"Com mais de 30 ANOS DE ATUA\u00c7\u00c3O no segmento diagn\u00f3stico, a NL Diagn\u00f3stica, sediada em S\u00e3o Paulo capital, esteve sempre em sintonia com a evolu\u00e7\u00e3o. Traz em seu portf\u00f3lio marcas consagradas em todo o mundo, como Helena Laboratories, Helena Biosciences, Meridian Bioscience e Corgenix. Tratam-se de importantes equipamentos e reagentes para Eletroforese, Agrega\u00e7\u00e3o Plaquet\u00e1ria, Hemostasia, Microbiologia e Parasitologia. Al\u00e9m dessas importantes parcerias, a NL Diagn\u00f3stica \u00e9 fabricante do sistema parasitol\u00f3gico Coproplus e Coproplus Ultra, alternativas inovadoras com a tradi\u00e7\u00e3o e a qualidade da empresa, onde a busca pela excel\u00eancia explica os investimentos em tecnologia de ponta.","og_url":"https:\/\/www.nldiagnostica.com.br\/n\/empresa\/","og_site_name":"NL Diagn\u00f3stica","article_publisher":"https:\/\/www.facebook.com\/NLdiagnostica\/","article_modified_time":"2023-01-09T17:35:31+00:00","twitter_card":"summary_large_image","twitter_misc":{"Est. tempo de leitura":"3 minutos"},"schema":{"@context":"https:\/\/schema.org","@graph":[{"@type":"WebSite","@id":"https:\/\/www.nldiagnostica.com.br\/n\/#website","url":"https:\/\/www.nldiagnostica.com.br\/n\/","name":"NL Diagn\u00f3stica","description":"IVD Trusted Solutions Science 1985","potentialAction":[{"@type":"SearchAction","target":{"@type":"EntryPoint","urlTemplate":"https:\/\/www.nldiagnostica.com.br\/n\/?s={search_term_string}"},"query-input":"required name=search_term_string"}],"inLanguage":"pt-BR"},{"@type":"WebPage","@id":"https:\/\/www.nldiagnostica.com.br\/n\/empresa\/#webpage","url":"https:\/\/www.nldiagnostica.com.br\/n\/empresa\/","name":"A Empresa - NL Diagn\u00f3stica","isPartOf":{"@id":"https:\/\/www.nldiagnostica.com.br\/n\/#website"},"datePublished":"2016-02-22T13:53:46+00:00","dateModified":"2023-01-09T17:35:31+00:00","description":"Com mais de 30 ANOS DE ATUA\u00c7\u00c3O no segmento diagn\u00f3stico, a NL Diagn\u00f3stica, sediada em S\u00e3o Paulo capital, esteve sempre em sintonia com a evolu\u00e7\u00e3o. Traz em seu portf\u00f3lio marcas consagradas em todo o mundo, como Helena Laboratories, Helena Biosciences, Meridian Bioscience e Corgenix. Tratam-se de importantes equipamentos e reagentes para Eletroforese, Agrega\u00e7\u00e3o Plaquet\u00e1ria, Hemostasia, Microbiologia e Parasitologia. Al\u00e9m dessas importantes parcerias, a NL Diagn\u00f3stica \u00e9 fabricante do sistema parasitol\u00f3gico Coproplus e Coproplus Ultra, alternativas inovadoras com a tradi\u00e7\u00e3o e a qualidade da empresa, onde a busca pela excel\u00eancia explica os investimentos em tecnologia de ponta.","breadcrumb":{"@id":"https:\/\/www.nldiagnostica.com.br\/n\/empresa\/#breadcrumb"},"inLanguage":"pt-BR","potentialAction":[{"@type":"ReadAction","target":["https:\/\/www.nldiagnostica.com.br\/n\/empresa\/"]}]},{"@type":"BreadcrumbList","@id":"https:\/\/www.nldiagnostica.com.br\/n\/empresa\/#breadcrumb","itemListElement":[{"@type":"ListItem","position":1,"name":"In\u00edcio","item":"https:\/\/www.nldiagnostica.com.br\/n\/"},{"@type":"ListItem","position":2,"name":"A Empresa"}]}]}},"_links":{"self":[{"href":"https:\/\/www.nldiagnostica.com.br\/n\/wp-json\/wp\/v2\/pages\/108"}],"collection":[{"href":"https:\/\/www.nldiagnostica.com.br\/n\/wp-json\/wp\/v2\/pages"}],"about":[{"href":"https:\/\/www.nldiagnostica.com.br\/n\/wp-json\/wp\/v2\/types\/page"}],"author":[{"embeddable":true,"href":"https:\/\/www.nldiagnostica.com.br\/n\/wp-json\/wp\/v2\/users\/1"}],"replies":[{"embeddable":true,"href":"https:\/\/www.nldiagnostica.com.br\/n\/wp-json\/wp\/v2\/comments?post=108"}],"version-history":[{"count":39,"href":"https:\/\/www.nldiagnostica.com.br\/n\/wp-json\/wp\/v2\/pages\/108\/revisions"}],"predecessor-version":[{"id":2194,"href":"https:\/\/www.nldiagnostica.com.br\/n\/wp-json\/wp\/v2\/pages\/108\/revisions\/2194"}],"wp:attachment":[{"href":"https:\/\/www.nldiagnostica.com.br\/n\/wp-json\/wp\/v2\/media?parent=108"}],"curies":[{"name":"wp","href":"https:\/\/api.w.org\/{rel}","templated":true}]}}